{"id":82218,"date":"2021-01-13T11:06:19","date_gmt":"2021-01-13T11:06:19","guid":{"rendered":"https:\/\/futllermo.com\/tienda\/producto\/puma-figc-stadium-third-jersey-camiseta-hombre\/"},"modified":"2022-01-13T09:57:23","modified_gmt":"2022-01-13T09:57:23","slug":"puma-figc-stadium-third-jersey-camiseta-hombre","status":"publish","type":"product","link":"https:\/\/futllermo.com\/tienda\/producto\/puma-figc-stadium-third-jersey-camiseta-hombre\/","title":{"rendered":"PUMA FIGC Stadium Third Jersey Camiseta Hombre"},"content":{"rendered":"<p><!-- show up to 2 reviews by default --> <\/p>\n<p>Ideal para darle unos toques a la pelota con los amigos, esta es la camiseta que se ponen los \u201cazurri\u201d antes de un partido. Con el escudo de la FIGC de Italia, el logotipo del felino de PUMA y un gr\u00e1fico inspirado en la cultura futbol\u00edstica italiana, estar\u00e1s a la altura de los mejores. Y como lleva la tecnolog\u00eda dryCELL, que absorbe la humedad, te sentir\u00e1s igual de c\u00f3modo que ellos. <\/p>\n<p>dryCELL: tecnolog\u00eda de PUMA con propiedades que alejan la humedad de la piel y te ayudan a mantenerte seco y c\u00f3modo<br \/>\nCorte recto<br \/>\n100% Poli\u00e9ster, 100% Poli\u00e9ster<br \/>\nManga corta<br \/>\nFigc Stadium Third Jersey<br \/>\nCuello redondo<br \/>\nManga corta<br \/>\nEscudo de la FIGC de Italia en la parte izquierda del pecho<br \/>\n<\/p>\n","protected":false},"excerpt":{"rendered":"<p>dryCELL: tecnolog\u00eda de PUMA con propiedades que alejan la humedad de la piel y te ayudan a mantenerte seco y c\u00f3modo<br \/>\nCorte recto<br \/>\n100% Poli\u00e9ster, 100% Poli\u00e9ster<\/p>\n","protected":false},"featured_media":82219,"comment_status":"open","ping_status":"closed","template":"","meta":{"_kadence_starter_templates_imported_post":false,"_kad_post_transparent":"","_kad_post_title":"","_kad_post_layout":"","_kad_post_sidebar_id":"","_kad_post_content_style":"","_kad_post_vertical_padding":"","_kad_post_feature":"","_kad_post_feature_position":"","_kad_post_header":false,"_kad_post_footer":false},"product_brand":[],"product_cat":[450,451],"product_tag":[],"class_list":{"0":"post-82218","1":"product","2":"type-product","3":"status-publish","4":"has-post-thumbnail","6":"product_cat-futbol","7":"product_cat-camisetas","8":"pa_brand-visita-la-store-de-puma","10":"first","11":"instock","12":"shipping-taxable","13":"purchasable","14":"product-type-simple","15":"entry","16":"content-bg","17":"loop-entry"},"_links":{"self":[{"href":"https:\/\/futllermo.com\/tienda\/wp-json\/wp\/v2\/product\/82218","targetHints":{"allow":["GET"]}}],"collection":[{"href":"https:\/\/futllermo.com\/tienda\/wp-json\/wp\/v2\/product"}],"about":[{"href":"https:\/\/futllermo.com\/tienda\/wp-json\/wp\/v2\/types\/product"}],"replies":[{"embeddable":true,"href":"https:\/\/futllermo.com\/tienda\/wp-json\/wp\/v2\/comments?post=82218"}],"wp:featuredmedia":[{"embeddable":true,"href":"https:\/\/futllermo.com\/tienda\/wp-json\/wp\/v2\/media\/82219"}],"wp:attachment":[{"href":"https:\/\/futllermo.com\/tienda\/wp-json\/wp\/v2\/media?parent=82218"}],"wp:term":[{"taxonomy":"product_brand","embeddable":true,"href":"https:\/\/futllermo.com\/tienda\/wp-json\/wp\/v2\/product_brand?post=82218"},{"taxonomy":"product_cat","embeddable":true,"href":"https:\/\/futllermo.com\/tienda\/wp-json\/wp\/v2\/product_cat?post=82218"},{"taxonomy":"product_tag","embeddable":true,"href":"https:\/\/futllermo.com\/tienda\/wp-json\/wp\/v2\/product_tag?post=82218"}],"curies":[{"name":"wp","href":"https:\/\/api.w.org\/{rel}","templated":true}]}}