{"id":82199,"date":"2021-01-13T11:05:51","date_gmt":"2021-01-13T11:05:51","guid":{"rendered":"https:\/\/futllermo.com\/tienda\/producto\/macron-udi-m20-primera-camiseta-oficial-de-la-udinese-de-futbol-2020-21-para-nino\/"},"modified":"2022-01-13T09:57:22","modified_gmt":"2022-01-13T09:57:22","slug":"macron-udi-m20-primera-camiseta-oficial-de-la-udinese-de-futbol-2020-21-para-nino","status":"publish","type":"product","link":"https:\/\/futllermo.com\/tienda\/producto\/macron-udi-m20-primera-camiseta-oficial-de-la-udinese-de-futbol-2020-21-para-nino\/","title":{"rendered":"Macron UDI M20 &#8211; Primera camiseta oficial de la Udinese de f\u00fatbol 2020\/21 para ni\u00f1o"},"content":{"rendered":"<p><!-- show up to 2 reviews by default --> <\/p>\n<p>La camiseta de carreras para ni\u00f1os de Udinese 2020\/21 contin\u00faa el fil\u00f3n vintage comenzado con la temporada 2019\/20 y propone un modelo compuesto por una tira blanca diagonal alternada con 2 bloques de color negro, un dise\u00f1o muy limpio que da una idea de amplio movimiento. El a\u00f1o 1896 en impresi\u00f3n sublimada tono sobre tono en la manga derecha recuerda el comienzo del viaje del club friulano al mundo del bal\u00f3n. <\/p>\n<p>Macron es l\u00edder europeo en la producci\u00f3n y venta de Active Sportswear y es patrocinador t\u00e9cnico oficial de importantes clubes<br \/>\nAutenticidad garantizada por el logotipo \u00abMacron official team equipment\u00bb<br \/>\nProducto oficial de la temporada 2020\/21.<br \/>\n<\/p>\n","protected":false},"excerpt":{"rendered":"<p>Macron es l\u00edder europeo en la producci\u00f3n y venta de Active Sportswear y es patrocinador t\u00e9cnico oficial de importantes clubes<br \/>\nAutenticidad garantizada por el logotipo \u00abMacron official team equipment\u00bb<br \/>\nProducto oficial de la temporada 2020\/21.<\/p>\n","protected":false},"featured_media":82202,"comment_status":"open","ping_status":"closed","template":"","meta":{"_kadence_starter_templates_imported_post":false,"_kad_post_transparent":"","_kad_post_title":"","_kad_post_layout":"","_kad_post_sidebar_id":"","_kad_post_content_style":"","_kad_post_vertical_padding":"","_kad_post_feature":"","_kad_post_feature_position":"","_kad_post_header":false,"_kad_post_footer":false},"product_brand":[],"product_cat":[450,451],"product_tag":[],"class_list":{"0":"post-82199","1":"product","2":"type-product","3":"status-publish","4":"has-post-thumbnail","6":"product_cat-futbol","7":"product_cat-camisetas","8":"pa_brand-marca-macron","10":"first","11":"instock","12":"shipping-taxable","13":"purchasable","14":"product-type-simple","15":"entry","16":"content-bg","17":"loop-entry"},"_links":{"self":[{"href":"https:\/\/futllermo.com\/tienda\/wp-json\/wp\/v2\/product\/82199","targetHints":{"allow":["GET"]}}],"collection":[{"href":"https:\/\/futllermo.com\/tienda\/wp-json\/wp\/v2\/product"}],"about":[{"href":"https:\/\/futllermo.com\/tienda\/wp-json\/wp\/v2\/types\/product"}],"replies":[{"embeddable":true,"href":"https:\/\/futllermo.com\/tienda\/wp-json\/wp\/v2\/comments?post=82199"}],"wp:featuredmedia":[{"embeddable":true,"href":"https:\/\/futllermo.com\/tienda\/wp-json\/wp\/v2\/media\/82202"}],"wp:attachment":[{"href":"https:\/\/futllermo.com\/tienda\/wp-json\/wp\/v2\/media?parent=82199"}],"wp:term":[{"taxonomy":"product_brand","embeddable":true,"href":"https:\/\/futllermo.com\/tienda\/wp-json\/wp\/v2\/product_brand?post=82199"},{"taxonomy":"product_cat","embeddable":true,"href":"https:\/\/futllermo.com\/tienda\/wp-json\/wp\/v2\/product_cat?post=82199"},{"taxonomy":"product_tag","embeddable":true,"href":"https:\/\/futllermo.com\/tienda\/wp-json\/wp\/v2\/product_tag?post=82199"}],"curies":[{"name":"wp","href":"https:\/\/api.w.org\/{rel}","templated":true}]}}