{"id":82197,"date":"2021-01-13T11:05:48","date_gmt":"2021-01-13T11:05:48","guid":{"rendered":"https:\/\/futllermo.com\/tienda\/producto\/nike-hbsc-y-nk-brt-stad-jsy-ss-aw-camiseta-futbol-unisex-ninos\/"},"modified":"2022-01-13T12:04:35","modified_gmt":"2022-01-13T12:04:35","slug":"nike-hbsc-y-nk-brt-stad-jsy-ss-aw-camiseta-futbol-unisex-ninos","status":"publish","type":"product","link":"https:\/\/futllermo.com\/tienda\/producto\/nike-hbsc-y-nk-brt-stad-jsy-ss-aw-camiseta-futbol-unisex-ninos\/","title":{"rendered":"NIKE Hbsc Y Nk BRT Stad JSY SS AW Camiseta F\u00fatbol Unisex ni\u00f1os"},"content":{"rendered":"<p><!-- show up to 2 reviews by default --> <\/p>\n<p>Camiseta de uniforme de local que acompa\u00f1ar\u00e1 a los jugadores durante la temporada. Hecho con la tecnolog\u00eda Dri-FIT que mantiene la piel fr\u00eda y seca durante toda la ejecuci\u00f3n, manteniendo el sudor lejos de la piel y manteniendo una ventilaci\u00f3n perfecta. Corte regular fit que garantiza una comodidad excepcional y un ajuste perfecto, as\u00ed como una libertad de movimiento total. Logotipo de Nike y escudo del equipo. Producto oficial de Nike. <\/p>\n<p>Football T-Shirt<br \/>\nNike Breathe fabric<br \/>\n100% Poli\u00e9ster (reciclado), 100% Poli\u00e9ster (reciclado)<br \/>\nHbsc Y NK BRT Stad Jsy SS Aw<br \/>\nOriginal Hertha BSC details<br \/>\n<\/p>\n","protected":false},"excerpt":{"rendered":"<p>Football T-Shirt<br \/>\nNike Breathe fabric<br \/>\n100% Poli\u00e9ster (reciclado), 100% Poli\u00e9ster (reciclado)<\/p>\n","protected":false},"featured_media":82198,"comment_status":"open","ping_status":"closed","template":"","meta":{"_kadence_starter_templates_imported_post":false,"_kad_post_transparent":"","_kad_post_title":"","_kad_post_layout":"","_kad_post_sidebar_id":"","_kad_post_content_style":"","_kad_post_vertical_padding":"","_kad_post_feature":"","_kad_post_feature_position":"","_kad_post_header":false,"_kad_post_footer":false},"product_brand":[],"product_cat":[450,451],"product_tag":[],"class_list":{"0":"post-82197","1":"product","2":"type-product","3":"status-publish","4":"has-post-thumbnail","6":"product_cat-futbol","7":"product_cat-camisetas","8":"pa_brand-visita-la-store-de-nike","10":"first","11":"instock","12":"shipping-taxable","13":"purchasable","14":"product-type-simple","15":"entry","16":"content-bg","17":"loop-entry"},"_links":{"self":[{"href":"https:\/\/futllermo.com\/tienda\/wp-json\/wp\/v2\/product\/82197","targetHints":{"allow":["GET"]}}],"collection":[{"href":"https:\/\/futllermo.com\/tienda\/wp-json\/wp\/v2\/product"}],"about":[{"href":"https:\/\/futllermo.com\/tienda\/wp-json\/wp\/v2\/types\/product"}],"replies":[{"embeddable":true,"href":"https:\/\/futllermo.com\/tienda\/wp-json\/wp\/v2\/comments?post=82197"}],"wp:featuredmedia":[{"embeddable":true,"href":"https:\/\/futllermo.com\/tienda\/wp-json\/wp\/v2\/media\/82198"}],"wp:attachment":[{"href":"https:\/\/futllermo.com\/tienda\/wp-json\/wp\/v2\/media?parent=82197"}],"wp:term":[{"taxonomy":"product_brand","embeddable":true,"href":"https:\/\/futllermo.com\/tienda\/wp-json\/wp\/v2\/product_brand?post=82197"},{"taxonomy":"product_cat","embeddable":true,"href":"https:\/\/futllermo.com\/tienda\/wp-json\/wp\/v2\/product_cat?post=82197"},{"taxonomy":"product_tag","embeddable":true,"href":"https:\/\/futllermo.com\/tienda\/wp-json\/wp\/v2\/product_tag?post=82197"}],"curies":[{"name":"wp","href":"https:\/\/api.w.org\/{rel}","templated":true}]}}