{"id":82187,"date":"2021-01-13T11:05:35","date_gmt":"2021-01-13T11:05:35","guid":{"rendered":"https:\/\/futllermo.com\/tienda\/producto\/nike-atm-m-nk-brt-stad-jsy-ss-hm-t-shirt-hombre\/"},"modified":"2022-01-13T09:57:22","modified_gmt":"2022-01-13T09:57:22","slug":"nike-atm-m-nk-brt-stad-jsy-ss-hm-t-shirt-hombre","status":"publish","type":"product","link":"https:\/\/futllermo.com\/tienda\/producto\/nike-atm-m-nk-brt-stad-jsy-ss-hm-t-shirt-hombre\/","title":{"rendered":"NIKE ATM M Nk BRT Stad JSY SS Hm T-Shirt Hombre"},"content":{"rendered":"<p><!-- show up to 2 reviews by default --> <\/p>\n<p>La camiseta de f\u00fatbol con materiales de alto rendimiento y tejido altamente transpirable que mantiene la piel fresca y seca. Las costuras del escote se reducen al m\u00ednimo para un ajuste c\u00f3modo Mangas ragl\u00e1n para una libertad de movimiento natural. <\/p>\n<p>Soccer T-shirt<br \/>\nBreathable fabric<br \/>\n100% Poli\u00e9ster, 100% Poli\u00e9ster<br \/>\nMangas ragl\u00e1n<br \/>\nATM M NK BRT Stad Jsy SS Hm<br \/>\nRaglan sleeves<br \/>\nTipo de f\u00e1brica: 100% Polyester<br \/>\n<\/p>\n","protected":false},"excerpt":{"rendered":"<p>Soccer T-shirt<br \/>\nBreathable fabric<br \/>\n100% Poli\u00e9ster, 100% Poli\u00e9ster<\/p>\n","protected":false},"featured_media":82188,"comment_status":"open","ping_status":"closed","template":"","meta":{"_kadence_starter_templates_imported_post":false,"_kad_post_transparent":"","_kad_post_title":"","_kad_post_layout":"","_kad_post_sidebar_id":"","_kad_post_content_style":"","_kad_post_vertical_padding":"","_kad_post_feature":"","_kad_post_feature_position":"","_kad_post_header":false,"_kad_post_footer":false},"product_brand":[],"product_cat":[450,451],"product_tag":[],"class_list":{"0":"post-82187","1":"product","2":"type-product","3":"status-publish","4":"has-post-thumbnail","6":"product_cat-futbol","7":"product_cat-camisetas","8":"pa_brand-visita-la-store-de-nike","10":"first","11":"instock","12":"shipping-taxable","13":"purchasable","14":"product-type-simple","15":"entry","16":"content-bg","17":"loop-entry"},"_links":{"self":[{"href":"https:\/\/futllermo.com\/tienda\/wp-json\/wp\/v2\/product\/82187","targetHints":{"allow":["GET"]}}],"collection":[{"href":"https:\/\/futllermo.com\/tienda\/wp-json\/wp\/v2\/product"}],"about":[{"href":"https:\/\/futllermo.com\/tienda\/wp-json\/wp\/v2\/types\/product"}],"replies":[{"embeddable":true,"href":"https:\/\/futllermo.com\/tienda\/wp-json\/wp\/v2\/comments?post=82187"}],"wp:featuredmedia":[{"embeddable":true,"href":"https:\/\/futllermo.com\/tienda\/wp-json\/wp\/v2\/media\/82188"}],"wp:attachment":[{"href":"https:\/\/futllermo.com\/tienda\/wp-json\/wp\/v2\/media?parent=82187"}],"wp:term":[{"taxonomy":"product_brand","embeddable":true,"href":"https:\/\/futllermo.com\/tienda\/wp-json\/wp\/v2\/product_brand?post=82187"},{"taxonomy":"product_cat","embeddable":true,"href":"https:\/\/futllermo.com\/tienda\/wp-json\/wp\/v2\/product_cat?post=82187"},{"taxonomy":"product_tag","embeddable":true,"href":"https:\/\/futllermo.com\/tienda\/wp-json\/wp\/v2\/product_tag?post=82187"}],"curies":[{"name":"wp","href":"https:\/\/api.w.org\/{rel}","templated":true}]}}