{"id":82173,"date":"2021-01-13T11:03:16","date_gmt":"2021-01-13T11:03:16","guid":{"rendered":"https:\/\/futllermo.com\/tienda\/producto\/adidas-kaiser-5-cup-botas-hombre\/"},"modified":"2022-01-13T09:57:22","modified_gmt":"2022-01-13T09:57:22","slug":"adidas-kaiser-5-cup-botas-hombre","status":"publish","type":"product","link":"https:\/\/futllermo.com\/tienda\/producto\/adidas-kaiser-5-cup-botas-hombre\/","title":{"rendered":"adidas Kaiser 5 Cup, Botas de f\u00fatbol Hombre"},"content":{"rendered":"<p><!-- show up to 2 reviews by default --> <\/p>\n<p>Las hermanas menores de las Mundial Team, estas botas de f\u00fatbol Adidas Kaiser 5 Cup para hombre cuentan con una suela de goma especialmente dise\u00f1ada para superficies duras y de c\u00e9sped sint\u00e9tico. Hecho de suave piel de grano completo, estos zapatos est\u00e1n equipados con una plantilla interior y una entresuela de EVA para garantizar ligereza, amortiguaci\u00f3n y apoyo. <\/p>\n<p>Material exterior: Cuero<br \/>\nRevestimiento: Sint\u00e9tico<br \/>\nMaterial de la suela: Goma<br \/>\nCierre: Cordones<br \/>\n<\/p>\n","protected":false},"excerpt":{"rendered":"<p>Material exterior: Cuero<br \/>\nRevestimiento: Sint\u00e9tico<br \/>\nMaterial de la suela: Goma<\/p>\n","protected":false},"featured_media":82175,"comment_status":"open","ping_status":"closed","template":"","meta":{"_kadence_starter_templates_imported_post":false,"_kad_post_transparent":"","_kad_post_title":"","_kad_post_layout":"","_kad_post_sidebar_id":"","_kad_post_content_style":"","_kad_post_vertical_padding":"","_kad_post_feature":"","_kad_post_feature_position":"","_kad_post_header":false,"_kad_post_footer":false},"product_brand":[],"product_cat":[450],"product_tag":[],"class_list":{"0":"post-82173","1":"product","2":"type-product","3":"status-publish","4":"has-post-thumbnail","6":"product_cat-futbol","7":"pa_brand-visita-la-store-de-adidas","9":"first","10":"instock","11":"shipping-taxable","12":"purchasable","13":"product-type-simple","14":"entry","15":"content-bg","16":"loop-entry"},"_links":{"self":[{"href":"https:\/\/futllermo.com\/tienda\/wp-json\/wp\/v2\/product\/82173","targetHints":{"allow":["GET"]}}],"collection":[{"href":"https:\/\/futllermo.com\/tienda\/wp-json\/wp\/v2\/product"}],"about":[{"href":"https:\/\/futllermo.com\/tienda\/wp-json\/wp\/v2\/types\/product"}],"replies":[{"embeddable":true,"href":"https:\/\/futllermo.com\/tienda\/wp-json\/wp\/v2\/comments?post=82173"}],"wp:featuredmedia":[{"embeddable":true,"href":"https:\/\/futllermo.com\/tienda\/wp-json\/wp\/v2\/media\/82175"}],"wp:attachment":[{"href":"https:\/\/futllermo.com\/tienda\/wp-json\/wp\/v2\/media?parent=82173"}],"wp:term":[{"taxonomy":"product_brand","embeddable":true,"href":"https:\/\/futllermo.com\/tienda\/wp-json\/wp\/v2\/product_brand?post=82173"},{"taxonomy":"product_cat","embeddable":true,"href":"https:\/\/futllermo.com\/tienda\/wp-json\/wp\/v2\/product_cat?post=82173"},{"taxonomy":"product_tag","embeddable":true,"href":"https:\/\/futllermo.com\/tienda\/wp-json\/wp\/v2\/product_tag?post=82173"}],"curies":[{"name":"wp","href":"https:\/\/api.w.org\/{rel}","templated":true}]}}