{"id":82132,"date":"2021-01-13T11:02:28","date_gmt":"2021-01-13T11:02:28","guid":{"rendered":"https:\/\/futllermo.com\/tienda\/producto\/botas-de-futbol-con-tacos-aptas-para-cesped-artificial-gola-activo5-para-ninos-y-ninas\/"},"modified":"2022-01-13T12:00:45","modified_gmt":"2022-01-13T12:00:45","slug":"botas-de-futbol-con-tacos-aptas-para-cesped-artificial-gola-activo5-para-ninos-y-ninas","status":"publish","type":"product","link":"https:\/\/futllermo.com\/tienda\/producto\/botas-de-futbol-con-tacos-aptas-para-cesped-artificial-gola-activo5-para-ninos-y-ninas\/","title":{"rendered":"Botas de f\u00fatbol con tacos, aptas para c\u00e9sped artificial, Gola Activo5 para ni\u00f1os y ni\u00f1as"},"content":{"rendered":"<p><!-- show up to 2 reviews by default --> <\/p>\n<p>La colecci\u00f3n Gola Ativo5 ha sido dise\u00f1ada y creada para f\u00fatbol en c\u00e9sped artificial, f\u00fatbol sala y f\u00fatbol en c\u00e9sped natural; inspirando a jugadores de todas las edades a perfeccionar sus habilidades y t\u00e9cnica. La colecci\u00f3n Gola Ativo5 se adapta a los entusiastas del f\u00fatbol de todas las edades con una gama de dise\u00f1os inspiradores cuidadosamente elaborados para su uso en superficies de c\u00e9sped artificial o interiores. <\/p>\n<p>Las botas deportivas Gola Activo5 han sido dise\u00f1adas espec\u00edficamente para el entrenamiento de f\u00fatbol en c\u00e9sped artificial 3G y 4G, y en c\u00e9sped natural. Tienen una suela en forma de cuchilla, un empeine sint\u00e9tico duradero, un cierre de velcro y cordones. Combinaci\u00f3n perfecta: Dise\u00f1os inspiradores cuidadosamente elaborados para su uso en c\u00e9sped artificial, c\u00e9sped natural o superficies interiores. <\/p>\n<p>Marca: Gola Activo5. <br \/>Estilos y colores: <br \/>AKA413\/Shoot Blade: Verde\/Lima. <br \/>AKA662\/Rapid Blade: Negro\/Naranja, Azul\/Lima, Azul Marino\/Lima, Lima\/Negro. <br \/>AKA688\/Axis Blade &#8211; Negro\/Lima. <br \/>AKA690\/Ion Blade &#8211; Blanco\/Lima. <\/p>\n<p>Tallas: 26, 27, 28, 29, 31, 32 y 33. <br \/>Rango de tallas: Para ni\u00f1os. <\/p>\n<p>Material exterior: Sint\u00e9tico<br \/>\nRevestimiento: Tela<br \/>\nMaterial de la suela: Sint\u00e9tico<br \/>\nCierre: Cordones<br \/>\nTipo de tac\u00f3n: Plano<br \/>\nComposici\u00f3n: sint\u00e9tico<br \/>\nAnchura del zapato: Normal<br \/>\n<\/p>\n","protected":false},"excerpt":{"rendered":"<p>Material exterior: Sint\u00e9tico<br \/>\nRevestimiento: Tela<br \/>\nMaterial de la suela: Sint\u00e9tico<\/p>\n","protected":false},"featured_media":82136,"comment_status":"open","ping_status":"closed","template":"","meta":{"_kadence_starter_templates_imported_post":false,"_kad_post_transparent":"","_kad_post_title":"","_kad_post_layout":"","_kad_post_sidebar_id":"","_kad_post_content_style":"","_kad_post_vertical_padding":"","_kad_post_feature":"","_kad_post_feature_position":"","_kad_post_header":false,"_kad_post_footer":false},"product_brand":[],"product_cat":[450,697],"product_tag":[],"class_list":{"0":"post-82132","1":"product","2":"type-product","3":"status-publish","4":"has-post-thumbnail","6":"product_cat-futbol","7":"product_cat-botas-de-futbol","8":"pa_brand-marca-footwear-studio","10":"first","11":"instock","12":"shipping-taxable","13":"purchasable","14":"product-type-simple","15":"entry","16":"content-bg","17":"loop-entry"},"_links":{"self":[{"href":"https:\/\/futllermo.com\/tienda\/wp-json\/wp\/v2\/product\/82132","targetHints":{"allow":["GET"]}}],"collection":[{"href":"https:\/\/futllermo.com\/tienda\/wp-json\/wp\/v2\/product"}],"about":[{"href":"https:\/\/futllermo.com\/tienda\/wp-json\/wp\/v2\/types\/product"}],"replies":[{"embeddable":true,"href":"https:\/\/futllermo.com\/tienda\/wp-json\/wp\/v2\/comments?post=82132"}],"wp:featuredmedia":[{"embeddable":true,"href":"https:\/\/futllermo.com\/tienda\/wp-json\/wp\/v2\/media\/82136"}],"wp:attachment":[{"href":"https:\/\/futllermo.com\/tienda\/wp-json\/wp\/v2\/media?parent=82132"}],"wp:term":[{"taxonomy":"product_brand","embeddable":true,"href":"https:\/\/futllermo.com\/tienda\/wp-json\/wp\/v2\/product_brand?post=82132"},{"taxonomy":"product_cat","embeddable":true,"href":"https:\/\/futllermo.com\/tienda\/wp-json\/wp\/v2\/product_cat?post=82132"},{"taxonomy":"product_tag","embeddable":true,"href":"https:\/\/futllermo.com\/tienda\/wp-json\/wp\/v2\/product_tag?post=82132"}],"curies":[{"name":"wp","href":"https:\/\/api.w.org\/{rel}","templated":true}]}}