{"id":82131,"date":"2021-01-13T11:02:27","date_gmt":"2021-01-13T11:02:27","guid":{"rendered":"https:\/\/futllermo.com\/tienda\/producto\/adidas-ace-17-4-fxg-j-botas-de-futbol-unisex-ninos\/"},"modified":"2022-01-13T09:57:21","modified_gmt":"2022-01-13T09:57:21","slug":"adidas-ace-17-4-fxg-j-botas-de-futbol-unisex-ninos","status":"publish","type":"product","link":"https:\/\/futllermo.com\/tienda\/producto\/adidas-ace-17-4-fxg-j-botas-de-futbol-unisex-ninos\/","title":{"rendered":"adidas Ace 17.4 FxG J, Botas de f\u00fatbol Ni\u00f1os"},"content":{"rendered":"<p><!-- show up to 2 reviews by default --> <\/p>\n<p>Tus jugadas ser\u00e1n temidas y totalmente impredecibles. Con las zapatillas Ace 17.4 tienes en cualquier momento el control absoluto del juego, del bal\u00f3n y de tus contrincantes. Demuestra lo que llevas dentro.<\/p>\n<p> El material superior suave garantiza una gran sensaci\u00f3n del bal\u00f3n y un ajuste c\u00f3modo. El ajuste de corte ancho tambi\u00e9n garantiza una gran comodidad y ayuda a tener un gran rendimiento en el terreno de juego. La nueva suela exterior funcional FxG est\u00e1 dise\u00f1ada para disfrutar de un perfecto control del bal\u00f3n en c\u00e9sped natural, c\u00e9sped artificial y superficies duras. <\/p>\n<p>Material exterior: Cuero sint\u00e9tico<br \/>\nRevestimiento: Tela<br \/>\nMaterial de la suela: Sint\u00e9tico<br \/>\nCierre: Cordones<br \/>\nTipo de tac\u00f3n: Plano<br \/>\nComposici\u00f3n: sint\u00e9tico<br \/>\nAnchura del zapato: normal<br \/>\n<\/p>\n","protected":false},"excerpt":{"rendered":"<p>Material exterior: Cuero sint\u00e9tico<br \/>\nRevestimiento: Tela<br \/>\nMaterial de la suela: Sint\u00e9tico<\/p>\n","protected":false},"featured_media":82133,"comment_status":"open","ping_status":"closed","template":"","meta":{"_kadence_starter_templates_imported_post":false,"_kad_post_transparent":"","_kad_post_title":"","_kad_post_layout":"","_kad_post_sidebar_id":"","_kad_post_content_style":"","_kad_post_vertical_padding":"","_kad_post_feature":"","_kad_post_feature_position":"","_kad_post_header":false,"_kad_post_footer":false},"product_brand":[],"product_cat":[450],"product_tag":[],"class_list":{"0":"post-82131","1":"product","2":"type-product","3":"status-publish","4":"has-post-thumbnail","6":"product_cat-futbol","7":"pa_brand-visita-la-store-de-adidas","9":"first","10":"instock","11":"shipping-taxable","12":"purchasable","13":"product-type-simple","14":"entry","15":"content-bg","16":"loop-entry"},"_links":{"self":[{"href":"https:\/\/futllermo.com\/tienda\/wp-json\/wp\/v2\/product\/82131","targetHints":{"allow":["GET"]}}],"collection":[{"href":"https:\/\/futllermo.com\/tienda\/wp-json\/wp\/v2\/product"}],"about":[{"href":"https:\/\/futllermo.com\/tienda\/wp-json\/wp\/v2\/types\/product"}],"replies":[{"embeddable":true,"href":"https:\/\/futllermo.com\/tienda\/wp-json\/wp\/v2\/comments?post=82131"}],"wp:featuredmedia":[{"embeddable":true,"href":"https:\/\/futllermo.com\/tienda\/wp-json\/wp\/v2\/media\/82133"}],"wp:attachment":[{"href":"https:\/\/futllermo.com\/tienda\/wp-json\/wp\/v2\/media?parent=82131"}],"wp:term":[{"taxonomy":"product_brand","embeddable":true,"href":"https:\/\/futllermo.com\/tienda\/wp-json\/wp\/v2\/product_brand?post=82131"},{"taxonomy":"product_cat","embeddable":true,"href":"https:\/\/futllermo.com\/tienda\/wp-json\/wp\/v2\/product_cat?post=82131"},{"taxonomy":"product_tag","embeddable":true,"href":"https:\/\/futllermo.com\/tienda\/wp-json\/wp\/v2\/product_tag?post=82131"}],"curies":[{"name":"wp","href":"https:\/\/api.w.org\/{rel}","templated":true}]}}