{"id":82107,"date":"2021-01-13T11:01:44","date_gmt":"2021-01-13T11:01:44","guid":{"rendered":"https:\/\/futllermo.com\/tienda\/producto\/puma-future-4-3-netfit-fg-ag-botas-de-futbol-hombre\/"},"modified":"2022-01-13T09:57:21","modified_gmt":"2022-01-13T09:57:21","slug":"puma-future-4-3-netfit-fg-ag-botas-de-futbol-hombre","status":"publish","type":"product","link":"https:\/\/futllermo.com\/tienda\/producto\/puma-future-4-3-netfit-fg-ag-botas-de-futbol-hombre\/","title":{"rendered":"PUMA Future 4.3 Netfit FG\/AG, Botas de f\u00fatbol Hombre"},"content":{"rendered":"<p><!-- show up to 2 reviews by default --> <\/p>\n<p><b>Botas para jugar al f\u00fatbol KING Top FG de Puma<\/b><\/p>\n<p>Estas sofisticadas y modernas botas de f\u00fatbol permiten alcanzar el m\u00e1ximo rendimiento en cada partido.<\/p>\n<ul>\n<li>La bota de f\u00fatbol de Puma es todo un cl\u00e1sico en los estadios. Las botas de f\u00fatbol tienen un dise\u00f1o en forma de bot\u00edn y un cierre con cordones para un mejor ajuste al pie.<\/li>\n<li>Esta zapatilla de jugar al f\u00fatbol es adecuado para c\u00e9sped natural o c\u00e9sped artificial. Estas botas de f\u00fatbol son adecuados para todo tipo de deportes que se juegan en la hierba: rugby, f\u00fatbol americano, cricket&#8230;<\/li>\n<li>Estos botines para f\u00fatbol est\u00e1 hecha de materiales innovadores para un control absoluto de la pelota. Gracias a la solapa de las botas multitacos, el bot\u00edn para f\u00fatbol es elegante y moderna.<\/li>\n<li>Juega al f\u00fatbol con las ligeras botas de Puma. Su mezcla de materiales innovadores proporcionan un agarre excelente que permite gozar de agilidad y estabilidad mientras se juega.<\/li>\n<li>La suela de estos originales botines de f\u00fatbol proporciona una sujecci\u00f3n \u00f3ptima y la amortiguaci\u00f3n que se necesita para jugar en c\u00e9sped artificial o hierba.<\/li>\n<\/ul>\n<p><b>Puma Forever Faster<\/b><\/p>\n<p>Con nuestra marca \u201cForever Faster\u201d proporcionamos ayuda a los deportistas para alcanzar su m\u00e1ximo rendimiento.<\/p>\n<p>Puma dispone de la equipaci\u00f3n adecuada para cada deporte. Nuestros productos unen <b>tecnolog\u00eda <\/b>punta y <b>funcionalidad <\/b>con un <b>estilo <\/b>consiguiendo tejidos transpirables, impermeables y ultraligeros. Equipaci\u00f3n deportiva profesional, siempre con el sello t\u00edpico del estilo sport de Puma.<\/p>\n<\/p>\n<p>Material exterior: Cuero sint\u00e9tico<br \/>\nRevestimiento: Tela<br \/>\nMaterial de la suela: Sint\u00e9tico<br \/>\nCierre: Cordones<br \/>\nAltura del tac\u00f3n: 2 cent\u00edmetros<br \/>\nTipo de tac\u00f3n: Sin tac\u00f3n<br \/>\nComposici\u00f3n: sint\u00e9tico<br \/>\nAnchura del zapato: Schmal<br \/>\n<\/p>\n","protected":false},"excerpt":{"rendered":"<p>Material exterior: Cuero sint\u00e9tico<br \/>\nRevestimiento: Tela<br \/>\nMaterial de la suela: Sint\u00e9tico<\/p>\n","protected":false},"featured_media":82110,"comment_status":"open","ping_status":"closed","template":"","meta":{"_kadence_starter_templates_imported_post":false,"_kad_post_transparent":"","_kad_post_title":"","_kad_post_layout":"","_kad_post_sidebar_id":"","_kad_post_content_style":"","_kad_post_vertical_padding":"","_kad_post_feature":"","_kad_post_feature_position":"","_kad_post_header":false,"_kad_post_footer":false},"product_brand":[],"product_cat":[450],"product_tag":[],"class_list":{"0":"post-82107","1":"product","2":"type-product","3":"status-publish","4":"has-post-thumbnail","6":"product_cat-futbol","7":"pa_brand-visita-la-store-de-puma","9":"first","10":"instock","11":"shipping-taxable","12":"purchasable","13":"product-type-simple","14":"entry","15":"content-bg","16":"loop-entry"},"_links":{"self":[{"href":"https:\/\/futllermo.com\/tienda\/wp-json\/wp\/v2\/product\/82107","targetHints":{"allow":["GET"]}}],"collection":[{"href":"https:\/\/futllermo.com\/tienda\/wp-json\/wp\/v2\/product"}],"about":[{"href":"https:\/\/futllermo.com\/tienda\/wp-json\/wp\/v2\/types\/product"}],"replies":[{"embeddable":true,"href":"https:\/\/futllermo.com\/tienda\/wp-json\/wp\/v2\/comments?post=82107"}],"wp:featuredmedia":[{"embeddable":true,"href":"https:\/\/futllermo.com\/tienda\/wp-json\/wp\/v2\/media\/82110"}],"wp:attachment":[{"href":"https:\/\/futllermo.com\/tienda\/wp-json\/wp\/v2\/media?parent=82107"}],"wp:term":[{"taxonomy":"product_brand","embeddable":true,"href":"https:\/\/futllermo.com\/tienda\/wp-json\/wp\/v2\/product_brand?post=82107"},{"taxonomy":"product_cat","embeddable":true,"href":"https:\/\/futllermo.com\/tienda\/wp-json\/wp\/v2\/product_cat?post=82107"},{"taxonomy":"product_tag","embeddable":true,"href":"https:\/\/futllermo.com\/tienda\/wp-json\/wp\/v2\/product_tag?post=82107"}],"curies":[{"name":"wp","href":"https:\/\/api.w.org\/{rel}","templated":true}]}}