{"id":82085,"date":"2021-01-13T11:01:10","date_gmt":"2021-01-13T11:01:10","guid":{"rendered":"https:\/\/futllermo.com\/tienda\/producto\/gola-activo-5-botas-de-futbol-infantiles-para-cesped-aritficial-zapatillas-para-deporte\/"},"modified":"2022-01-13T09:57:20","modified_gmt":"2022-01-13T09:57:20","slug":"gola-activo-5-botas-de-futbol-infantiles-para-cesped-aritficial-zapatillas-para-deporte","status":"publish","type":"product","link":"https:\/\/futllermo.com\/tienda\/producto\/gola-activo-5-botas-de-futbol-infantiles-para-cesped-aritficial-zapatillas-para-deporte\/","title":{"rendered":"Gola &#8211; Activo 5 &#8211; Botas de f\u00fatbol infantiles, para c\u00e9sped aritficial, zapatillas para deporte"},"content":{"rendered":"<p><!-- show up to 2 reviews by default --> <\/p>\n<p>Estas llamativas botas de f\u00fatbol Gola Ativo 5 para c\u00e9sped son perfectas para ni\u00f1os, cuenta con una parte superior vibrante, ligera y duradera, y con una puntera acanalada para un toque y control \u00f3ptimo de la pelota. Tambi\u00e9n cuenta con un dise\u00f1o de correa el\u00e1stica de cierre r\u00e1pido que ofrece un ajuste seguro. <\/p>\n<p>Material exterior: Sint\u00e9tico<br \/>\nRevestimiento: Sint\u00e9tico<br \/>\nMaterial de la suela: Sint\u00e9tico<br \/>\nCierre: Velcro<br \/>\nTipo de tac\u00f3n: Plano<br \/>\nComposici\u00f3n: sint\u00e9tico<br \/>\nAnchura del zapato: Normal<br \/>\n<\/p>\n","protected":false},"excerpt":{"rendered":"<p>Material exterior: Sint\u00e9tico<br \/>\nRevestimiento: Sint\u00e9tico<br \/>\nMaterial de la suela: Sint\u00e9tico<\/p>\n","protected":false},"featured_media":82086,"comment_status":"open","ping_status":"closed","template":"","meta":{"_kadence_starter_templates_imported_post":false,"_kad_post_transparent":"","_kad_post_title":"","_kad_post_layout":"","_kad_post_sidebar_id":"","_kad_post_content_style":"","_kad_post_vertical_padding":"","_kad_post_feature":"","_kad_post_feature_position":"","_kad_post_header":false,"_kad_post_footer":false},"product_brand":[],"product_cat":[450],"product_tag":[],"class_list":{"0":"post-82085","1":"product","2":"type-product","3":"status-publish","4":"has-post-thumbnail","6":"product_cat-futbol","7":"pa_brand-marca-footwear-studio","9":"first","10":"instock","11":"shipping-taxable","12":"purchasable","13":"product-type-simple","14":"entry","15":"content-bg","16":"loop-entry"},"_links":{"self":[{"href":"https:\/\/futllermo.com\/tienda\/wp-json\/wp\/v2\/product\/82085","targetHints":{"allow":["GET"]}}],"collection":[{"href":"https:\/\/futllermo.com\/tienda\/wp-json\/wp\/v2\/product"}],"about":[{"href":"https:\/\/futllermo.com\/tienda\/wp-json\/wp\/v2\/types\/product"}],"replies":[{"embeddable":true,"href":"https:\/\/futllermo.com\/tienda\/wp-json\/wp\/v2\/comments?post=82085"}],"wp:featuredmedia":[{"embeddable":true,"href":"https:\/\/futllermo.com\/tienda\/wp-json\/wp\/v2\/media\/82086"}],"wp:attachment":[{"href":"https:\/\/futllermo.com\/tienda\/wp-json\/wp\/v2\/media?parent=82085"}],"wp:term":[{"taxonomy":"product_brand","embeddable":true,"href":"https:\/\/futllermo.com\/tienda\/wp-json\/wp\/v2\/product_brand?post=82085"},{"taxonomy":"product_cat","embeddable":true,"href":"https:\/\/futllermo.com\/tienda\/wp-json\/wp\/v2\/product_cat?post=82085"},{"taxonomy":"product_tag","embeddable":true,"href":"https:\/\/futllermo.com\/tienda\/wp-json\/wp\/v2\/product_tag?post=82085"}],"curies":[{"name":"wp","href":"https:\/\/api.w.org\/{rel}","templated":true}]}}