{"id":82035,"date":"2021-01-13T11:00:06","date_gmt":"2021-01-13T11:00:06","guid":{"rendered":"https:\/\/futllermo.com\/tienda\/producto\/mizuno-monarcida-neo-sel-ag-bota-de-futbol-white-black-chinese-red\/"},"modified":"2022-01-13T09:57:20","modified_gmt":"2022-01-13T09:57:20","slug":"mizuno-monarcida-neo-sel-ag-bota-de-futbol-white-black-chinese-red","status":"publish","type":"product","link":"https:\/\/futllermo.com\/tienda\/producto\/mizuno-monarcida-neo-sel-ag-bota-de-futbol-white-black-chinese-red\/","title":{"rendered":"Mizuno Monarcida Neo Sel AG, Bota de f\u00fatbol, White\/Black\/Chinese Red"},"content":{"rendered":"<p><!-- show up to 2 reviews by default --> <\/p>\n<p>Botas de f\u00fatbol Mizuno Monarcida para adultos. Botas sint\u00e9ticas, para campos de hierba artificial . Botas de gama base . Para jugadores de toque.ota de f\u00fatbol Mizuno Monarcida NEO SEL AG para adultos. Botas de piel sint\u00e9tica para utilizar en campos de hierba artificial decualquier generaci\u00f3n. Bota de f\u00fatbol de gama baja en color White Black Chinese Red. <\/p>\n<p>Cierre: Cordones<br \/>\n<\/p>\n","protected":false},"excerpt":{"rendered":"<p>Cierre: Cordones<\/p>\n","protected":false},"featured_media":82039,"comment_status":"open","ping_status":"closed","template":"","meta":{"_kadence_starter_templates_imported_post":false,"_kad_post_transparent":"","_kad_post_title":"","_kad_post_layout":"","_kad_post_sidebar_id":"","_kad_post_content_style":"","_kad_post_vertical_padding":"","_kad_post_feature":"","_kad_post_feature_position":"","_kad_post_header":false,"_kad_post_footer":false},"product_brand":[],"product_cat":[450],"product_tag":[],"class_list":{"0":"post-82035","1":"product","2":"type-product","3":"status-publish","4":"has-post-thumbnail","6":"product_cat-futbol","7":"pa_brand-visita-la-store-de-mizuno","9":"first","10":"instock","11":"shipping-taxable","12":"purchasable","13":"product-type-simple","14":"entry","15":"content-bg","16":"loop-entry"},"_links":{"self":[{"href":"https:\/\/futllermo.com\/tienda\/wp-json\/wp\/v2\/product\/82035","targetHints":{"allow":["GET"]}}],"collection":[{"href":"https:\/\/futllermo.com\/tienda\/wp-json\/wp\/v2\/product"}],"about":[{"href":"https:\/\/futllermo.com\/tienda\/wp-json\/wp\/v2\/types\/product"}],"replies":[{"embeddable":true,"href":"https:\/\/futllermo.com\/tienda\/wp-json\/wp\/v2\/comments?post=82035"}],"wp:featuredmedia":[{"embeddable":true,"href":"https:\/\/futllermo.com\/tienda\/wp-json\/wp\/v2\/media\/82039"}],"wp:attachment":[{"href":"https:\/\/futllermo.com\/tienda\/wp-json\/wp\/v2\/media?parent=82035"}],"wp:term":[{"taxonomy":"product_brand","embeddable":true,"href":"https:\/\/futllermo.com\/tienda\/wp-json\/wp\/v2\/product_brand?post=82035"},{"taxonomy":"product_cat","embeddable":true,"href":"https:\/\/futllermo.com\/tienda\/wp-json\/wp\/v2\/product_cat?post=82035"},{"taxonomy":"product_tag","embeddable":true,"href":"https:\/\/futllermo.com\/tienda\/wp-json\/wp\/v2\/product_tag?post=82035"}],"curies":[{"name":"wp","href":"https:\/\/api.w.org\/{rel}","templated":true}]}}