{"id":81963,"date":"2021-01-13T10:58:39","date_gmt":"2021-01-13T10:58:39","guid":{"rendered":"https:\/\/futllermo.com\/tienda\/producto\/nike-jr-superfly-6-academy-gs-fg-mg-zapatillas-de-futbol-unisex-ninos\/"},"modified":"2022-01-13T09:57:19","modified_gmt":"2022-01-13T09:57:19","slug":"nike-jr-superfly-6-academy-gs-fg-mg-zapatillas-de-futbol-unisex-ninos","status":"publish","type":"product","link":"https:\/\/futllermo.com\/tienda\/producto\/nike-jr-superfly-6-academy-gs-fg-mg-zapatillas-de-futbol-unisex-ninos\/","title":{"rendered":"NIKE Jr Superfly 6 Academy GS MG, Zapatillas de Deporte Unisex ni\u00f1os"},"content":{"rendered":"<p><!-- show up to 2 reviews by default --> <\/p>\n<p>La bota de f\u00fatbol nike mercurial superfly vi ofrece un ajuste perfecto, sensaci\u00f3n de pelota excepcional y tracci\u00f3n explosiva para una velocidad m\u00e1xima en campos de hierba corta. El innovador flyknit envuelve el pie como una segunda piel. El cuello dynamic fit envuelve el tobillo para darle una sensaci\u00f3n de calcet\u00edn. El sistema interno nike grip evita el deslizamiento del pie en el zapato. La placa de la suela s\u00faper liviana 3d speed se adapta naturalmente a tu pie para una velocidad explosiva. Los pernos colocados con precisi\u00f3n est\u00e1n dise\u00f1ados para arranques y paradas r\u00e1pidos. La tecnolog\u00eda all conditions control (acc) garantiza un control preciso en superficies secas y ligeramente mojadas. <\/p>\n<p>Material exterior: Tela<br \/>\nRevestimiento: Sint\u00e9tico<br \/>\nMaterial de la suela: Goma<br \/>\nCierre: Cordones<br \/>\n<\/p>\n","protected":false},"excerpt":{"rendered":"<p>Material exterior: Tela<br \/>\nRevestimiento: Sint\u00e9tico<br \/>\nMaterial de la suela: Goma<\/p>\n","protected":false},"featured_media":81966,"comment_status":"open","ping_status":"closed","template":"","meta":{"_kadence_starter_templates_imported_post":false,"_kad_post_transparent":"","_kad_post_title":"","_kad_post_layout":"","_kad_post_sidebar_id":"","_kad_post_content_style":"","_kad_post_vertical_padding":"","_kad_post_feature":"","_kad_post_feature_position":"","_kad_post_header":false,"_kad_post_footer":false},"product_brand":[],"product_cat":[450],"product_tag":[],"class_list":{"0":"post-81963","1":"product","2":"type-product","3":"status-publish","4":"has-post-thumbnail","6":"product_cat-futbol","7":"pa_brand-visita-la-store-de-nike","9":"first","10":"instock","11":"shipping-taxable","12":"purchasable","13":"product-type-simple","14":"entry","15":"content-bg","16":"loop-entry"},"_links":{"self":[{"href":"https:\/\/futllermo.com\/tienda\/wp-json\/wp\/v2\/product\/81963","targetHints":{"allow":["GET"]}}],"collection":[{"href":"https:\/\/futllermo.com\/tienda\/wp-json\/wp\/v2\/product"}],"about":[{"href":"https:\/\/futllermo.com\/tienda\/wp-json\/wp\/v2\/types\/product"}],"replies":[{"embeddable":true,"href":"https:\/\/futllermo.com\/tienda\/wp-json\/wp\/v2\/comments?post=81963"}],"wp:featuredmedia":[{"embeddable":true,"href":"https:\/\/futllermo.com\/tienda\/wp-json\/wp\/v2\/media\/81966"}],"wp:attachment":[{"href":"https:\/\/futllermo.com\/tienda\/wp-json\/wp\/v2\/media?parent=81963"}],"wp:term":[{"taxonomy":"product_brand","embeddable":true,"href":"https:\/\/futllermo.com\/tienda\/wp-json\/wp\/v2\/product_brand?post=81963"},{"taxonomy":"product_cat","embeddable":true,"href":"https:\/\/futllermo.com\/tienda\/wp-json\/wp\/v2\/product_cat?post=81963"},{"taxonomy":"product_tag","embeddable":true,"href":"https:\/\/futllermo.com\/tienda\/wp-json\/wp\/v2\/product_tag?post=81963"}],"curies":[{"name":"wp","href":"https:\/\/api.w.org\/{rel}","templated":true}]}}