{"id":81949,"date":"2021-01-13T10:58:23","date_gmt":"2021-01-13T10:58:23","guid":{"rendered":"https:\/\/futllermo.com\/tienda\/producto\/adidas-x-16-3-tf-botas-de-futbol-para-hombre\/"},"modified":"2022-01-13T09:57:19","modified_gmt":"2022-01-13T09:57:19","slug":"adidas-x-16-3-tf-botas-de-futbol-para-hombre","status":"publish","type":"product","link":"https:\/\/futllermo.com\/tienda\/producto\/adidas-x-16-3-tf-botas-de-futbol-para-hombre\/","title":{"rendered":"adidas X 16.3 TF, Botas de f\u00fatbol Hombre"},"content":{"rendered":"<p><!-- show up to 2 reviews by default --> <\/p>\n<p>Esta zapatilla de f\u00fatbol presenta una suela especialmente pensada para moqueta de fibras cortas y una parte superior en tejido de compresi\u00f3n techfit que proporciona un ajuste perfecto. &#8211; Parte superior en tejido de compresi\u00f3n techfit que se ajusta al pie como un guante para que te sientas c\u00f3modo desde el primer minuto &#8211; Suela TF Chaos para una aceleraci\u00f3n explosiva y mayor tracci\u00f3n en campos de moqueta con fibras cortas <\/p>\n<p>Material exterior: Sint\u00e9tico<br \/>\nRevestimiento: Tela<br \/>\nMaterial de la suela: Caucho<br \/>\nCierre: Cordones<br \/>\nTipo de talla: Precio mnimo en los 30 das previos a la oferta: 40<br \/>\nAnchura del zapato: Normal<br \/>\n<\/p>\n","protected":false},"excerpt":{"rendered":"<p>Material exterior: Sint\u00e9tico<br \/>\nRevestimiento: Tela<br \/>\nMaterial de la suela: Caucho<\/p>\n","protected":false},"featured_media":81950,"comment_status":"open","ping_status":"closed","template":"","meta":{"_kadence_starter_templates_imported_post":false,"_kad_post_transparent":"","_kad_post_title":"","_kad_post_layout":"","_kad_post_sidebar_id":"","_kad_post_content_style":"","_kad_post_vertical_padding":"","_kad_post_feature":"","_kad_post_feature_position":"","_kad_post_header":false,"_kad_post_footer":false},"product_brand":[],"product_cat":[450],"product_tag":[],"class_list":{"0":"post-81949","1":"product","2":"type-product","3":"status-publish","4":"has-post-thumbnail","6":"product_cat-futbol","7":"pa_brand-visita-la-store-de-adidas","9":"first","10":"instock","11":"shipping-taxable","12":"purchasable","13":"product-type-simple","14":"entry","15":"content-bg","16":"loop-entry"},"_links":{"self":[{"href":"https:\/\/futllermo.com\/tienda\/wp-json\/wp\/v2\/product\/81949","targetHints":{"allow":["GET"]}}],"collection":[{"href":"https:\/\/futllermo.com\/tienda\/wp-json\/wp\/v2\/product"}],"about":[{"href":"https:\/\/futllermo.com\/tienda\/wp-json\/wp\/v2\/types\/product"}],"replies":[{"embeddable":true,"href":"https:\/\/futllermo.com\/tienda\/wp-json\/wp\/v2\/comments?post=81949"}],"wp:featuredmedia":[{"embeddable":true,"href":"https:\/\/futllermo.com\/tienda\/wp-json\/wp\/v2\/media\/81950"}],"wp:attachment":[{"href":"https:\/\/futllermo.com\/tienda\/wp-json\/wp\/v2\/media?parent=81949"}],"wp:term":[{"taxonomy":"product_brand","embeddable":true,"href":"https:\/\/futllermo.com\/tienda\/wp-json\/wp\/v2\/product_brand?post=81949"},{"taxonomy":"product_cat","embeddable":true,"href":"https:\/\/futllermo.com\/tienda\/wp-json\/wp\/v2\/product_cat?post=81949"},{"taxonomy":"product_tag","embeddable":true,"href":"https:\/\/futllermo.com\/tienda\/wp-json\/wp\/v2\/product_tag?post=81949"}],"curies":[{"name":"wp","href":"https:\/\/api.w.org\/{rel}","templated":true}]}}