{"id":81929,"date":"2021-01-13T10:58:03","date_gmt":"2021-01-13T10:58:03","guid":{"rendered":"https:\/\/futllermo.com\/tienda\/producto\/adidas-x-16-3-fg-para-los-zapatos-de-entrenamiento-de-futbol-hombre\/"},"modified":"2022-01-13T09:57:18","modified_gmt":"2022-01-13T09:57:18","slug":"adidas-x-16-3-fg-para-los-zapatos-de-entrenamiento-de-futbol-hombre","status":"publish","type":"product","link":"https:\/\/futllermo.com\/tienda\/producto\/adidas-x-16-3-fg-para-los-zapatos-de-entrenamiento-de-futbol-hombre\/","title":{"rendered":"adidas X 16.3 FG &#8211; para los Zapatos de Entrenamiento de f\u00fatbol Hombre"},"content":{"rendered":"<p><!-- show up to 2 reviews by default --> <\/p>\n<p>Botas de f\u00fatbol modernas de Adidas. Estos zapatos tienen un material superior Techfit para una sensaci\u00f3n \u00f3ptima del bal\u00f3n. La configuraci\u00f3n de tacos es ideal para suelos s\u00f3lidos. El patr\u00f3n le da un estilo especial. Ideal para entrenar. <\/p>\n<p>Parte superior en tejido de compresi\u00f3n techfit<br \/>\nAjuste \u00f3ptimo, se ajusta al pie como un guante<br \/>\nConfiguraci\u00f3n de tacos FG Chaos para una aceleraci\u00f3n y tracci\u00f3n \u00f3ptimas en campos de c\u00e9sped natural seco<br \/>\nPara jugar sobre superficies s\u00f3lidas y hierba artificial<br \/>\n<\/p>\n","protected":false},"excerpt":{"rendered":"<p>Parte superior en tejido de compresi\u00f3n techfit<br \/>\nAjuste \u00f3ptimo, se ajusta al pie como un guante<br \/>\nConfiguraci\u00f3n de tacos FG Chaos para una aceleraci\u00f3n y tracci\u00f3n \u00f3ptimas en campos de c\u00e9sped natural seco<\/p>\n","protected":false},"featured_media":81930,"comment_status":"open","ping_status":"closed","template":"","meta":{"_kadence_starter_templates_imported_post":false,"_kad_post_transparent":"","_kad_post_title":"","_kad_post_layout":"","_kad_post_sidebar_id":"","_kad_post_content_style":"","_kad_post_vertical_padding":"","_kad_post_feature":"","_kad_post_feature_position":"","_kad_post_header":false,"_kad_post_footer":false},"product_brand":[],"product_cat":[450],"product_tag":[],"class_list":{"0":"post-81929","1":"product","2":"type-product","3":"status-publish","4":"has-post-thumbnail","6":"product_cat-futbol","7":"pa_brand-visita-la-store-de-adidas","9":"first","10":"instock","11":"shipping-taxable","12":"purchasable","13":"product-type-simple","14":"entry","15":"content-bg","16":"loop-entry"},"_links":{"self":[{"href":"https:\/\/futllermo.com\/tienda\/wp-json\/wp\/v2\/product\/81929","targetHints":{"allow":["GET"]}}],"collection":[{"href":"https:\/\/futllermo.com\/tienda\/wp-json\/wp\/v2\/product"}],"about":[{"href":"https:\/\/futllermo.com\/tienda\/wp-json\/wp\/v2\/types\/product"}],"replies":[{"embeddable":true,"href":"https:\/\/futllermo.com\/tienda\/wp-json\/wp\/v2\/comments?post=81929"}],"wp:featuredmedia":[{"embeddable":true,"href":"https:\/\/futllermo.com\/tienda\/wp-json\/wp\/v2\/media\/81930"}],"wp:attachment":[{"href":"https:\/\/futllermo.com\/tienda\/wp-json\/wp\/v2\/media?parent=81929"}],"wp:term":[{"taxonomy":"product_brand","embeddable":true,"href":"https:\/\/futllermo.com\/tienda\/wp-json\/wp\/v2\/product_brand?post=81929"},{"taxonomy":"product_cat","embeddable":true,"href":"https:\/\/futllermo.com\/tienda\/wp-json\/wp\/v2\/product_cat?post=81929"},{"taxonomy":"product_tag","embeddable":true,"href":"https:\/\/futllermo.com\/tienda\/wp-json\/wp\/v2\/product_tag?post=81929"}],"curies":[{"name":"wp","href":"https:\/\/api.w.org\/{rel}","templated":true}]}}