{"id":81849,"date":"2021-01-13T10:55:32","date_gmt":"2021-01-13T10:55:32","guid":{"rendered":"https:\/\/futllermo.com\/tienda\/producto\/puma-one-20-3-fg-ag-botas-de-futbol-hombre\/"},"modified":"2022-01-13T09:57:18","modified_gmt":"2022-01-13T09:57:18","slug":"puma-one-20-3-fg-ag-botas-de-futbol-hombre","status":"publish","type":"product","link":"https:\/\/futllermo.com\/tienda\/producto\/puma-one-20-3-fg-ag-botas-de-futbol-hombre\/","title":{"rendered":"PUMA One 20.3 FG\/AG, Botas de f\u00fatbol Hombre"},"content":{"rendered":"<p><!-- show up to 2 reviews by default --> <\/p>\n<p>El producto representa unas botas de f\u00fatbol de la marca Puma que tienen una ligera suela exterior con una combinaci\u00f3n de tacos alargados y c\u00f3nicos. Son adecuadas para el uso en c\u00e9sped artificial y superficies naturales duras. <\/p>\n<p>Material exterior: Cuero<br \/>\nCierre: Cordones<br \/>\n<\/p>\n","protected":false},"excerpt":{"rendered":"<p>Material exterior: Cuero<br \/>\nCierre: Cordones<\/p>\n","protected":false},"featured_media":81852,"comment_status":"open","ping_status":"closed","template":"","meta":{"_kadence_starter_templates_imported_post":false,"_kad_post_transparent":"","_kad_post_title":"","_kad_post_layout":"","_kad_post_sidebar_id":"","_kad_post_content_style":"","_kad_post_vertical_padding":"","_kad_post_feature":"","_kad_post_feature_position":"","_kad_post_header":false,"_kad_post_footer":false},"product_brand":[],"product_cat":[450],"product_tag":[],"class_list":{"0":"post-81849","1":"product","2":"type-product","3":"status-publish","4":"has-post-thumbnail","6":"product_cat-futbol","7":"pa_brand-visita-la-store-de-puma","9":"first","10":"instock","11":"shipping-taxable","12":"purchasable","13":"product-type-simple","14":"entry","15":"content-bg","16":"loop-entry"},"_links":{"self":[{"href":"https:\/\/futllermo.com\/tienda\/wp-json\/wp\/v2\/product\/81849","targetHints":{"allow":["GET"]}}],"collection":[{"href":"https:\/\/futllermo.com\/tienda\/wp-json\/wp\/v2\/product"}],"about":[{"href":"https:\/\/futllermo.com\/tienda\/wp-json\/wp\/v2\/types\/product"}],"replies":[{"embeddable":true,"href":"https:\/\/futllermo.com\/tienda\/wp-json\/wp\/v2\/comments?post=81849"}],"wp:featuredmedia":[{"embeddable":true,"href":"https:\/\/futllermo.com\/tienda\/wp-json\/wp\/v2\/media\/81852"}],"wp:attachment":[{"href":"https:\/\/futllermo.com\/tienda\/wp-json\/wp\/v2\/media?parent=81849"}],"wp:term":[{"taxonomy":"product_brand","embeddable":true,"href":"https:\/\/futllermo.com\/tienda\/wp-json\/wp\/v2\/product_brand?post=81849"},{"taxonomy":"product_cat","embeddable":true,"href":"https:\/\/futllermo.com\/tienda\/wp-json\/wp\/v2\/product_cat?post=81849"},{"taxonomy":"product_tag","embeddable":true,"href":"https:\/\/futllermo.com\/tienda\/wp-json\/wp\/v2\/product_tag?post=81849"}],"curies":[{"name":"wp","href":"https:\/\/api.w.org\/{rel}","templated":true}]}}