{"id":81841,"date":"2021-01-13T10:55:24","date_gmt":"2021-01-13T10:55:24","guid":{"rendered":"https:\/\/futllermo.com\/tienda\/producto\/wowei-zapatos-de-futbol-hombre-spike-aire-libre-profesionales-atletismo-training-botas-de-futbol-zapatillas-de-deporte\/"},"modified":"2022-01-13T09:57:17","modified_gmt":"2022-01-13T09:57:17","slug":"wowei-zapatos-de-futbol-hombre-spike-aire-libre-profesionales-atletismo-training-botas-de-futbol-zapatillas-de-deporte","status":"publish","type":"product","link":"https:\/\/futllermo.com\/tienda\/producto\/wowei-zapatos-de-futbol-hombre-spike-aire-libre-profesionales-atletismo-training-botas-de-futbol-zapatillas-de-deporte\/","title":{"rendered":"WOWEI Zapatos de F\u00fatbol Hombre Spike Aire Libre Profesionales Atletismo Training Botas de F\u00fatbol Zapatillas de Deporte"},"content":{"rendered":"<p><!-- show up to 2 reviews by default --> <\/p>\n<p><b>Descripci\u00f3n:<\/b> <br \/>1.Hecho de PU,durable y durable,usable y flexible,resistente al agua anti-abrasi\u00f3n. <br \/>2.Hecho por goma de calidad,el dise\u00f1o de fricci\u00f3n f\u00e1cil de controlar el f\u00fatbol. <br \/>3.La suela de caucho natural es resistente al desgaste y antideslizante,a prueba de esprints. <br \/>4.Algunos zapatos de f\u00fatbol(Sin caja de zapatos debido a las regulaciones de aduanas). <\/p>\n<p><b>Tama\u00f1o:<\/b> <br \/>35EU=Adecuado para la longitud de pie 21,6-22,0 cm <br \/>36EU=Adecuado para la longitud de pie 22,1-22,5 cm <br \/>37EU=Adecuado para la longitud de pie 22,6-23,0 cm <br \/>38EU=Adecuado para la longitud de pie 23,1-23,5 cm <br \/>39EU=Adecuado para la longitud de pie 23,6-24,0 cm <br \/>40EU=Adecuado para la longitud de pie 24,1-24,5 cm <br \/>41EU=Adecuado para la longitud de pie 24,6-25,0 cm <br \/>42EU=Adecuado para la longitud de pie 25,1-25,5 cm <br \/>43EU=Adecuado para la longitud de pie 25,6-26,0 cm <br \/>44EU=Adecuado para la longitud de pie 26,1-26,5 cm <br \/>45EU=Adecuado para la longitud de pie 26,6-27,0 cm <\/p>\n<p>Las tallas de los zapatos miden su pie y elija la talla correcta de acuerdo con la Tabla de tallas en la Descripci\u00f3n del producto. <br \/><b>Nota:Todas las dimensiones se miden a mano,por favor permita una desviaci\u00f3n de alrededor de 0.5 cm.<\/b> <\/p>\n<p><b>Garant\u00eda de satisfacci\u00f3n:<\/b> <br \/>Si hay un problema con nuestros zapatos para f\u00fatbol,cont\u00e1ctenos por primera vez.Haremos todo lo posible para ayudarle dentro de las 24 horas. <\/p>\n<p>Material exterior: Sint\u00e9tico<br \/>\nMaterial de la suela: Goma<br \/>\nCierre: Cordones<br \/>\nAltura del tac\u00f3n: 1.5 cent\u00edmetros<br \/>\nAnchura del zapato: Normal<br \/>\n<\/p>\n","protected":false},"excerpt":{"rendered":"<p>Material exterior: Sint\u00e9tico<br \/>\nMaterial de la suela: Goma<br \/>\nCierre: Cordones<\/p>\n","protected":false},"featured_media":81845,"comment_status":"open","ping_status":"closed","template":"","meta":{"_kadence_starter_templates_imported_post":false,"_kad_post_transparent":"","_kad_post_title":"","_kad_post_layout":"","_kad_post_sidebar_id":"","_kad_post_content_style":"","_kad_post_vertical_padding":"","_kad_post_feature":"","_kad_post_feature_position":"","_kad_post_header":false,"_kad_post_footer":false},"product_brand":[],"product_cat":[450],"product_tag":[],"class_list":{"0":"post-81841","1":"product","2":"type-product","3":"status-publish","4":"has-post-thumbnail","6":"product_cat-futbol","7":"pa_brand-marca-wowei","9":"first","10":"instock","11":"shipping-taxable","12":"purchasable","13":"product-type-simple","14":"entry","15":"content-bg","16":"loop-entry"},"_links":{"self":[{"href":"https:\/\/futllermo.com\/tienda\/wp-json\/wp\/v2\/product\/81841","targetHints":{"allow":["GET"]}}],"collection":[{"href":"https:\/\/futllermo.com\/tienda\/wp-json\/wp\/v2\/product"}],"about":[{"href":"https:\/\/futllermo.com\/tienda\/wp-json\/wp\/v2\/types\/product"}],"replies":[{"embeddable":true,"href":"https:\/\/futllermo.com\/tienda\/wp-json\/wp\/v2\/comments?post=81841"}],"wp:featuredmedia":[{"embeddable":true,"href":"https:\/\/futllermo.com\/tienda\/wp-json\/wp\/v2\/media\/81845"}],"wp:attachment":[{"href":"https:\/\/futllermo.com\/tienda\/wp-json\/wp\/v2\/media?parent=81841"}],"wp:term":[{"taxonomy":"product_brand","embeddable":true,"href":"https:\/\/futllermo.com\/tienda\/wp-json\/wp\/v2\/product_brand?post=81841"},{"taxonomy":"product_cat","embeddable":true,"href":"https:\/\/futllermo.com\/tienda\/wp-json\/wp\/v2\/product_cat?post=81841"},{"taxonomy":"product_tag","embeddable":true,"href":"https:\/\/futllermo.com\/tienda\/wp-json\/wp\/v2\/product_tag?post=81841"}],"curies":[{"name":"wp","href":"https:\/\/api.w.org\/{rel}","templated":true}]}}