{"id":81828,"date":"2021-01-13T10:55:08","date_gmt":"2021-01-13T10:55:08","guid":{"rendered":"https:\/\/futllermo.com\/tienda\/producto\/nike-jr-phantom-gt-academy-df-fg-mg-football-shoe-unisex-ninos\/"},"modified":"2022-01-13T09:57:17","modified_gmt":"2022-01-13T09:57:17","slug":"nike-jr-phantom-gt-academy-df-fg-mg-football-shoe-unisex-ninos","status":"publish","type":"product","link":"https:\/\/futllermo.com\/tienda\/producto\/nike-jr-phantom-gt-academy-df-fg-mg-football-shoe-unisex-ninos\/","title":{"rendered":"NIKE Jr. Phantom GT Academy DF FG\/MG, Football Shoe"},"content":{"rendered":"<p><!-- show up to 2 reviews by default --> <\/p>\n<p>Aqu\u00ed puedes ver el modelo de alto presupuesto para ni\u00f1os, la Academia NIKE Junior Phantom GT DF FG\/MG. La bota de f\u00fatbol de hierba en tama\u00f1os para ni\u00f1os y j\u00f3venes viene con un perfil de leva para hierba natural normal. La nueva bota debuta en blanco con Pink Blast y negro. <\/p>\n<p>Material exterior: Sint\u00e9tico<br \/>\nRevestimiento: Synthetic<br \/>\nMaterial de la suela: Caucho<br \/>\nCierre: Cordones<br \/>\n<\/p>\n","protected":false},"excerpt":{"rendered":"<p>Material exterior: Sint\u00e9tico<br \/>\nRevestimiento: Synthetic<br \/>\nMaterial de la suela: Caucho<\/p>\n","protected":false},"featured_media":81829,"comment_status":"open","ping_status":"closed","template":"","meta":{"_kadence_starter_templates_imported_post":false,"_kad_post_transparent":"","_kad_post_title":"","_kad_post_layout":"","_kad_post_sidebar_id":"","_kad_post_content_style":"","_kad_post_vertical_padding":"","_kad_post_feature":"","_kad_post_feature_position":"","_kad_post_header":false,"_kad_post_footer":false},"product_brand":[],"product_cat":[450],"product_tag":[],"class_list":{"0":"post-81828","1":"product","2":"type-product","3":"status-publish","4":"has-post-thumbnail","6":"product_cat-futbol","7":"pa_brand-visita-la-store-de-nike","9":"first","10":"instock","11":"shipping-taxable","12":"purchasable","13":"product-type-simple","14":"entry","15":"content-bg","16":"loop-entry"},"_links":{"self":[{"href":"https:\/\/futllermo.com\/tienda\/wp-json\/wp\/v2\/product\/81828","targetHints":{"allow":["GET"]}}],"collection":[{"href":"https:\/\/futllermo.com\/tienda\/wp-json\/wp\/v2\/product"}],"about":[{"href":"https:\/\/futllermo.com\/tienda\/wp-json\/wp\/v2\/types\/product"}],"replies":[{"embeddable":true,"href":"https:\/\/futllermo.com\/tienda\/wp-json\/wp\/v2\/comments?post=81828"}],"wp:featuredmedia":[{"embeddable":true,"href":"https:\/\/futllermo.com\/tienda\/wp-json\/wp\/v2\/media\/81829"}],"wp:attachment":[{"href":"https:\/\/futllermo.com\/tienda\/wp-json\/wp\/v2\/media?parent=81828"}],"wp:term":[{"taxonomy":"product_brand","embeddable":true,"href":"https:\/\/futllermo.com\/tienda\/wp-json\/wp\/v2\/product_brand?post=81828"},{"taxonomy":"product_cat","embeddable":true,"href":"https:\/\/futllermo.com\/tienda\/wp-json\/wp\/v2\/product_cat?post=81828"},{"taxonomy":"product_tag","embeddable":true,"href":"https:\/\/futllermo.com\/tienda\/wp-json\/wp\/v2\/product_tag?post=81828"}],"curies":[{"name":"wp","href":"https:\/\/api.w.org\/{rel}","templated":true}]}}