{"id":81795,"date":"2021-01-13T10:54:22","date_gmt":"2021-01-13T10:54:22","guid":{"rendered":"https:\/\/futllermo.com\/tienda\/producto\/puma-future-6-1-netfit-mg-zapatillas-de-futbol-unisex-adulto\/"},"modified":"2022-01-13T09:57:17","modified_gmt":"2022-01-13T09:57:17","slug":"puma-future-6-1-netfit-mg-zapatillas-de-futbol-unisex-adulto","status":"publish","type":"product","link":"https:\/\/futllermo.com\/tienda\/producto\/puma-future-6-1-netfit-mg-zapatillas-de-futbol-unisex-adulto\/","title":{"rendered":"PUMA Future 6.1 Netfit MG, Zapatillas de F\u00fatbol Unisex Adulto"},"content":{"rendered":"<p><!-- show up to 2 reviews by default --> <\/p>\n<p>Equ\u00edpate con todo lo necesario para llevar tu juego a otro nivel con el buen rendimiento bueno y la comodidad de las botas de f\u00fatbol Future 6.1 NETFIT. Con lo tecnolog\u00eda atl\u00e9tica desde nuestra a tecnolog\u00eda de cierre hasta la combinaci\u00f3n inteligente de los tacos para una buena tracci\u00f3n, esta bota tiene lo que necesitas para rebasar tus l\u00edmites. Adecuadas para uso en multisuelo. <br \/> NETFIT: La tecnolog\u00eda personalizable de cierre de PUMA que permite m\u00faltiples opciones de acordonado y un ajuste \u00f3ptimo <br \/> RAPIDAGILITY: La combinaci\u00f3n ligera, reactiva y de alta tracci\u00f3n de PUMA con tacos c\u00f3nicos y con filo situados en el lugar exacto <br \/> Silueta de ca\u00f1a baja <br \/> Empeine de tejido <br \/> Suela exterior ligera RAPIDAGILITY <br \/> Leng\u00fceta preparada para NETFIT <br \/> Cierre con cordones <br \/> Dise\u00f1o \u00edntegramente en tejido <br \/> Logotipo del PUMA en la leng\u00fceta <br \/> Marca Future y logotipo del PUMA en el tal\u00f3n<br \/> Adecuados para el uso en suelo mixto. <\/p>\n<p>Material exterior: Tela<br \/>\nRevestimiento: Sint\u00e9tico<br \/>\nMaterial de la suela: Sint\u00e9tico<br \/>\nCierre: Cordones<br \/>\nAnchura del zapato: Normal<br \/>\n<\/p>\n","protected":false},"excerpt":{"rendered":"<p>Material exterior: Tela<br \/>\nRevestimiento: Sint\u00e9tico<br \/>\nMaterial de la suela: Sint\u00e9tico<\/p>\n","protected":false},"featured_media":81796,"comment_status":"open","ping_status":"closed","template":"","meta":{"_kadence_starter_templates_imported_post":false,"_kad_post_transparent":"","_kad_post_title":"","_kad_post_layout":"","_kad_post_sidebar_id":"","_kad_post_content_style":"","_kad_post_vertical_padding":"","_kad_post_feature":"","_kad_post_feature_position":"","_kad_post_header":false,"_kad_post_footer":false},"product_brand":[],"product_cat":[450],"product_tag":[],"class_list":{"0":"post-81795","1":"product","2":"type-product","3":"status-publish","4":"has-post-thumbnail","6":"product_cat-futbol","7":"pa_brand-visita-la-store-de-puma","9":"first","10":"instock","11":"shipping-taxable","12":"purchasable","13":"product-type-simple","14":"entry","15":"content-bg","16":"loop-entry"},"_links":{"self":[{"href":"https:\/\/futllermo.com\/tienda\/wp-json\/wp\/v2\/product\/81795","targetHints":{"allow":["GET"]}}],"collection":[{"href":"https:\/\/futllermo.com\/tienda\/wp-json\/wp\/v2\/product"}],"about":[{"href":"https:\/\/futllermo.com\/tienda\/wp-json\/wp\/v2\/types\/product"}],"replies":[{"embeddable":true,"href":"https:\/\/futllermo.com\/tienda\/wp-json\/wp\/v2\/comments?post=81795"}],"wp:featuredmedia":[{"embeddable":true,"href":"https:\/\/futllermo.com\/tienda\/wp-json\/wp\/v2\/media\/81796"}],"wp:attachment":[{"href":"https:\/\/futllermo.com\/tienda\/wp-json\/wp\/v2\/media?parent=81795"}],"wp:term":[{"taxonomy":"product_brand","embeddable":true,"href":"https:\/\/futllermo.com\/tienda\/wp-json\/wp\/v2\/product_brand?post=81795"},{"taxonomy":"product_cat","embeddable":true,"href":"https:\/\/futllermo.com\/tienda\/wp-json\/wp\/v2\/product_cat?post=81795"},{"taxonomy":"product_tag","embeddable":true,"href":"https:\/\/futllermo.com\/tienda\/wp-json\/wp\/v2\/product_tag?post=81795"}],"curies":[{"name":"wp","href":"https:\/\/api.w.org\/{rel}","templated":true}]}}