{"id":81787,"date":"2021-01-13T10:54:14","date_gmt":"2021-01-13T10:54:14","guid":{"rendered":"https:\/\/futllermo.com\/tienda\/producto\/adidas-nemeziz-messi-19-4-in-j-zapatillas-deportivas-futbol-infantil-unisex-ninos\/"},"modified":"2022-01-13T09:57:16","modified_gmt":"2022-01-13T09:57:16","slug":"adidas-nemeziz-messi-19-4-in-j-zapatillas-deportivas-futbol-infantil-unisex-ninos","status":"publish","type":"product","link":"https:\/\/futllermo.com\/tienda\/producto\/adidas-nemeziz-messi-19-4-in-j-zapatillas-deportivas-futbol-infantil-unisex-ninos\/","title":{"rendered":"adidas Nemeziz Messi 19.4 In J, Zapatillas Deportivas F\u00fatbol Infantil Unisex ni\u00f1os"},"content":{"rendered":"<p><!-- show up to 2 reviews by default --> <\/p>\n<p>Nemeziz no es solo una bota. Es un compromiso con la victoria y no con la aprobaci\u00f3n del resto. Si prefieres la fama a los goles, desaparece. Pero si est\u00e1s preparado para liderar a tu equipo hasta alcanzar la gloria, sigue leyendo. La parte superior sint\u00e9tica de esta zapatilla de f\u00fatbol sala para j\u00f3venes promesas luce el logotipo de Messi y se adapta a la forma del pie para ayudarte a controlar el bal\u00f3n mientras deslumbras al p\u00fablico con tu magia. La leng\u00fceta integrada garantiza un mejor ajuste y estabilidad en los giros r\u00e1pidos y en los movimientos \u00e1giles. <\/p>\n<p>Material exterior: Sint\u00e9tico<br \/>\nRevestimiento: Sint\u00e9tico<br \/>\nMaterial de la suela: Sint\u00e9tico<br \/>\nCierre: Cordones<br \/>\n<\/p>\n","protected":false},"excerpt":{"rendered":"<p>Material exterior: Sint\u00e9tico<br \/>\nRevestimiento: Sint\u00e9tico<br \/>\nMaterial de la suela: Sint\u00e9tico<\/p>\n","protected":false},"featured_media":81788,"comment_status":"open","ping_status":"closed","template":"","meta":{"_kadence_starter_templates_imported_post":false,"_kad_post_transparent":"","_kad_post_title":"","_kad_post_layout":"","_kad_post_sidebar_id":"","_kad_post_content_style":"","_kad_post_vertical_padding":"","_kad_post_feature":"","_kad_post_feature_position":"","_kad_post_header":false,"_kad_post_footer":false},"product_brand":[],"product_cat":[450],"product_tag":[],"class_list":{"0":"post-81787","1":"product","2":"type-product","3":"status-publish","4":"has-post-thumbnail","6":"product_cat-futbol","7":"pa_brand-visita-la-store-de-adidas","9":"first","10":"instock","11":"shipping-taxable","12":"purchasable","13":"product-type-simple","14":"entry","15":"content-bg","16":"loop-entry"},"_links":{"self":[{"href":"https:\/\/futllermo.com\/tienda\/wp-json\/wp\/v2\/product\/81787","targetHints":{"allow":["GET"]}}],"collection":[{"href":"https:\/\/futllermo.com\/tienda\/wp-json\/wp\/v2\/product"}],"about":[{"href":"https:\/\/futllermo.com\/tienda\/wp-json\/wp\/v2\/types\/product"}],"replies":[{"embeddable":true,"href":"https:\/\/futllermo.com\/tienda\/wp-json\/wp\/v2\/comments?post=81787"}],"wp:featuredmedia":[{"embeddable":true,"href":"https:\/\/futllermo.com\/tienda\/wp-json\/wp\/v2\/media\/81788"}],"wp:attachment":[{"href":"https:\/\/futllermo.com\/tienda\/wp-json\/wp\/v2\/media?parent=81787"}],"wp:term":[{"taxonomy":"product_brand","embeddable":true,"href":"https:\/\/futllermo.com\/tienda\/wp-json\/wp\/v2\/product_brand?post=81787"},{"taxonomy":"product_cat","embeddable":true,"href":"https:\/\/futllermo.com\/tienda\/wp-json\/wp\/v2\/product_cat?post=81787"},{"taxonomy":"product_tag","embeddable":true,"href":"https:\/\/futllermo.com\/tienda\/wp-json\/wp\/v2\/product_tag?post=81787"}],"curies":[{"name":"wp","href":"https:\/\/api.w.org\/{rel}","templated":true}]}}