{"id":81763,"date":"2021-01-13T10:53:41","date_gmt":"2021-01-13T10:53:41","guid":{"rendered":"https:\/\/futllermo.com\/tienda\/producto\/puma-future-6-3-netfit-fg-ag-zapatillas-de-futbol-hombre\/"},"modified":"2022-01-13T09:55:31","modified_gmt":"2022-01-13T09:55:31","slug":"puma-future-6-3-netfit-fg-ag-zapatillas-de-futbol-hombre","status":"publish","type":"product","link":"https:\/\/futllermo.com\/tienda\/producto\/puma-future-6-3-netfit-fg-ag-zapatillas-de-futbol-hombre\/","title":{"rendered":"PUMA Future 6.3 Netfit FG\/AG, Zapatillas de ftbol Hombre"},"content":{"rendered":"<p><!-- show up to 2 reviews by default --> <\/p>\n<p>Con tus botas de f\u00fatbol para hombre Future 6.3 NETFIT ser\u00e1s la estrella del partido del futuro. Su empeine de tejido, dise\u00f1ado para una buen agilidad, proporciona un ajuste personalizado y libertad de movimiento. <br \/> AGILIDAD: Empeine de punto con NETFIT que proporciona un ajuste personalizado y libertad de movimientos <br \/> ACELERACI\u00d3N: Suela exterior ligera RAPIDAGILITY para aceleraciones superr\u00e1pidas y bruscas <br \/> TACTO: Capa de GripControl Pro en las zonas de contacto clave para un control total del bal\u00f3n durante las maniobras r\u00e1pidas de destreza <br \/> Base de suela RAPIDAGILITY: La combinaci\u00f3n ligera, reactiva y de alta tracci\u00f3n de PUMA con tacos c\u00f3nicos y con filo situados en el lugar exacto<br \/> Estructura de bot\u00edn <br \/> Empeine con NETFIT que proporciona libertad de movimiento <br \/> FG\/AG: Suela exterior para suelo firme\/suelo artificial <br \/> Leng\u00fceta de malla transpirable y ligera <br \/> Cierre con cordones para un ajuste ce\u00f1ido <br \/> Logotipo del PUMA en la zona del dedo gordo del pie, la leng\u00fceta y el tal\u00f3n <br \/> Marca FUTURE en el empeine <\/p>\n<p>Material exterior: Cuero sint\u00e9tico<br \/>\nRevestimiento: Tela<br \/>\nMaterial de la suela: Sint\u00e9tico<br \/>\nCierre: Cordones<br \/>\nTipo de tac\u00f3n: Plano<br \/>\n<\/p>\n","protected":false},"excerpt":{"rendered":"<p>Material exterior: Cuero sint\u00e9tico<br \/>\nRevestimiento: Tela<br \/>\nMaterial de la suela: Sint\u00e9tico<\/p>\n","protected":false},"featured_media":81765,"comment_status":"open","ping_status":"closed","template":"","meta":{"_kadence_starter_templates_imported_post":false,"_kad_post_transparent":"","_kad_post_title":"","_kad_post_layout":"","_kad_post_sidebar_id":"","_kad_post_content_style":"","_kad_post_vertical_padding":"","_kad_post_feature":"","_kad_post_feature_position":"","_kad_post_header":false,"_kad_post_footer":false},"product_brand":[],"product_cat":[450],"product_tag":[],"class_list":{"0":"post-81763","1":"product","2":"type-product","3":"status-publish","4":"has-post-thumbnail","6":"product_cat-futbol","7":"pa_brand-visita-la-store-de-puma","9":"first","10":"instock","11":"shipping-taxable","12":"purchasable","13":"product-type-simple","14":"entry","15":"content-bg","16":"loop-entry"},"_links":{"self":[{"href":"https:\/\/futllermo.com\/tienda\/wp-json\/wp\/v2\/product\/81763","targetHints":{"allow":["GET"]}}],"collection":[{"href":"https:\/\/futllermo.com\/tienda\/wp-json\/wp\/v2\/product"}],"about":[{"href":"https:\/\/futllermo.com\/tienda\/wp-json\/wp\/v2\/types\/product"}],"replies":[{"embeddable":true,"href":"https:\/\/futllermo.com\/tienda\/wp-json\/wp\/v2\/comments?post=81763"}],"wp:featuredmedia":[{"embeddable":true,"href":"https:\/\/futllermo.com\/tienda\/wp-json\/wp\/v2\/media\/81765"}],"wp:attachment":[{"href":"https:\/\/futllermo.com\/tienda\/wp-json\/wp\/v2\/media?parent=81763"}],"wp:term":[{"taxonomy":"product_brand","embeddable":true,"href":"https:\/\/futllermo.com\/tienda\/wp-json\/wp\/v2\/product_brand?post=81763"},{"taxonomy":"product_cat","embeddable":true,"href":"https:\/\/futllermo.com\/tienda\/wp-json\/wp\/v2\/product_cat?post=81763"},{"taxonomy":"product_tag","embeddable":true,"href":"https:\/\/futllermo.com\/tienda\/wp-json\/wp\/v2\/product_tag?post=81763"}],"curies":[{"name":"wp","href":"https:\/\/api.w.org\/{rel}","templated":true}]}}