{"id":81746,"date":"2021-01-13T10:53:19","date_gmt":"2021-01-13T10:53:19","guid":{"rendered":"https:\/\/futllermo.com\/tienda\/producto\/bolog-zapatos-de-futbol-hombre-spike-aire-libre-profesionales-atletismo-training-botas-de-futbol-ligero-tacos-futbol-zapatos-de-deporte\/"},"modified":"2022-01-13T09:55:30","modified_gmt":"2022-01-13T09:55:30","slug":"bolog-zapatos-de-futbol-hombre-spike-aire-libre-profesionales-atletismo-training-botas-de-futbol-ligero-tacos-futbol-zapatos-de-deporte","status":"publish","type":"product","link":"https:\/\/futllermo.com\/tienda\/producto\/bolog-zapatos-de-futbol-hombre-spike-aire-libre-profesionales-atletismo-training-botas-de-futbol-ligero-tacos-futbol-zapatos-de-deporte\/","title":{"rendered":"BOLOG Zapatos de F\u00fatbol Hombre Spike Aire Libre Profesionales Atletismo Training Botas de F\u00fatbol Ligero Tacos Futbol\u2026"},"content":{"rendered":"<p><!-- show up to 2 reviews by default --> <\/p>\n<p>Dise\u00f1o moldeado de alto rendimiento con amortiguaci\u00f3n para una gran comodidad en el zapato y ajuste en todo momento. <br \/>Uppers Por PU,Duradero y Duradero,Port\u00e1til y Flexible,Anti-Abrasi\u00f3n a prueba de agua. <br \/>Material \u00fanico: El caucho de TPU, caucho de la alta calidad hace este \u00fanico m\u00e1s wear-resisting y antideslizante. <br \/>Ocasiones: Suelo blando, firme, terreno duro, pastizal artificial Para la muchedumbre: Adultos, adolescentes, ni\u00f1os <br \/>Suela de goma natural resistente al desgaste antideslizante Mantenga la seguridad en esprint. <br \/>Tabla de tallas <br \/>EU35=longitud del pie 22.5CM <br \/>EU36=longitud del pie 23.0CM <br \/>EU37=longitud del pie 23.5CM <br \/>EU38=longitud del pie 24.0CM <br \/>EU39=longitud del pie 24.5CM <br \/>EU40=longitud del pie 25.0CM <br \/>EU41=longitud del pie 25.5CM <br \/>EU42=longitud del pie 26.0CM <br \/>EU43=longitud del pie 26.5CM <br \/>EU44=longitud del pie 27.0CM <br \/>EU45=longitud del pie 27.5CM <br \/>Por favor,lea nuestra tabla de tallas antes de ordenar y comp\u00e1rela con sus pies,seleccione el tama\u00f1o correcto. <\/p>\n<p>Material exterior: Sint\u00e9tico<br \/>\nMaterial de la suela: Goma<br \/>\nCierre: Cordones<br \/>\nAltura del tac\u00f3n: 1 cent\u00edmetros<br \/>\nAnchura del zapato: Normal<br \/>\n<\/p>\n","protected":false},"excerpt":{"rendered":"<p>Material exterior: Sint\u00e9tico<br \/>\nMaterial de la suela: Goma<br \/>\nCierre: Cordones<\/p>\n","protected":false},"featured_media":81750,"comment_status":"open","ping_status":"closed","template":"","meta":{"_kadence_starter_templates_imported_post":false,"_kad_post_transparent":"","_kad_post_title":"","_kad_post_layout":"","_kad_post_sidebar_id":"","_kad_post_content_style":"","_kad_post_vertical_padding":"","_kad_post_feature":"","_kad_post_feature_position":"","_kad_post_header":false,"_kad_post_footer":false},"product_brand":[],"product_cat":[450],"product_tag":[],"class_list":{"0":"post-81746","1":"product","2":"type-product","3":"status-publish","4":"has-post-thumbnail","6":"product_cat-futbol","7":"pa_brand-marca-bolog","9":"first","10":"instock","11":"shipping-taxable","12":"purchasable","13":"product-type-simple","14":"entry","15":"content-bg","16":"loop-entry"},"_links":{"self":[{"href":"https:\/\/futllermo.com\/tienda\/wp-json\/wp\/v2\/product\/81746","targetHints":{"allow":["GET"]}}],"collection":[{"href":"https:\/\/futllermo.com\/tienda\/wp-json\/wp\/v2\/product"}],"about":[{"href":"https:\/\/futllermo.com\/tienda\/wp-json\/wp\/v2\/types\/product"}],"replies":[{"embeddable":true,"href":"https:\/\/futllermo.com\/tienda\/wp-json\/wp\/v2\/comments?post=81746"}],"wp:featuredmedia":[{"embeddable":true,"href":"https:\/\/futllermo.com\/tienda\/wp-json\/wp\/v2\/media\/81750"}],"wp:attachment":[{"href":"https:\/\/futllermo.com\/tienda\/wp-json\/wp\/v2\/media?parent=81746"}],"wp:term":[{"taxonomy":"product_brand","embeddable":true,"href":"https:\/\/futllermo.com\/tienda\/wp-json\/wp\/v2\/product_brand?post=81746"},{"taxonomy":"product_cat","embeddable":true,"href":"https:\/\/futllermo.com\/tienda\/wp-json\/wp\/v2\/product_cat?post=81746"},{"taxonomy":"product_tag","embeddable":true,"href":"https:\/\/futllermo.com\/tienda\/wp-json\/wp\/v2\/product_tag?post=81746"}],"curies":[{"name":"wp","href":"https:\/\/api.w.org\/{rel}","templated":true}]}}