{"id":81744,"date":"2021-01-13T10:53:16","date_gmt":"2021-01-13T10:53:16","guid":{"rendered":"https:\/\/futllermo.com\/tienda\/producto\/puma-future-19-3-netfit-mg-jr-zapatillas-de-futbol-unisex-adulto\/"},"modified":"2022-01-13T09:55:30","modified_gmt":"2022-01-13T09:55:30","slug":"puma-future-19-3-netfit-mg-jr-zapatillas-de-futbol-unisex-adulto","status":"publish","type":"product","link":"https:\/\/futllermo.com\/tienda\/producto\/puma-future-19-3-netfit-mg-jr-zapatillas-de-futbol-unisex-adulto\/","title":{"rendered":"PUMA Future 19.3 MG Jr, Zapatillas de F\u00fatbol Unisex ni\u00f1os"},"content":{"rendered":"<p><!-- show up to 2 reviews by default --> <\/p>\n<p>Ligeras y c\u00f3modas, estas botas de f\u00fatbol mejoran el rendimiento en el terreno de juego. La tecnolog\u00eda de cordones NETFIT de PUMA ofrece opciones personalizables para que logres el ajuste que se adapte a tu pie. El calcet\u00edn de punto ayuda a que estas zapatillas se fijen en el tobillo y aporta un tacto incre\u00edblemente suave, y la suela, con sus tacos c\u00f3nicos y con filo, favorece la agilidad y el flujo de energ\u00eda. <\/p>\n<p>Material exterior: Sint\u00e9tico<br \/>\nRevestimiento: Tela<br \/>\nMaterial de la suela: Sint\u00e9tico<br \/>\nCierre: Cordones<br \/>\nTipo de tac\u00f3n: Plano<br \/>\nComposici\u00f3n: 58.26%Synthetic, 41.74%Textile<br \/>\n<\/p>\n","protected":false},"excerpt":{"rendered":"<p>Material exterior: Sint\u00e9tico<br \/>\nRevestimiento: Tela<br \/>\nMaterial de la suela: Sint\u00e9tico<\/p>\n","protected":false},"featured_media":81745,"comment_status":"open","ping_status":"closed","template":"","meta":{"_kadence_starter_templates_imported_post":false,"_kad_post_transparent":"","_kad_post_title":"","_kad_post_layout":"","_kad_post_sidebar_id":"","_kad_post_content_style":"","_kad_post_vertical_padding":"","_kad_post_feature":"","_kad_post_feature_position":"","_kad_post_header":false,"_kad_post_footer":false},"product_brand":[],"product_cat":[450],"product_tag":[],"class_list":{"0":"post-81744","1":"product","2":"type-product","3":"status-publish","4":"has-post-thumbnail","6":"product_cat-futbol","7":"pa_brand-visita-la-store-de-puma","9":"first","10":"instock","11":"shipping-taxable","12":"purchasable","13":"product-type-simple","14":"entry","15":"content-bg","16":"loop-entry"},"_links":{"self":[{"href":"https:\/\/futllermo.com\/tienda\/wp-json\/wp\/v2\/product\/81744","targetHints":{"allow":["GET"]}}],"collection":[{"href":"https:\/\/futllermo.com\/tienda\/wp-json\/wp\/v2\/product"}],"about":[{"href":"https:\/\/futllermo.com\/tienda\/wp-json\/wp\/v2\/types\/product"}],"replies":[{"embeddable":true,"href":"https:\/\/futllermo.com\/tienda\/wp-json\/wp\/v2\/comments?post=81744"}],"wp:featuredmedia":[{"embeddable":true,"href":"https:\/\/futllermo.com\/tienda\/wp-json\/wp\/v2\/media\/81745"}],"wp:attachment":[{"href":"https:\/\/futllermo.com\/tienda\/wp-json\/wp\/v2\/media?parent=81744"}],"wp:term":[{"taxonomy":"product_brand","embeddable":true,"href":"https:\/\/futllermo.com\/tienda\/wp-json\/wp\/v2\/product_brand?post=81744"},{"taxonomy":"product_cat","embeddable":true,"href":"https:\/\/futllermo.com\/tienda\/wp-json\/wp\/v2\/product_cat?post=81744"},{"taxonomy":"product_tag","embeddable":true,"href":"https:\/\/futllermo.com\/tienda\/wp-json\/wp\/v2\/product_tag?post=81744"}],"curies":[{"name":"wp","href":"https:\/\/api.w.org\/{rel}","templated":true}]}}