{"id":81712,"date":"2021-01-13T10:52:40","date_gmt":"2021-01-13T10:52:40","guid":{"rendered":"https:\/\/futllermo.com\/tienda\/producto\/nike-jr-phantom-gt-academy-ag-football-shoe-unisex-ninos\/"},"modified":"2022-01-13T09:55:30","modified_gmt":"2022-01-13T09:55:30","slug":"nike-jr-phantom-gt-academy-ag-football-shoe-unisex-ninos","status":"publish","type":"product","link":"https:\/\/futllermo.com\/tienda\/producto\/nike-jr-phantom-gt-academy-ag-football-shoe-unisex-ninos\/","title":{"rendered":"NIKE Jr. Phantom GT Academy AG, Football Shoe Unisex ni\u00f1os"},"content":{"rendered":"<p><!-- show up to 2 reviews by default --> <\/p>\n<p>La Academia Nike Phantom GT fue dise\u00f1ada para una poderosa precisi\u00f3n. El cord\u00f3n lateral proporciona un \u00e1rea de contacto de la pelota libre para los disparos dirigidos. El patr\u00f3n elevado proporciona un giro \u00f3ptimo para controlar la trayectoria de la pelota. <\/p>\n<p>Material exterior: Sint\u00e9tico<br \/>\nRevestimiento: Synthetic<br \/>\nMaterial de la suela: Caucho<br \/>\nCierre: Cordones<br \/>\n<\/p>\n","protected":false},"excerpt":{"rendered":"<p>Material exterior: Sint\u00e9tico<br \/>\nRevestimiento: Synthetic<br \/>\nMaterial de la suela: Caucho<\/p>\n","protected":false},"featured_media":81714,"comment_status":"open","ping_status":"closed","template":"","meta":{"_kadence_starter_templates_imported_post":false,"_kad_post_transparent":"","_kad_post_title":"","_kad_post_layout":"","_kad_post_sidebar_id":"","_kad_post_content_style":"","_kad_post_vertical_padding":"","_kad_post_feature":"","_kad_post_feature_position":"","_kad_post_header":false,"_kad_post_footer":false},"product_brand":[],"product_cat":[450],"product_tag":[],"class_list":{"0":"post-81712","1":"product","2":"type-product","3":"status-publish","4":"has-post-thumbnail","6":"product_cat-futbol","7":"pa_brand-visita-la-store-de-nike","9":"first","10":"instock","11":"shipping-taxable","12":"purchasable","13":"product-type-simple","14":"entry","15":"content-bg","16":"loop-entry"},"_links":{"self":[{"href":"https:\/\/futllermo.com\/tienda\/wp-json\/wp\/v2\/product\/81712","targetHints":{"allow":["GET"]}}],"collection":[{"href":"https:\/\/futllermo.com\/tienda\/wp-json\/wp\/v2\/product"}],"about":[{"href":"https:\/\/futllermo.com\/tienda\/wp-json\/wp\/v2\/types\/product"}],"replies":[{"embeddable":true,"href":"https:\/\/futllermo.com\/tienda\/wp-json\/wp\/v2\/comments?post=81712"}],"wp:featuredmedia":[{"embeddable":true,"href":"https:\/\/futllermo.com\/tienda\/wp-json\/wp\/v2\/media\/81714"}],"wp:attachment":[{"href":"https:\/\/futllermo.com\/tienda\/wp-json\/wp\/v2\/media?parent=81712"}],"wp:term":[{"taxonomy":"product_brand","embeddable":true,"href":"https:\/\/futllermo.com\/tienda\/wp-json\/wp\/v2\/product_brand?post=81712"},{"taxonomy":"product_cat","embeddable":true,"href":"https:\/\/futllermo.com\/tienda\/wp-json\/wp\/v2\/product_cat?post=81712"},{"taxonomy":"product_tag","embeddable":true,"href":"https:\/\/futllermo.com\/tienda\/wp-json\/wp\/v2\/product_tag?post=81712"}],"curies":[{"name":"wp","href":"https:\/\/api.w.org\/{rel}","templated":true}]}}