{"id":81697,"date":"2021-01-13T10:52:20","date_gmt":"2021-01-13T10:52:20","guid":{"rendered":"https:\/\/futllermo.com\/tienda\/producto\/zapatos-de-futbol-para-hombre-spike-aire-libre-atletismo-profesionales-tacos-zapatillas-de-futbol-transpirables-botas\/"},"modified":"2022-01-13T09:55:30","modified_gmt":"2022-01-13T09:55:30","slug":"zapatos-de-futbol-para-hombre-spike-aire-libre-atletismo-profesionales-tacos-zapatillas-de-futbol-transpirables-botas","status":"publish","type":"product","link":"https:\/\/futllermo.com\/tienda\/producto\/zapatos-de-futbol-para-hombre-spike-aire-libre-atletismo-profesionales-tacos-zapatillas-de-futbol-transpirables-botas\/","title":{"rendered":"Zapatos de F\u00fatbol para Hombre Spike Aire Libre Atletismo Profesionales Tacos Zapatillas de F\u00fatbol Transpirables Botas"},"content":{"rendered":"<p><!-- show up to 2 reviews by default --> <\/p>\n<p><b>\u2665Descripci\u00f3n:<\/b><br \/> \u2605Material \u00fanico: El caucho de TPU, caucho de la alta calidad hace este \u00fanico m\u00e1s wear-resisting y antideslizante.<br \/> \u2605Hecho por goma de calidad,el dise\u00f1o de fricci\u00f3n f\u00e1cil de controlar el f\u00fatbol.<br \/> \u2605Hecho de microfibra, suave, ligero, transpirable, resistente, ligero, flexible.<br \/> \u2605Ocasiones: Suelo blando, firme, terreno duro, pastizal artificial Para la muchedumbre: Adultos, adolescentes.<br \/> \u2605Dise\u00f1o moldeado de alto rendimiento con amortiguaci\u00f3n para una gran comodidad y ajuste en el zapato en todo momento <br \/><b>\u2665Tabla de tallas:<\/b><br \/> 1.Por favor, elija su tama\u00f1o perfecto seg\u00fan nuestra tabla de tallas por debajo de.<br \/> 2.Por favor de 1 &#8211; 2cm desviaciones debido a la diferencia de la medici\u00f3n manual.<br \/> 3.Los pies de los ni\u00f1os crecen r\u00e1pidamente, \u00a1recomendamos comprar un tama\u00f1o m\u00e1s grande!<br \/> EU 40 = Longitud del pie 250mm<br \/> EU 41 = Longitud del pie 255mm<br \/> EU 42 = Longitud del pie 260mm<br \/> EU 43 = Longitud del pie 265mm<br \/> EU 44 = Longitud del pie 270mm<br \/> EU 45 = Longitud del pie 275mm<\/p>\n<p>Material exterior: Cuero de TPU<br \/>\nRevestimiento: Cuero<br \/>\nMaterial de la suela: Goma<br \/>\nCierre: Encaje frontal<br \/>\nAltura del tac\u00f3n: 3 cent\u00edmetros<br \/>\nTipo de tac\u00f3n: Plano<br \/>\n<\/p>\n","protected":false},"excerpt":{"rendered":"<p>Material exterior: Cuero de TPU<br \/>\nRevestimiento: Cuero<br \/>\nMaterial de la suela: Goma<\/p>\n","protected":false},"featured_media":81699,"comment_status":"open","ping_status":"closed","template":"","meta":{"_kadence_starter_templates_imported_post":false,"_kad_post_transparent":"","_kad_post_title":"","_kad_post_layout":"","_kad_post_sidebar_id":"","_kad_post_content_style":"","_kad_post_vertical_padding":"","_kad_post_feature":"","_kad_post_feature_position":"","_kad_post_header":false,"_kad_post_footer":false},"product_brand":[],"product_cat":[450],"product_tag":[],"class_list":{"0":"post-81697","1":"product","2":"type-product","3":"status-publish","4":"has-post-thumbnail","6":"product_cat-futbol","7":"pa_brand-marca-ewdf","9":"first","10":"instock","11":"shipping-taxable","12":"purchasable","13":"product-type-simple","14":"entry","15":"content-bg","16":"loop-entry"},"_links":{"self":[{"href":"https:\/\/futllermo.com\/tienda\/wp-json\/wp\/v2\/product\/81697","targetHints":{"allow":["GET"]}}],"collection":[{"href":"https:\/\/futllermo.com\/tienda\/wp-json\/wp\/v2\/product"}],"about":[{"href":"https:\/\/futllermo.com\/tienda\/wp-json\/wp\/v2\/types\/product"}],"replies":[{"embeddable":true,"href":"https:\/\/futllermo.com\/tienda\/wp-json\/wp\/v2\/comments?post=81697"}],"wp:featuredmedia":[{"embeddable":true,"href":"https:\/\/futllermo.com\/tienda\/wp-json\/wp\/v2\/media\/81699"}],"wp:attachment":[{"href":"https:\/\/futllermo.com\/tienda\/wp-json\/wp\/v2\/media?parent=81697"}],"wp:term":[{"taxonomy":"product_brand","embeddable":true,"href":"https:\/\/futllermo.com\/tienda\/wp-json\/wp\/v2\/product_brand?post=81697"},{"taxonomy":"product_cat","embeddable":true,"href":"https:\/\/futllermo.com\/tienda\/wp-json\/wp\/v2\/product_cat?post=81697"},{"taxonomy":"product_tag","embeddable":true,"href":"https:\/\/futllermo.com\/tienda\/wp-json\/wp\/v2\/product_tag?post=81697"}],"curies":[{"name":"wp","href":"https:\/\/api.w.org\/{rel}","templated":true}]}}