{"id":81696,"date":"2021-01-13T10:52:19","date_gmt":"2021-01-13T10:52:19","guid":{"rendered":"https:\/\/futllermo.com\/tienda\/producto\/botas-de-futbol-para-hombre-spike-zapatillas-de-futbol-profesionales-atletismo-training-zapatos-de-futbol\/"},"modified":"2022-01-13T09:55:30","modified_gmt":"2022-01-13T09:55:30","slug":"botas-de-futbol-para-hombre-spike-zapatillas-de-futbol-profesionales-atletismo-training-zapatos-de-futbol","status":"publish","type":"product","link":"https:\/\/futllermo.com\/tienda\/producto\/botas-de-futbol-para-hombre-spike-zapatillas-de-futbol-profesionales-atletismo-training-zapatos-de-futbol\/","title":{"rendered":"Botas de F\u00fatbol para Hombre Spike Zapatillas de F\u00fatbol Profesionales Atletismo Training Zapatos de F\u00fatbol"},"content":{"rendered":"<p><!-- show up to 2 reviews by default --> <\/p>\n<p>1.Hecho por PU, duradero y duradero, port\u00e1til y flexible, antiabrasi\u00f3n impermeable. 2.Hecho con goma de calidad, el dise\u00f1o de fricci\u00f3n es f\u00e1cil de controlar para el f\u00fatbol. <br \/> 3.La suela de goma natural es resistente al desgaste y antideslizante, manteniendo el sprint seguro. 4.Un par de zapatos de f\u00fatbol (sin caja de zapatos debido a requisitos aduaneros). <br \/> Tabla de tallas: <br \/> 5.5 Reino Unido = 38 EU = Longitud del pie = 240 mm = 9.44 pulgadas <br \/> 6 Reino Unido = 39 EU = Longitud del pie = 245 mm = 9.64 pulgadas <br \/> 6.5 Reino Unido = 40 EU = Longitud del pie = 250 mm = 9.84 pulgadas <br \/> 7 Reino Unido = 41 EU = Longitud del pie = 255 mm = 10.03 pulgadas <br \/> 7.5 UK = 42 EU = Longitud del pie = 260 = 10.23 pulgadas <br \/> 8 Reino Unido = 43 EU = Longitud del pie = 265 mm = 10,44 pulgadas <br \/> 8.5 UK = 44 EU = Longitud del pie = 270 = 10.63 pulgadas <br \/> 9 Reino Unido = 45 EU = Longitud del pie = 275 = 10.83 pulgadas <br \/> 1: la parte superior es de PVC c\u00f3modo, y caminar es c\u00f3modo y conveniente, lo que le permite correr libremente.<br \/> 2: Dise\u00f1ado con una boca de calcet\u00edn, es f\u00e1cil de poner y quitar, lo que le brinda una experiencia diferente.<br \/> 3: malla interior c\u00f3moda y suave, mantenga sus pies secos y c\u00f3modos, le permite caminar libremente en cada paso<br \/> 4: suela con dise\u00f1o de u\u00f1a antideslizante resistente al desgaste, que se ejecuta libremente 5: material: parte superior: PVC, interior: malla, suela: goma.<\/p>\n<p>Material exterior: Cuero sint\u00e9tico<br \/>\nRevestimiento: Malla<br \/>\nCierre: Corbata delantera<br \/>\nAltura del tac\u00f3n: 3 cent\u00edmetros<br \/>\nTipo de tac\u00f3n: Espiga<br \/>\n<\/p>\n","protected":false},"excerpt":{"rendered":"<p>Material exterior: Cuero sint\u00e9tico<br \/>\nRevestimiento: Malla<br \/>\nCierre: Corbata delantera<\/p>\n","protected":false},"featured_media":81698,"comment_status":"open","ping_status":"closed","template":"","meta":{"_kadence_starter_templates_imported_post":false,"_kad_post_transparent":"","_kad_post_title":"","_kad_post_layout":"","_kad_post_sidebar_id":"","_kad_post_content_style":"","_kad_post_vertical_padding":"","_kad_post_feature":"","_kad_post_feature_position":"","_kad_post_header":false,"_kad_post_footer":false},"product_brand":[],"product_cat":[450],"product_tag":[],"class_list":{"0":"post-81696","1":"product","2":"type-product","3":"status-publish","4":"has-post-thumbnail","6":"product_cat-futbol","7":"pa_brand-marca-lcxax","9":"first","10":"instock","11":"shipping-taxable","12":"purchasable","13":"product-type-simple","14":"entry","15":"content-bg","16":"loop-entry"},"_links":{"self":[{"href":"https:\/\/futllermo.com\/tienda\/wp-json\/wp\/v2\/product\/81696","targetHints":{"allow":["GET"]}}],"collection":[{"href":"https:\/\/futllermo.com\/tienda\/wp-json\/wp\/v2\/product"}],"about":[{"href":"https:\/\/futllermo.com\/tienda\/wp-json\/wp\/v2\/types\/product"}],"replies":[{"embeddable":true,"href":"https:\/\/futllermo.com\/tienda\/wp-json\/wp\/v2\/comments?post=81696"}],"wp:featuredmedia":[{"embeddable":true,"href":"https:\/\/futllermo.com\/tienda\/wp-json\/wp\/v2\/media\/81698"}],"wp:attachment":[{"href":"https:\/\/futllermo.com\/tienda\/wp-json\/wp\/v2\/media?parent=81696"}],"wp:term":[{"taxonomy":"product_brand","embeddable":true,"href":"https:\/\/futllermo.com\/tienda\/wp-json\/wp\/v2\/product_brand?post=81696"},{"taxonomy":"product_cat","embeddable":true,"href":"https:\/\/futllermo.com\/tienda\/wp-json\/wp\/v2\/product_cat?post=81696"},{"taxonomy":"product_tag","embeddable":true,"href":"https:\/\/futllermo.com\/tienda\/wp-json\/wp\/v2\/product_tag?post=81696"}],"curies":[{"name":"wp","href":"https:\/\/api.w.org\/{rel}","templated":true}]}}