{"id":81664,"date":"2021-01-13T10:51:36","date_gmt":"2021-01-13T10:51:36","guid":{"rendered":"https:\/\/futllermo.com\/tienda\/producto\/puma-future-19-2-netfit-fg-ag-zapatillas-de-futbol-hombre\/"},"modified":"2022-01-13T09:55:29","modified_gmt":"2022-01-13T09:55:29","slug":"puma-future-19-2-netfit-fg-ag-zapatillas-de-futbol-hombre","status":"publish","type":"product","link":"https:\/\/futllermo.com\/tienda\/producto\/puma-future-19-2-netfit-fg-ag-zapatillas-de-futbol-hombre\/","title":{"rendered":"PUMA Future 19.2 Netfit FG\/AG, Zapatillas de F\u00fatbol Hombre"},"content":{"rendered":"<p><!-- show up to 2 reviews by default --> <\/p>\n<p>Creadas con la tecnolog\u00eda avanzada NETFIT 3.0 de PUMA, estas botas de f\u00fatbol de hombre para terreno de juego duro\/artificial FUTURE 19.2 NETFIT se adaptan a tus pies y los revisten con comodidad. El exterior de punto NETFIT te permite personalizar el ajuste, mejorando de esta manera la flexibilidad y la libertad de movimientos. Estas botas llamativas aportan mucho m\u00e1s que un toque de color a tu juego. La suela ligera aporta una explosi\u00f3n de velocidad oculta y cuenta con una combinaci\u00f3n de tacos c\u00f3nicos y laminados que se pueden utilizar tanto en terrenos de juego duros y en c\u00e9sped artificial. <\/p>\n<p>Material exterior: Sint\u00e9tico<br \/>\nRevestimiento: Sint\u00e9tico<br \/>\nMaterial de la suela: Sint\u00e9tico<br \/>\nCierre: Cordones<br \/>\nTipo de tac\u00f3n: Plano<br \/>\nComposici\u00f3n: 55.68%Synthetic, 44.32%Textile<br \/>\n<\/p>\n","protected":false},"excerpt":{"rendered":"<p>Material exterior: Sint\u00e9tico<br \/>\nRevestimiento: Sint\u00e9tico<br \/>\nMaterial de la suela: Sint\u00e9tico<\/p>\n","protected":false},"featured_media":81665,"comment_status":"open","ping_status":"closed","template":"","meta":{"_kadence_starter_templates_imported_post":false,"_kad_post_transparent":"","_kad_post_title":"","_kad_post_layout":"","_kad_post_sidebar_id":"","_kad_post_content_style":"","_kad_post_vertical_padding":"","_kad_post_feature":"","_kad_post_feature_position":"","_kad_post_header":false,"_kad_post_footer":false},"product_brand":[],"product_cat":[450],"product_tag":[],"class_list":{"0":"post-81664","1":"product","2":"type-product","3":"status-publish","4":"has-post-thumbnail","6":"product_cat-futbol","7":"pa_brand-visita-la-store-de-puma","9":"first","10":"instock","11":"shipping-taxable","12":"purchasable","13":"product-type-simple","14":"entry","15":"content-bg","16":"loop-entry"},"_links":{"self":[{"href":"https:\/\/futllermo.com\/tienda\/wp-json\/wp\/v2\/product\/81664","targetHints":{"allow":["GET"]}}],"collection":[{"href":"https:\/\/futllermo.com\/tienda\/wp-json\/wp\/v2\/product"}],"about":[{"href":"https:\/\/futllermo.com\/tienda\/wp-json\/wp\/v2\/types\/product"}],"replies":[{"embeddable":true,"href":"https:\/\/futllermo.com\/tienda\/wp-json\/wp\/v2\/comments?post=81664"}],"wp:featuredmedia":[{"embeddable":true,"href":"https:\/\/futllermo.com\/tienda\/wp-json\/wp\/v2\/media\/81665"}],"wp:attachment":[{"href":"https:\/\/futllermo.com\/tienda\/wp-json\/wp\/v2\/media?parent=81664"}],"wp:term":[{"taxonomy":"product_brand","embeddable":true,"href":"https:\/\/futllermo.com\/tienda\/wp-json\/wp\/v2\/product_brand?post=81664"},{"taxonomy":"product_cat","embeddable":true,"href":"https:\/\/futllermo.com\/tienda\/wp-json\/wp\/v2\/product_cat?post=81664"},{"taxonomy":"product_tag","embeddable":true,"href":"https:\/\/futllermo.com\/tienda\/wp-json\/wp\/v2\/product_tag?post=81664"}],"curies":[{"name":"wp","href":"https:\/\/api.w.org\/{rel}","templated":true}]}}