{"id":81649,"date":"2021-01-13T10:51:24","date_gmt":"2021-01-13T10:51:24","guid":{"rendered":"https:\/\/futllermo.com\/tienda\/producto\/puma-one-20-3-osg-fg-ag-botas-de-futbol-hombre\/"},"modified":"2022-01-13T09:55:29","modified_gmt":"2022-01-13T09:55:29","slug":"puma-one-20-3-osg-fg-ag-botas-de-futbol-hombre","status":"publish","type":"product","link":"https:\/\/futllermo.com\/tienda\/producto\/puma-one-20-3-osg-fg-ag-botas-de-futbol-hombre\/","title":{"rendered":"PUMA One 20.3 Osg FG\/AG, Botas de F\u00fatbol Hombre"},"content":{"rendered":"<p><!-- show up to 2 reviews by default --> <\/p>\n<p>La marca alemana Puma presenta el \u00faltimo lanzamiento de sus botas de f\u00fatbol Rise Pack con los jugadores Sergio Ag\u00fcero, Luis Su\u00e1rez, Antoine Griezmann, Lukaku o Ada Hegerberg como emblemas. Los llamativos colores rosa y amarillo de las evoPower y evoSpeed del Tricks Pack se convert\u00edan en el centro de miradas en la Euro 2016 y hoy, la esencia de aquella vistosa estampa, vuelve a los terrenos de juego con dos llamativos colores. Puma siempre sorprendiendo al futbolista moderno. Bienvenidos al Puma Rise Pack. <\/p>\n<p>Material exterior: Cuero<br \/>\nCierre: Cordones<br \/>\n<\/p>\n","protected":false},"excerpt":{"rendered":"<p>Material exterior: Cuero<br \/>\nCierre: Cordones<\/p>\n","protected":false},"featured_media":81653,"comment_status":"open","ping_status":"closed","template":"","meta":{"_kadence_starter_templates_imported_post":false,"_kad_post_transparent":"","_kad_post_title":"","_kad_post_layout":"","_kad_post_sidebar_id":"","_kad_post_content_style":"","_kad_post_vertical_padding":"","_kad_post_feature":"","_kad_post_feature_position":"","_kad_post_header":false,"_kad_post_footer":false},"product_brand":[],"product_cat":[450],"product_tag":[],"class_list":{"0":"post-81649","1":"product","2":"type-product","3":"status-publish","4":"has-post-thumbnail","6":"product_cat-futbol","7":"pa_brand-visita-la-store-de-puma","9":"first","10":"instock","11":"shipping-taxable","12":"purchasable","13":"product-type-simple","14":"entry","15":"content-bg","16":"loop-entry"},"_links":{"self":[{"href":"https:\/\/futllermo.com\/tienda\/wp-json\/wp\/v2\/product\/81649","targetHints":{"allow":["GET"]}}],"collection":[{"href":"https:\/\/futllermo.com\/tienda\/wp-json\/wp\/v2\/product"}],"about":[{"href":"https:\/\/futllermo.com\/tienda\/wp-json\/wp\/v2\/types\/product"}],"replies":[{"embeddable":true,"href":"https:\/\/futllermo.com\/tienda\/wp-json\/wp\/v2\/comments?post=81649"}],"wp:featuredmedia":[{"embeddable":true,"href":"https:\/\/futllermo.com\/tienda\/wp-json\/wp\/v2\/media\/81653"}],"wp:attachment":[{"href":"https:\/\/futllermo.com\/tienda\/wp-json\/wp\/v2\/media?parent=81649"}],"wp:term":[{"taxonomy":"product_brand","embeddable":true,"href":"https:\/\/futllermo.com\/tienda\/wp-json\/wp\/v2\/product_brand?post=81649"},{"taxonomy":"product_cat","embeddable":true,"href":"https:\/\/futllermo.com\/tienda\/wp-json\/wp\/v2\/product_cat?post=81649"},{"taxonomy":"product_tag","embeddable":true,"href":"https:\/\/futllermo.com\/tienda\/wp-json\/wp\/v2\/product_tag?post=81649"}],"curies":[{"name":"wp","href":"https:\/\/api.w.org\/{rel}","templated":true}]}}