{"id":81633,"date":"2021-01-13T10:51:06","date_gmt":"2021-01-13T10:51:06","guid":{"rendered":"https:\/\/futllermo.com\/tienda\/producto\/zapatos-de-futbol-para-hombre-spike-zapatillas-de-futbol-profesionales-atletismo-training-botas-de-futbol\/"},"modified":"2022-01-13T09:55:29","modified_gmt":"2022-01-13T09:55:29","slug":"zapatos-de-futbol-para-hombre-spike-zapatillas-de-futbol-profesionales-atletismo-training-botas-de-futbol","status":"publish","type":"product","link":"https:\/\/futllermo.com\/tienda\/producto\/zapatos-de-futbol-para-hombre-spike-zapatillas-de-futbol-profesionales-atletismo-training-botas-de-futbol\/","title":{"rendered":"Zapatos de F\u00fatbol para Hombre Spike Zapatillas de F\u00fatbol Profesionales Atletismo Training Botas de F\u00fatbol"},"content":{"rendered":"<p><!-- show up to 2 reviews by default --> <\/p>\n<p>Se acepta un error de 0.5-1 cm, elija el tama\u00f1o por la longitud de sus pies. Si su empeine es m\u00e1s alto o sus pies son m\u00e1s anchos, elija un tama\u00f1o m\u00e1s grande.<br \/> EU 39: 6 UK = Longitud de los pies: 24.0-24.5cm<br \/> EU 40: 6.5UK = Longitud de los pies: 24.5-25.0cm<br \/> EU 41: 7 UK = Longitud de los pies: 25.0-25.5cm<br \/> EU 42: 7.5 UK = Longitud de los pies: 25.5-26.0cm<br \/> EU 43: 8 UK = Longitud de los pies: 26.0-26.5cm<br \/> EU 44: 8.5 Reino Unido = Longitud de los pies: 26.5-27.0cm<br \/> EU 45: 9 Reino Unido = Longitud de los pies: 27.0-27.5cm<br \/> EU 46: 9.5 Reino Unido = Longitud de los pies: 27.5-28.0cm<br \/> 1 \uff1aSuela exterior antideslizante y resistente al desgaste, tacos y textura c\u00f3modos, estabiliza eficazmente el cuerpo del zapato, proporciona una fuerte protecci\u00f3n y tambi\u00e9n proporciona un agarre giratorio para lograr una aceleraci\u00f3n explosiva, cambio de parada de emergencia, giro flexible <br \/> 2 \uff1aAdopte el popular dise\u00f1o de calzado se usa tela suave y c\u00f3moda, ser\u00e1 liviana cuando se la ponga <br \/> 3 \uff1aforro transpirable <br \/> 4 : La tela superior es de cuero de alta calidad con las caracter\u00edsticas de suavidad, ligereza y resistencia al agua, lo que puede proporcionar un buen control y sensaci\u00f3n para el f\u00fatbol, es una buena opci\u00f3n de calzado de f\u00fatbol <br \/> 5\uff1a Amortiguaci\u00f3n del tal\u00f3n <br \/> Descripci\u00f3n del producto<br \/> material exterior: cuero<br \/> material de suela: goma (antideslizante, ligero) <br \/> Rendimiento:antideslizante, resistente al desgaste, de alta calidad <\/p>\n<p>Material exterior: Buena piel<br \/>\nRevestimiento: Microfibra<br \/>\nMaterial de la suela: Goma<br \/>\nCierre: Encaje frontal<br \/>\nAltura del tac\u00f3n: 3 cent\u00edmetros<br \/>\nTipo de tac\u00f3n: Plano<br \/>\n<\/p>\n","protected":false},"excerpt":{"rendered":"<p>Material exterior: Buena piel<br \/>\nRevestimiento: Microfibra<br \/>\nMaterial de la suela: Goma<\/p>\n","protected":false},"featured_media":81636,"comment_status":"open","ping_status":"closed","template":"","meta":{"_kadence_starter_templates_imported_post":false,"_kad_post_transparent":"","_kad_post_title":"","_kad_post_layout":"","_kad_post_sidebar_id":"","_kad_post_content_style":"","_kad_post_vertical_padding":"","_kad_post_feature":"","_kad_post_feature_position":"","_kad_post_header":false,"_kad_post_footer":false},"product_brand":[],"product_cat":[450],"product_tag":[],"class_list":{"0":"post-81633","1":"product","2":"type-product","3":"status-publish","4":"has-post-thumbnail","6":"product_cat-futbol","7":"pa_brand-marca-ax","9":"first","10":"instock","11":"shipping-taxable","12":"purchasable","13":"product-type-simple","14":"entry","15":"content-bg","16":"loop-entry"},"_links":{"self":[{"href":"https:\/\/futllermo.com\/tienda\/wp-json\/wp\/v2\/product\/81633","targetHints":{"allow":["GET"]}}],"collection":[{"href":"https:\/\/futllermo.com\/tienda\/wp-json\/wp\/v2\/product"}],"about":[{"href":"https:\/\/futllermo.com\/tienda\/wp-json\/wp\/v2\/types\/product"}],"replies":[{"embeddable":true,"href":"https:\/\/futllermo.com\/tienda\/wp-json\/wp\/v2\/comments?post=81633"}],"wp:featuredmedia":[{"embeddable":true,"href":"https:\/\/futllermo.com\/tienda\/wp-json\/wp\/v2\/media\/81636"}],"wp:attachment":[{"href":"https:\/\/futllermo.com\/tienda\/wp-json\/wp\/v2\/media?parent=81633"}],"wp:term":[{"taxonomy":"product_brand","embeddable":true,"href":"https:\/\/futllermo.com\/tienda\/wp-json\/wp\/v2\/product_brand?post=81633"},{"taxonomy":"product_cat","embeddable":true,"href":"https:\/\/futllermo.com\/tienda\/wp-json\/wp\/v2\/product_cat?post=81633"},{"taxonomy":"product_tag","embeddable":true,"href":"https:\/\/futllermo.com\/tienda\/wp-json\/wp\/v2\/product_tag?post=81633"}],"curies":[{"name":"wp","href":"https:\/\/api.w.org\/{rel}","templated":true}]}}