{"id":81630,"date":"2021-01-13T10:51:00","date_gmt":"2021-01-13T10:51:00","guid":{"rendered":"https:\/\/futllermo.com\/tienda\/producto\/liannao-botas-de-futbol-para-hombre-spike-aire-libre-profesionales-atletismotraining-deporte-zapatillas-de-futbol-hombre-zapatos-de-futbol\/"},"modified":"2022-01-13T09:55:29","modified_gmt":"2022-01-13T09:55:29","slug":"liannao-botas-de-futbol-para-hombre-spike-aire-libre-profesionales-atletismotraining-deporte-zapatillas-de-futbol-hombre-zapatos-de-futbol","status":"publish","type":"product","link":"https:\/\/futllermo.com\/tienda\/producto\/liannao-botas-de-futbol-para-hombre-spike-aire-libre-profesionales-atletismotraining-deporte-zapatillas-de-futbol-hombre-zapatos-de-futbol\/","title":{"rendered":"LIANNAO Botas de F\u00fatbol para Hombre Spike Zapatillas de F\u00fatbol Profesionales Atletismo Training Zapatos de F\u00fatbol\u2026"},"content":{"rendered":"<p><!-- show up to 2 reviews by default --> <\/p>\n<p> Especificaciones b\u00e1sicas: <\/p>\n<p> Tipo cerrado: cordones <br \/> Adecuado para la multitud: adolescentes, adultos. <br \/> \u00fanico material: caucho <br \/> Material interior: malla <br \/>Carta del tama\u00f1o: <br \/>Por favor elija su talla perfecta de acuerdo a nuestra tabla de tallas a continuaci\u00f3n <br \/>Por favor, permita desviaciones de 1-2 cm debido a la diferencia de medici\u00f3n manual <br \/>EU35=longitud del pie 22.5CM <br \/>EU36=longitud del pie 23.0CM <br \/>EU37=longitud del pie 23.5CM <br \/>EU38=longitud del pie 24.0CM <br \/>EU39=longitud del pie 24.5CM <br \/>EU40=longitud del pie 25.0CM <br \/>EU41=longitud del pie 25.5CM <br \/>EU42=longitud del pie 26.0CM <br \/>EU43=longitud del pie 26.5CM <br \/>EU44=longitud del pie 27.0CM <br \/>EU45=longitud del pie 27.5CM <br \/>EU46=longitud del pie 28CM <br \/>EU47=longitud del pie 28.5CM <br \/> Por motivos de luz y otros, inevitablemente puede haber diferencias de color en los productos. Por favor refi\u00e9rase finalmente al objeto. Un par de zapatos con bolsa de espuma afuera y columna de aire adentro, sin caja de zapatos por razones aduaneras. <br \/> Revisamos cada bota de f\u00fatbol antes del env\u00edo, pero a\u00fan se puede da\u00f1ar durante el env\u00edo. Si recibe sus productos, rev\u00edselos y, si encuentra alg\u00fan problema, cont\u00e1ctenos, lo solucionaremos de inmediato. <br \/> Gracias por su compra, si est\u00e1 satisfecho con nuestros zapatos, denos una calificaci\u00f3n de cinco estrellas que es muy importante para nosotros. Gracias de nuevo por su amabilidad, queridos amigos!\u00bb <\/p>\n<p>Material exterior: Sint\u00e9tico<br \/>\nRevestimiento: Malla<br \/>\nMaterial de la suela: Goma<br \/>\nCierre: Cordones<br \/>\nAltura del tac\u00f3n: 1 cent\u00edmetros<br \/>\nAnchura del zapato: Normal<br \/>\n<\/p>\n","protected":false},"excerpt":{"rendered":"<p>Material exterior: Sint\u00e9tico<br \/>\nRevestimiento: Malla<br \/>\nMaterial de la suela: Goma<\/p>\n","protected":false},"featured_media":81631,"comment_status":"open","ping_status":"closed","template":"","meta":{"_kadence_starter_templates_imported_post":false,"_kad_post_transparent":"","_kad_post_title":"","_kad_post_layout":"","_kad_post_sidebar_id":"","_kad_post_content_style":"","_kad_post_vertical_padding":"","_kad_post_feature":"","_kad_post_feature_position":"","_kad_post_header":false,"_kad_post_footer":false},"product_brand":[],"product_cat":[450],"product_tag":[],"class_list":{"0":"post-81630","1":"product","2":"type-product","3":"status-publish","4":"has-post-thumbnail","6":"product_cat-futbol","7":"pa_brand-marca-liannao","9":"first","10":"instock","11":"shipping-taxable","12":"purchasable","13":"product-type-simple","14":"entry","15":"content-bg","16":"loop-entry"},"_links":{"self":[{"href":"https:\/\/futllermo.com\/tienda\/wp-json\/wp\/v2\/product\/81630","targetHints":{"allow":["GET"]}}],"collection":[{"href":"https:\/\/futllermo.com\/tienda\/wp-json\/wp\/v2\/product"}],"about":[{"href":"https:\/\/futllermo.com\/tienda\/wp-json\/wp\/v2\/types\/product"}],"replies":[{"embeddable":true,"href":"https:\/\/futllermo.com\/tienda\/wp-json\/wp\/v2\/comments?post=81630"}],"wp:featuredmedia":[{"embeddable":true,"href":"https:\/\/futllermo.com\/tienda\/wp-json\/wp\/v2\/media\/81631"}],"wp:attachment":[{"href":"https:\/\/futllermo.com\/tienda\/wp-json\/wp\/v2\/media?parent=81630"}],"wp:term":[{"taxonomy":"product_brand","embeddable":true,"href":"https:\/\/futllermo.com\/tienda\/wp-json\/wp\/v2\/product_brand?post=81630"},{"taxonomy":"product_cat","embeddable":true,"href":"https:\/\/futllermo.com\/tienda\/wp-json\/wp\/v2\/product_cat?post=81630"},{"taxonomy":"product_tag","embeddable":true,"href":"https:\/\/futllermo.com\/tienda\/wp-json\/wp\/v2\/product_tag?post=81630"}],"curies":[{"name":"wp","href":"https:\/\/api.w.org\/{rel}","templated":true}]}}