{"id":81612,"date":"2021-01-13T10:50:36","date_gmt":"2021-01-13T10:50:36","guid":{"rendered":"https:\/\/futllermo.com\/tienda\/producto\/umbro-ux-accuro-iii-pro-fg-botas-de-futbol-para-hombre\/"},"modified":"2022-01-13T09:55:28","modified_gmt":"2022-01-13T09:55:28","slug":"umbro-ux-accuro-iii-pro-fg-botas-de-futbol-para-hombre","status":"publish","type":"product","link":"https:\/\/futllermo.com\/tienda\/producto\/umbro-ux-accuro-iii-pro-fg-botas-de-futbol-para-hombre\/","title":{"rendered":"UMBRO UX Accuro III Pro FG &#8211; Botas de f\u00fatbol para hombre"},"content":{"rendered":"<p><!-- show up to 2 reviews by default --> <\/p>\n<p>Con el UX Accuro III Pro siempre estar\u00e1s un paso por delante de tu oponente. <\/p>\n<p>El material exterior resistente se ajusta perfectamente al pie y permite un excelente control del bal\u00f3n. La suela de tacos de TPU ha sido especialmente dise\u00f1ada para su uso en campos de c\u00e9sped natural y ayuda a movimientos r\u00e1pidos y cambios de direcci\u00f3n en tu camino hacia la puerta. <\/p>\n<p>Material exterior transpirable<br \/>\nSujeci\u00f3n perfecta en cambios de direcci\u00f3n<br \/>\nBase firme (FG) para el uso en c\u00e9sped natural<br \/>\nControl \u00f3ptimo del bal\u00f3n<br \/>\nCordones sim\u00e9tricos<br \/>\n<\/p>\n","protected":false},"excerpt":{"rendered":"<p>Material exterior transpirable<br \/>\nSujeci\u00f3n perfecta en cambios de direcci\u00f3n<br \/>\nBase firme (FG) para el uso en c\u00e9sped natural<\/p>\n","protected":false},"featured_media":81613,"comment_status":"open","ping_status":"closed","template":"","meta":{"_kadence_starter_templates_imported_post":false,"_kad_post_transparent":"","_kad_post_title":"","_kad_post_layout":"","_kad_post_sidebar_id":"","_kad_post_content_style":"","_kad_post_vertical_padding":"","_kad_post_feature":"","_kad_post_feature_position":"","_kad_post_header":false,"_kad_post_footer":false},"product_brand":[],"product_cat":[450],"product_tag":[],"class_list":{"0":"post-81612","1":"product","2":"type-product","3":"status-publish","4":"has-post-thumbnail","6":"product_cat-futbol","7":"pa_brand-marca-umbro","9":"first","10":"instock","11":"shipping-taxable","12":"purchasable","13":"product-type-simple","14":"entry","15":"content-bg","16":"loop-entry"},"_links":{"self":[{"href":"https:\/\/futllermo.com\/tienda\/wp-json\/wp\/v2\/product\/81612","targetHints":{"allow":["GET"]}}],"collection":[{"href":"https:\/\/futllermo.com\/tienda\/wp-json\/wp\/v2\/product"}],"about":[{"href":"https:\/\/futllermo.com\/tienda\/wp-json\/wp\/v2\/types\/product"}],"replies":[{"embeddable":true,"href":"https:\/\/futllermo.com\/tienda\/wp-json\/wp\/v2\/comments?post=81612"}],"wp:featuredmedia":[{"embeddable":true,"href":"https:\/\/futllermo.com\/tienda\/wp-json\/wp\/v2\/media\/81613"}],"wp:attachment":[{"href":"https:\/\/futllermo.com\/tienda\/wp-json\/wp\/v2\/media?parent=81612"}],"wp:term":[{"taxonomy":"product_brand","embeddable":true,"href":"https:\/\/futllermo.com\/tienda\/wp-json\/wp\/v2\/product_brand?post=81612"},{"taxonomy":"product_cat","embeddable":true,"href":"https:\/\/futllermo.com\/tienda\/wp-json\/wp\/v2\/product_cat?post=81612"},{"taxonomy":"product_tag","embeddable":true,"href":"https:\/\/futllermo.com\/tienda\/wp-json\/wp\/v2\/product_tag?post=81612"}],"curies":[{"name":"wp","href":"https:\/\/api.w.org\/{rel}","templated":true}]}}