{"id":81581,"date":"2021-01-13T10:50:01","date_gmt":"2021-01-13T10:50:01","guid":{"rendered":"https:\/\/futllermo.com\/tienda\/producto\/puma-one-20-1-fg-ag-botas-de-futbol-hombre\/"},"modified":"2022-01-13T09:55:28","modified_gmt":"2022-01-13T09:55:28","slug":"puma-one-20-1-fg-ag-botas-de-futbol-hombre","status":"publish","type":"product","link":"https:\/\/futllermo.com\/tienda\/producto\/puma-one-20-1-fg-ag-botas-de-futbol-hombre\/","title":{"rendered":"PUMA One 20.1 FG\/AG, Botas de f\u00fatbol Hombre"},"content":{"rendered":"<p><!-- show up to 2 reviews by default --> <\/p>\n<p>Zapatillas de f\u00fatbol Puma ONE 20.1 FG\/AG para hombre Los botines de f\u00fatbol Puma ofrecen una mezcla adecuada de agilidad, funcionalidad y dise\u00f1o. Este modelo de bot\u00edn permite una mayor velocidad en el campo, as\u00ed como una sensaci\u00f3n de control del bal\u00f3n. Los zapatos de f\u00fatbol multitacos para exteriores son adecuados para terrenos firmes y terrenos artificiales. Bot\u00edn para f\u00fatbol con agarre adecuado que permite gozar de agilidad y estabilidad mientras se juega. Gracias a la solapa de las botas de tacos, la bota es elegante y . La bota de tacos para f\u00fatbol est\u00e1 hecha de materiales es para un control absoluto de la pelota. La suela de estas zapatillas de f\u00fatbol proporciona la sujeci\u00f3n \u00f3ptima y la amortiguaci\u00f3n que se necesitan para jugar en c\u00e9sped artificial o hierba. Las zapatillas de f\u00fatbol multitacos tienen un dise\u00f1o en forma de bot\u00edn y un cierre con cordones para un \u00f3ptimo ajuste al pie. Puma \u2013 Forever Faster A trav\u00e9s de la l\u00ednea Forever Faster los deportistas tienen la posibilidad de alcanzar un alto rendimiento y desempe\u00f1o f\u00edsico. No importa el estilo, el color o el tama\u00f1o. Puma siempre piensa en las prendas deportivas \u00f3ptimas para cada tipo de deporte. Los productos Puma nacen de la combinaci\u00f3n de tecnolog\u00eda avanzada y alta funcionalidad con un estilo y materiales transpirables, resistentes al agua y ligeros. As\u00ed nace una generaci\u00f3n de prendas deportivas, profesionales y de estilo casual firmadas por Puma. <\/p>\n<p>Material exterior: Cuero<br \/>\nMaterial de la suela: Sint\u00e9tico<br \/>\nCierre: Cordones<br \/>\nAnchura del zapato: Schmal<br \/>\n<\/p>\n","protected":false},"excerpt":{"rendered":"<p>Material exterior: Cuero<br \/>\nMaterial de la suela: Sint\u00e9tico<br \/>\nCierre: Cordones<\/p>\n","protected":false},"featured_media":81582,"comment_status":"open","ping_status":"closed","template":"","meta":{"_kadence_starter_templates_imported_post":false,"_kad_post_transparent":"","_kad_post_title":"","_kad_post_layout":"","_kad_post_sidebar_id":"","_kad_post_content_style":"","_kad_post_vertical_padding":"","_kad_post_feature":"","_kad_post_feature_position":"","_kad_post_header":false,"_kad_post_footer":false},"product_brand":[],"product_cat":[450],"product_tag":[],"class_list":{"0":"post-81581","1":"product","2":"type-product","3":"status-publish","4":"has-post-thumbnail","6":"product_cat-futbol","7":"pa_brand-visita-la-store-de-puma","9":"first","10":"instock","11":"shipping-taxable","12":"purchasable","13":"product-type-simple","14":"entry","15":"content-bg","16":"loop-entry"},"_links":{"self":[{"href":"https:\/\/futllermo.com\/tienda\/wp-json\/wp\/v2\/product\/81581","targetHints":{"allow":["GET"]}}],"collection":[{"href":"https:\/\/futllermo.com\/tienda\/wp-json\/wp\/v2\/product"}],"about":[{"href":"https:\/\/futllermo.com\/tienda\/wp-json\/wp\/v2\/types\/product"}],"replies":[{"embeddable":true,"href":"https:\/\/futllermo.com\/tienda\/wp-json\/wp\/v2\/comments?post=81581"}],"wp:featuredmedia":[{"embeddable":true,"href":"https:\/\/futllermo.com\/tienda\/wp-json\/wp\/v2\/media\/81582"}],"wp:attachment":[{"href":"https:\/\/futllermo.com\/tienda\/wp-json\/wp\/v2\/media?parent=81581"}],"wp:term":[{"taxonomy":"product_brand","embeddable":true,"href":"https:\/\/futllermo.com\/tienda\/wp-json\/wp\/v2\/product_brand?post=81581"},{"taxonomy":"product_cat","embeddable":true,"href":"https:\/\/futllermo.com\/tienda\/wp-json\/wp\/v2\/product_cat?post=81581"},{"taxonomy":"product_tag","embeddable":true,"href":"https:\/\/futllermo.com\/tienda\/wp-json\/wp\/v2\/product_tag?post=81581"}],"curies":[{"name":"wp","href":"https:\/\/api.w.org\/{rel}","templated":true}]}}