{"id":81537,"date":"2021-01-11T12:34:10","date_gmt":"2021-01-11T12:34:10","guid":{"rendered":"https:\/\/futllermo.com\/tienda\/producto\/guantes-martial-de-mma-con-acolchado-ideal-guantes-de-boxeo-para-una-alta-estabilidad-de-la-muneca-guantes-de-pelea-de-larga-durabilidad-para-artes-marciales-boxeo-sparring\/"},"modified":"2022-01-13T09:55:28","modified_gmt":"2022-01-13T09:55:28","slug":"guantes-martial-de-mma-con-acolchado-ideal-guantes-de-boxeo-para-una-alta-estabilidad-de-la-muneca-guantes-de-pelea-de-larga-durabilidad-para-artes-marciales-boxeo-sparring","status":"publish","type":"product","link":"https:\/\/futllermo.com\/tienda\/producto\/guantes-martial-de-mma-con-acolchado-ideal-guantes-de-boxeo-para-una-alta-estabilidad-de-la-muneca-guantes-de-pelea-de-larga-durabilidad-para-artes-marciales-boxeo-sparring\/","title":{"rendered":"MADGON Guantes MMA con Acolchado Profesional \u2013 Guantes de Boxeo con Gran Estabilidad de Mu\u00f1eca \u2013 Guantillas MMA\u2026"},"content":{"rendered":"<p>AJUSTE PERFECTO Y ALTA COMODIDAD DE USO: Durante el desarrollo fue importante para nosotros que se pueda poner y quitar los guantes de combate f\u00e1cilmente y que se ajusten perfectamente para garantizar un alto confort de uso. Tambi\u00e9n utilizamos material absorbente y nos aseguramos de que haya una buena ventilaci\u00f3n para que sudes menos y el entrenamiento sea lo m\u00e1s c\u00f3modo posible. Tus guantes de kickboxing perfectos para un entrenamiento seguro y efectivo. Estar\u00e1s perfectamente protegido!<br \/>\nLOS MEJORES GUANTES DE ENTRENAMIENTO PARA EL MEJOR RENDIMIENTO: Nuestro acolchado de alta calidad protege perfectamente las mu\u00f1ecas y los nudillos y garantiza una \u00f3ptima absorci\u00f3n de los golpes. El pulgar tambi\u00e9n est\u00e1 bien protegido por un fuerte acolchado. Tambi\u00e9n hemos utilizado un doble vendaje para una alta estabilidad de la mu\u00f1eca, minimizando as\u00ed el riesgo de lesiones. Tu equipo MARTIAL para una protecci\u00f3n \u00f3ptima; te sentir\u00e1s completamente seguro.<br \/>\nAPTITO PARA TODOS: Los guantes de MMA son adecuados para hombres y mujeres adultos. Adem\u00e1s, los guantes son adecuados para todas las artes marciales, como MMA, kickboxing, krav maga, k\u00e1rate, taekwondo, BJJ, agarre, pero tambi\u00e9n como guantes para entrenar con un saco de boxeo. Ya sea como hobby, aficionado o luchador profesional, nuestros guantes MMA son un MUST para todo atleta ambicioso. Como equipo adicional, se le entrega nuestra bolsa MARTIAL. Tabla de tama\u00f1os en las fotos.<br \/>\nCALIDAD \u00d3PTIMA &#8211; SU ALIADO PERFECTO: Los Guantes Martial Freefight est\u00e1n hechos de cuero PU de alto rendimiento y tienen una mano de obra de muy alta calidad, lo que significa que nunca m\u00e1s tendr\u00e1 problemas con las costuras rasgadas, incluso con un uso muy intensivo. El velcro est\u00e1 hecho de un pl\u00e1stico especial y por lo tanto es virtualmente indestructible. Adem\u00e1s, los guantes son f\u00e1ciles de poner y quitar de nuevo, en todos los aspectos es la ropa de protecci\u00f3n perfecta para ti.<br \/>\nRECIBE GUANTES DE MMA PERFECTAMENTE AJUSTADOS Y EXPERIMENTA UN RELLENO IDEAL O TE DEVOLVEMOS EL 100% DE TU DINERO: Estamos 100% convencidos de la calidad y utilidad de nuestros guantes, por eso te damos una garant\u00eda de devoluci\u00f3n de dinero de 30 d\u00edas. As\u00ed que puedes probar sin riesgo y convencerte a ti mismo.<\/p>\n","protected":false},"excerpt":{"rendered":"<p>AJUSTE PERFECTO Y ALTA COMODIDAD DE USO: Durante el desarrollo fue importante para nosotros que se pueda poner y quitar los guantes de combate f\u00e1cilmente y que se ajusten perfectamente para garantizar un alto confort de uso. Tambi\u00e9n utilizamos material absorbente y nos aseguramos de que haya una buena ventilaci\u00f3n para que sudes menos y el entrenamiento sea lo m\u00e1s c\u00f3modo posible. Tus guantes de kickboxing perfectos para un entrenamiento seguro y efectivo. Estar\u00e1s perfectamente protegido!<br \/>\nLOS MEJORES GUANTES DE ENTRENAMIENTO PARA EL MEJOR RENDIMIENTO: Nuestro acolchado de alta calidad protege perfectamente las mu\u00f1ecas y los nudillos y garantiza una \u00f3ptima absorci\u00f3n de los golpes. El pulgar tambi\u00e9n est\u00e1 bien protegido por un fuerte acolchado. Tambi\u00e9n hemos utilizado un doble vendaje para una alta estabilidad de la mu\u00f1eca, minimizando as\u00ed el riesgo de lesiones. Tu equipo MARTIAL para una protecci\u00f3n \u00f3ptima; te sentir\u00e1s completamente seguro.<br \/>\nAPTITO PARA TODOS: Los guantes de MMA son adecuados para hombres y mujeres adultos. Adem\u00e1s, los guantes son adecuados para todas las artes marciales, como MMA, kickboxing, krav maga, k\u00e1rate, taekwondo, BJJ, agarre, pero tambi\u00e9n como guantes para entrenar con un saco de boxeo. Ya sea como hobby, aficionado o luchador profesional, nuestros guantes MMA son un MUST para todo atleta ambicioso. Como equipo adicional, se le entrega nuestra bolsa MARTIAL. Tabla de tama\u00f1os en las fotos.<\/p>\n","protected":false},"featured_media":81539,"comment_status":"open","ping_status":"closed","template":"","meta":{"_kadence_starter_templates_imported_post":false,"_kad_post_transparent":"","_kad_post_title":"","_kad_post_layout":"","_kad_post_sidebar_id":"","_kad_post_content_style":"","_kad_post_vertical_padding":"","_kad_post_feature":"","_kad_post_feature_position":"","_kad_post_header":false,"_kad_post_footer":false},"product_brand":[],"product_cat":[424,421],"product_tag":[],"class_list":{"0":"post-81537","1":"product","2":"type-product","3":"status-publish","4":"has-post-thumbnail","6":"product_cat-guantes-de-mma","7":"product_cat-mma","8":"pa_brand-marca-super-active-sports-martial","10":"first","11":"instock","12":"shipping-taxable","13":"purchasable","14":"product-type-simple","15":"entry","16":"content-bg","17":"loop-entry"},"_links":{"self":[{"href":"https:\/\/futllermo.com\/tienda\/wp-json\/wp\/v2\/product\/81537","targetHints":{"allow":["GET"]}}],"collection":[{"href":"https:\/\/futllermo.com\/tienda\/wp-json\/wp\/v2\/product"}],"about":[{"href":"https:\/\/futllermo.com\/tienda\/wp-json\/wp\/v2\/types\/product"}],"replies":[{"embeddable":true,"href":"https:\/\/futllermo.com\/tienda\/wp-json\/wp\/v2\/comments?post=81537"}],"wp:featuredmedia":[{"embeddable":true,"href":"https:\/\/futllermo.com\/tienda\/wp-json\/wp\/v2\/media\/81539"}],"wp:attachment":[{"href":"https:\/\/futllermo.com\/tienda\/wp-json\/wp\/v2\/media?parent=81537"}],"wp:term":[{"taxonomy":"product_brand","embeddable":true,"href":"https:\/\/futllermo.com\/tienda\/wp-json\/wp\/v2\/product_brand?post=81537"},{"taxonomy":"product_cat","embeddable":true,"href":"https:\/\/futllermo.com\/tienda\/wp-json\/wp\/v2\/product_cat?post=81537"},{"taxonomy":"product_tag","embeddable":true,"href":"https:\/\/futllermo.com\/tienda\/wp-json\/wp\/v2\/product_tag?post=81537"}],"curies":[{"name":"wp","href":"https:\/\/api.w.org\/{rel}","templated":true}]}}