{"id":81529,"date":"2021-01-11T12:34:05","date_gmt":"2021-01-11T12:34:05","guid":{"rendered":"https:\/\/futllermo.com\/tienda\/producto\/venum-guantes-de-mma-challenger\/"},"modified":"2022-01-13T09:55:27","modified_gmt":"2022-01-13T09:55:27","slug":"venum-guantes-de-mma-challenger","status":"publish","type":"product","link":"https:\/\/futllermo.com\/tienda\/producto\/venum-guantes-de-mma-challenger\/","title":{"rendered":"Venum Guantes de MMA Challenger"},"content":{"rendered":"<p><!-- show up to 2 reviews by default --> <\/p>\n<p>El retador Venum que 4 oz guantes de MMA est\u00e1n dise\u00f1ados en Tailandia. Estos guantes MMA de alta calidad est\u00e1n hechos de cuero de la PU y son estructura para proporcionar el m\u00e1ximo confort y protecci\u00f3n. El sistema de capas de espuma proporciona m\u00e1xima amortiguaci\u00f3n en el entrenamiento y combate.<\/p>\n<p> El gran dise\u00f1o y confort de los mejores guantes de MMA hace estos debe tener para todos los combatientes MMA. <\/p>\n<p>Espuma en capas para una mejor protecci\u00f3n y una absorci\u00f3n de impactos<br \/>\nGran comodidad de mantenimiento de primera clase a la mu\u00f1eca gracias a una correa ajustable<br \/>\n100% Cuero<br \/>\nChallenger<br \/>\nSistema de correa de velcro exclusiva para el pre- posicionamiento de la mano<br \/>\nHechos a mano en Tailandia<br \/>\nCon los guantes de MMA Challenger, Venum le propone un equipo de MMA accesible sin taca\u00f1ear por eso sobre la calidad. Disegnados en Tailandia a partir de un cuero Pu de alta calidad, los guantes de MMA Venum Challenger tienen su sitio tanto en la sala de deporte, que durante las sesiones de entrenamiento sobre el ring. El sistema de cierre doble de estos guantes de MMA le ofrecer\u00e1 un acceso f\u00e1cil y un ajuste personalizado. El gran cierre Velcro de cuero disminuir\u00e1 el riesgo de heridas. Proveyendo una espuma de alta densidad, estos guantes le aportar\u00e1n una protecci\u00f3n m\u00e1xima. Los guantes de MMA Venum Challenger son reforzados al nivel de los dedos, para una comodidad m\u00e1s grande.<\/p>\n","protected":false},"excerpt":{"rendered":"<p>Espuma en capas para una mejor protecci\u00f3n y una absorci\u00f3n de impactos<br \/>\nGran comodidad de mantenimiento de primera clase a la mu\u00f1eca gracias a una correa ajustable<br \/>\n100% Cuero<\/p>\n","protected":false},"featured_media":81530,"comment_status":"open","ping_status":"closed","template":"","meta":{"_kadence_starter_templates_imported_post":false,"_kad_post_transparent":"","_kad_post_title":"","_kad_post_layout":"","_kad_post_sidebar_id":"","_kad_post_content_style":"","_kad_post_vertical_padding":"","_kad_post_feature":"","_kad_post_feature_position":"","_kad_post_header":false,"_kad_post_footer":false},"product_brand":[],"product_cat":[424,421],"product_tag":[],"class_list":{"0":"post-81529","1":"product","2":"type-product","3":"status-publish","4":"has-post-thumbnail","6":"product_cat-guantes-de-mma","7":"product_cat-mma","8":"pa_brand-visita-la-store-de-venum","10":"first","11":"instock","12":"shipping-taxable","13":"purchasable","14":"product-type-simple","15":"entry","16":"content-bg","17":"loop-entry"},"_links":{"self":[{"href":"https:\/\/futllermo.com\/tienda\/wp-json\/wp\/v2\/product\/81529","targetHints":{"allow":["GET"]}}],"collection":[{"href":"https:\/\/futllermo.com\/tienda\/wp-json\/wp\/v2\/product"}],"about":[{"href":"https:\/\/futllermo.com\/tienda\/wp-json\/wp\/v2\/types\/product"}],"replies":[{"embeddable":true,"href":"https:\/\/futllermo.com\/tienda\/wp-json\/wp\/v2\/comments?post=81529"}],"wp:featuredmedia":[{"embeddable":true,"href":"https:\/\/futllermo.com\/tienda\/wp-json\/wp\/v2\/media\/81530"}],"wp:attachment":[{"href":"https:\/\/futllermo.com\/tienda\/wp-json\/wp\/v2\/media?parent=81529"}],"wp:term":[{"taxonomy":"product_brand","embeddable":true,"href":"https:\/\/futllermo.com\/tienda\/wp-json\/wp\/v2\/product_brand?post=81529"},{"taxonomy":"product_cat","embeddable":true,"href":"https:\/\/futllermo.com\/tienda\/wp-json\/wp\/v2\/product_cat?post=81529"},{"taxonomy":"product_tag","embeddable":true,"href":"https:\/\/futllermo.com\/tienda\/wp-json\/wp\/v2\/product_tag?post=81529"}],"curies":[{"name":"wp","href":"https:\/\/api.w.org\/{rel}","templated":true}]}}