{"id":81507,"date":"2021-01-11T12:33:56","date_gmt":"2021-01-11T12:33:56","guid":{"rendered":"https:\/\/futllermo.com\/tienda\/producto\/rdx-guantes-mma-para-artes-marciales-entrenamiento-convex-skin-grappling-guantillas-bueno-para-sparring-lucha-libre-saco-de-boxeo-kickboxing-y-combate-training\/"},"modified":"2022-01-13T09:55:27","modified_gmt":"2022-01-13T09:55:27","slug":"rdx-guantes-mma-para-artes-marciales-entrenamiento-convex-skin-grappling-guantillas-bueno-para-sparring-lucha-libre-saco-de-boxeo-kickboxing-y-combate-training","status":"publish","type":"product","link":"https:\/\/futllermo.com\/tienda\/producto\/rdx-guantes-mma-para-artes-marciales-entrenamiento-convex-skin-grappling-guantillas-bueno-para-sparring-lucha-libre-saco-de-boxeo-kickboxing-y-combate-training\/","title":{"rendered":"RDX Guantes MMA Artes Marciales Entrenamiento, Maya Hide Cuero Ventilada Grappling Guantillas, Noir Professional Abierto\u2026"},"content":{"rendered":"<p><!-- show up to 2 reviews by default --> <\/p>\n<p>El color negro lo tiene todo: precisi\u00f3n, comodidad y protecci\u00f3n con el cuero de combate ConvEX Skin. La palma D.Cut, el cierre por contacto envolvente Quick-EZ y la tecnolog\u00eda de acolchado PC-3 son elementales para brindar protecci\u00f3n y sujeci\u00f3n precisa. El exclusivo dise\u00f1o pre curvado permite que la palma de la mano est\u00e9 en una posici\u00f3n natural, liberando el estr\u00e9s y la fatiga en medio de la lucha. La l\u00e1mina de dispersi\u00f3n de impactos de alta densidad ofrece una distribuci\u00f3n uniforme de los golpes y mantiene los pu\u00f1os protegidos, mientras que el acolchado Sponge X ofrece una mayor resistencia a los impactos y aumenta la potencia de los pu\u00f1etazos. Los dedos y el pulgar est\u00e1n reforzados con costuras dobles que pueden soportar los golpes extremos. La correa con cierre por contacto Quick-EZ proporciona comodidad y apoyo inigualables. El forro QD-1 absorbe el sudor y mantiene la mano ventilada. <\/p>\n<p>Fabricados con cuero ConvEX Skin de Maya Hide, estos guantes de grappling de la serie NOIR son c\u00f3modos, protectores y vers\u00e1tiles para el luchador de MMA que lo quiere todo.<br \/>\nAcolchado PC-3 para la dispersi\u00f3n de los golpes y para proteger las mu\u00f1ecas y manos. El material del acolchado ofrece una defensa superior contra los impactos m\u00e1s duros y mantiene las manos seguras y protegidas.<br \/>\nEl dise\u00f1o de la palma abierta D. Cut mejora la sujeci\u00f3n y versatilidad. Tambi\u00e9n ventila las manos de manera efectiva y facilita la limpieza. Adem\u00e1s, incrementa el agarre con una fijaci\u00f3n natural.<br \/>\nEl cierre por contacto Quick-EZ se envuelve para brindarte un ajuste f\u00e1cil y adecuado. Con un soporte firme, no tendr\u00e1s la preocupaci\u00f3n ni el riesgo de una alineaci\u00f3n de mu\u00f1eca desequilibrada.<br \/>\nLas costuras bien entrelazadas permiten que este par de guantes de MMA mantengan su forma, incluso despu\u00e9s de innumerables sesiones de sparring.<\/p>\n","protected":false},"excerpt":{"rendered":"<p>Fabricados con cuero ConvEX Skin de Maya Hide, estos guantes de grappling de la serie NOIR son c\u00f3modos, protectores y vers\u00e1tiles para el luchador de MMA que lo quiere todo.<br \/>\nAcolchado PC-3 para la dispersi\u00f3n de los golpes y para proteger las mu\u00f1ecas y manos. El material del acolchado ofrece una defensa superior contra los impactos m\u00e1s duros y mantiene las manos seguras y protegidas.<br \/>\nEl dise\u00f1o de la palma abierta D. Cut mejora la sujeci\u00f3n y versatilidad. Tambi\u00e9n ventila las manos de manera efectiva y facilita la limpieza. Adem\u00e1s, incrementa el agarre con una fijaci\u00f3n natural.<\/p>\n","protected":false},"featured_media":81508,"comment_status":"open","ping_status":"closed","template":"","meta":{"_kadence_starter_templates_imported_post":false,"_kad_post_transparent":"","_kad_post_title":"","_kad_post_layout":"","_kad_post_sidebar_id":"","_kad_post_content_style":"","_kad_post_vertical_padding":"","_kad_post_feature":"","_kad_post_feature_position":"","_kad_post_header":false,"_kad_post_footer":false},"product_brand":[],"product_cat":[424,421],"product_tag":[],"class_list":{"0":"post-81507","1":"product","2":"type-product","3":"status-publish","4":"has-post-thumbnail","6":"product_cat-guantes-de-mma","7":"product_cat-mma","8":"pa_brand-visita-la-store-de-rdx","10":"first","11":"instock","12":"shipping-taxable","13":"purchasable","14":"product-type-simple","15":"entry","16":"content-bg","17":"loop-entry"},"_links":{"self":[{"href":"https:\/\/futllermo.com\/tienda\/wp-json\/wp\/v2\/product\/81507","targetHints":{"allow":["GET"]}}],"collection":[{"href":"https:\/\/futllermo.com\/tienda\/wp-json\/wp\/v2\/product"}],"about":[{"href":"https:\/\/futllermo.com\/tienda\/wp-json\/wp\/v2\/types\/product"}],"replies":[{"embeddable":true,"href":"https:\/\/futllermo.com\/tienda\/wp-json\/wp\/v2\/comments?post=81507"}],"wp:featuredmedia":[{"embeddable":true,"href":"https:\/\/futllermo.com\/tienda\/wp-json\/wp\/v2\/media\/81508"}],"wp:attachment":[{"href":"https:\/\/futllermo.com\/tienda\/wp-json\/wp\/v2\/media?parent=81507"}],"wp:term":[{"taxonomy":"product_brand","embeddable":true,"href":"https:\/\/futllermo.com\/tienda\/wp-json\/wp\/v2\/product_brand?post=81507"},{"taxonomy":"product_cat","embeddable":true,"href":"https:\/\/futllermo.com\/tienda\/wp-json\/wp\/v2\/product_cat?post=81507"},{"taxonomy":"product_tag","embeddable":true,"href":"https:\/\/futllermo.com\/tienda\/wp-json\/wp\/v2\/product_tag?post=81507"}],"curies":[{"name":"wp","href":"https:\/\/api.w.org\/{rel}","templated":true}]}}