{"id":81499,"date":"2021-01-11T12:33:52","date_gmt":"2021-01-11T12:33:52","guid":{"rendered":"https:\/\/futllermo.com\/tienda\/producto\/xinluying-guantes-mma-saco-boxeo-artes-marciales-taekwondo-lucha-libre-sparring-entrenamiento-mujer-hombre-nino\/"},"modified":"2022-01-13T09:55:27","modified_gmt":"2022-01-13T09:55:27","slug":"xinluying-guantes-mma-saco-boxeo-artes-marciales-taekwondo-lucha-libre-sparring-entrenamiento-mujer-hombre-nino","status":"publish","type":"product","link":"https:\/\/futllermo.com\/tienda\/producto\/xinluying-guantes-mma-saco-boxeo-artes-marciales-taekwondo-lucha-libre-sparring-entrenamiento-mujer-hombre-nino\/","title":{"rendered":"Xinluying Guantes MMA Saco Boxeo Artes Marciales Taekwondo Lucha Libre Sparring Entrenamiento Mujer Hombre Ni\u00f1o"},"content":{"rendered":"<p>Almohadilla de EVA de 8 mm y piel sint\u00e9tica en la parte posterior de liberaci\u00f3n de golpes en entrenamiento o lucha.<br \/>\nDise\u00f1o hueco transpirable con barra de sujeci\u00f3n cil\u00edndrica en la palma para mejorar el agarre sin deslizamiento.<br \/>\nTejido de malla de alta elasticidad en el dedo para m\u00e1s comodidad y durabilidad. El pulgar de rizo \u00fanico puede absorber el sudor sin distraer en el entrenamiento.<br \/>\nEl velcro m\u00e1gico en la mu\u00f1eca y el pa\u00f1o el\u00e1stico en la palma de la mano se ajustan y se mantienen doblemente estables.<br \/>\nPerfecto para taekwondo, MMA, kickboxing, agarre, boxeo, saco de boxeo, artes marciales mixtas, entrenamiento de Muay Thai o lucha. Los guantes se adaptan mejor a la almohadilla protectora para los pies.<\/p>\n","protected":false},"excerpt":{"rendered":"<p>Almohadilla de EVA de 8 mm y piel sint\u00e9tica en la parte posterior de liberaci\u00f3n de golpes en entrenamiento o lucha.<br \/>\nDise\u00f1o hueco transpirable con barra de sujeci\u00f3n cil\u00edndrica en la palma para mejorar el agarre sin deslizamiento.<br \/>\nTejido de malla de alta elasticidad en el dedo para m\u00e1s comodidad y durabilidad. El pulgar de rizo \u00fanico puede absorber el sudor sin distraer en el entrenamiento.<\/p>\n","protected":false},"featured_media":81500,"comment_status":"open","ping_status":"closed","template":"","meta":{"_kadence_starter_templates_imported_post":false,"_kad_post_transparent":"","_kad_post_title":"","_kad_post_layout":"","_kad_post_sidebar_id":"","_kad_post_content_style":"","_kad_post_vertical_padding":"","_kad_post_feature":"","_kad_post_feature_position":"","_kad_post_header":false,"_kad_post_footer":false},"product_brand":[],"product_cat":[424,421],"product_tag":[],"class_list":{"0":"post-81499","1":"product","2":"type-product","3":"status-publish","4":"has-post-thumbnail","6":"product_cat-guantes-de-mma","7":"product_cat-mma","8":"pa_brand-visita-la-store-de-xinluying","10":"first","11":"instock","12":"shipping-taxable","13":"purchasable","14":"product-type-simple","15":"entry","16":"content-bg","17":"loop-entry"},"_links":{"self":[{"href":"https:\/\/futllermo.com\/tienda\/wp-json\/wp\/v2\/product\/81499","targetHints":{"allow":["GET"]}}],"collection":[{"href":"https:\/\/futllermo.com\/tienda\/wp-json\/wp\/v2\/product"}],"about":[{"href":"https:\/\/futllermo.com\/tienda\/wp-json\/wp\/v2\/types\/product"}],"replies":[{"embeddable":true,"href":"https:\/\/futllermo.com\/tienda\/wp-json\/wp\/v2\/comments?post=81499"}],"wp:featuredmedia":[{"embeddable":true,"href":"https:\/\/futllermo.com\/tienda\/wp-json\/wp\/v2\/media\/81500"}],"wp:attachment":[{"href":"https:\/\/futllermo.com\/tienda\/wp-json\/wp\/v2\/media?parent=81499"}],"wp:term":[{"taxonomy":"product_brand","embeddable":true,"href":"https:\/\/futllermo.com\/tienda\/wp-json\/wp\/v2\/product_brand?post=81499"},{"taxonomy":"product_cat","embeddable":true,"href":"https:\/\/futllermo.com\/tienda\/wp-json\/wp\/v2\/product_cat?post=81499"},{"taxonomy":"product_tag","embeddable":true,"href":"https:\/\/futllermo.com\/tienda\/wp-json\/wp\/v2\/product_tag?post=81499"}],"curies":[{"name":"wp","href":"https:\/\/api.w.org\/{rel}","templated":true}]}}