{"id":81480,"date":"2021-01-11T12:33:43","date_gmt":"2021-01-11T12:33:43","guid":{"rendered":"https:\/\/futllermo.com\/tienda\/producto\/rdx-guantes-mma-para-artes-marciales-entrenamiento-cuero-kickboxing-guantillas-bueno-para-sparring-grappling-muay-thai-saco-de-boxeo-lucha-libre-y-combate-training\/"},"modified":"2022-01-13T09:55:27","modified_gmt":"2022-01-13T09:55:27","slug":"rdx-guantes-mma-para-artes-marciales-entrenamiento-cuero-kickboxing-guantillas-bueno-para-sparring-grappling-muay-thai-saco-de-boxeo-lucha-libre-y-combate-training","status":"publish","type":"product","link":"https:\/\/futllermo.com\/tienda\/producto\/rdx-guantes-mma-para-artes-marciales-entrenamiento-cuero-kickboxing-guantillas-bueno-para-sparring-grappling-muay-thai-saco-de-boxeo-lucha-libre-y-combate-training\/","title":{"rendered":"RDX Guantes MMA Vaca Esconder Cuero Lucha Libre Sparring, Artes Marciales Grappling Guantillas Entrenamiento"},"content":{"rendered":"<p><!-- show up to 2 reviews by default --> <\/p>\n<p>Dise\u00f1o elegante, rendimiento \u00f3ptimo y protecci\u00f3n insuperable. Estos guantes de cuero de vaca cuentan con compartimentos separados para los dedos y un \u00e1rea de mu\u00f1eca m\u00e1s ancha. Este dise\u00f1o incorpora una exclusiva banda el\u00e1stica para las mu\u00f1ecas que las sostiene incluso antes de ajustar la correa. Pero esa no es la mejor parte, el dise\u00f1o de la correa bidireccional incorpora una segunda mini-correa que est\u00e1 dise\u00f1ada para un mayor control y una estabilidad total de la mu\u00f1eca. El dise\u00f1o de la palma tiene un orificio para el pulgar que facilita el agarre y una transpiraci\u00f3n \u00f3ptima. <\/p>\n<p>El cuero de vaca est\u00e1 cosido a mano para una calidad duradera, ya sea que lo uses para entrenar, sparring, combate o simplemente para grappling. Aprobado por la SMMAF (Federaci\u00f3n Sueca de Artes Marciales Mixtas).<br \/>\nAcolchado de tres capas s\u00faper amortiguadoras, colocadas a lo largo de los guantes de sparring.<br \/>\nLas l\u00e1minas de equilibrio de gel de Shell Shock encajan entre cada placa de acolchado para una doble absorci\u00f3n de impactos.<br \/>\nLa palma abierta Y-Volar proporciona buena resistencia sin pellizcar la piel, incluye un c\u00f3modo agujero para el pulgar, e incorpora un forro interior QD-2 para evitar que las manos huelan mal.<br \/>\nEl dise\u00f1o de la correa bidireccional con cierre por contacto Quick-EZ duplica la protecci\u00f3n de la mu\u00f1eca, y la banda el\u00e1stica incorporada proporciona un soporte \u00f3ptimo para la mu\u00f1eca dentro de los guantes de MMA.<\/p>\n","protected":false},"excerpt":{"rendered":"<p>El cuero de vaca est\u00e1 cosido a mano para una calidad duradera, ya sea que lo uses para entrenar, sparring, combate o simplemente para grappling. Aprobado por la SMMAF (Federaci\u00f3n Sueca de Artes Marciales Mixtas).<br \/>\nAcolchado de tres capas s\u00faper amortiguadoras, colocadas a lo largo de los guantes de sparring.<br \/>\nLas l\u00e1minas de equilibrio de gel de Shell Shock encajan entre cada placa de acolchado para una doble absorci\u00f3n de impactos.<\/p>\n","protected":false},"featured_media":81486,"comment_status":"open","ping_status":"closed","template":"","meta":{"_kadence_starter_templates_imported_post":false,"_kad_post_transparent":"","_kad_post_title":"","_kad_post_layout":"","_kad_post_sidebar_id":"","_kad_post_content_style":"","_kad_post_vertical_padding":"","_kad_post_feature":"","_kad_post_feature_position":"","_kad_post_header":false,"_kad_post_footer":false},"product_brand":[],"product_cat":[424,421],"product_tag":[],"class_list":{"0":"post-81480","1":"product","2":"type-product","3":"status-publish","4":"has-post-thumbnail","6":"product_cat-guantes-de-mma","7":"product_cat-mma","8":"pa_brand-visita-la-store-de-rdx","10":"first","11":"instock","12":"shipping-taxable","13":"purchasable","14":"product-type-simple","15":"entry","16":"content-bg","17":"loop-entry"},"_links":{"self":[{"href":"https:\/\/futllermo.com\/tienda\/wp-json\/wp\/v2\/product\/81480","targetHints":{"allow":["GET"]}}],"collection":[{"href":"https:\/\/futllermo.com\/tienda\/wp-json\/wp\/v2\/product"}],"about":[{"href":"https:\/\/futllermo.com\/tienda\/wp-json\/wp\/v2\/types\/product"}],"replies":[{"embeddable":true,"href":"https:\/\/futllermo.com\/tienda\/wp-json\/wp\/v2\/comments?post=81480"}],"wp:featuredmedia":[{"embeddable":true,"href":"https:\/\/futllermo.com\/tienda\/wp-json\/wp\/v2\/media\/81486"}],"wp:attachment":[{"href":"https:\/\/futllermo.com\/tienda\/wp-json\/wp\/v2\/media?parent=81480"}],"wp:term":[{"taxonomy":"product_brand","embeddable":true,"href":"https:\/\/futllermo.com\/tienda\/wp-json\/wp\/v2\/product_brand?post=81480"},{"taxonomy":"product_cat","embeddable":true,"href":"https:\/\/futllermo.com\/tienda\/wp-json\/wp\/v2\/product_cat?post=81480"},{"taxonomy":"product_tag","embeddable":true,"href":"https:\/\/futllermo.com\/tienda\/wp-json\/wp\/v2\/product_tag?post=81480"}],"curies":[{"name":"wp","href":"https:\/\/api.w.org\/{rel}","templated":true}]}}