{"id":81462,"date":"2021-01-11T12:33:26","date_gmt":"2021-01-11T12:33:26","guid":{"rendered":"https:\/\/futllermo.com\/tienda\/producto\/leone-1947-black-edition-guantes-de-mma-unisex-para-adulto\/"},"modified":"2022-01-13T09:55:27","modified_gmt":"2022-01-13T09:55:27","slug":"leone-1947-black-edition-guantes-de-mma-unisex-para-adulto","status":"publish","type":"product","link":"https:\/\/futllermo.com\/tienda\/producto\/leone-1947-black-edition-guantes-de-mma-unisex-para-adulto\/","title":{"rendered":"LEONE 1947 Black Edition Guantes de MMA, Unisex Adulto"},"content":{"rendered":"<p><!-- show up to 2 reviews by default --> <\/p>\n<p>Despu\u00e9s del gran \u00e9xito de la colecci\u00f3n Black Edition tambi\u00e9n entra oficialmente en la producci\u00f3n de este guante de MMA con un dise\u00f1o activo, con gr\u00e1ficos de contraste brillantes sobre fondo mate. En la parte posterior tiene una protecci\u00f3n reforzada de una sola secci\u00f3n que se extiende hasta la segunda falange de los dedos. El pollo cubierto y acolchado permite la m\u00e1s completa seguridad incluso en las disciplinas de defensa que utilizan armas blancas. Guante de 4 OZ. <\/p>\n<p>Guante de MMA con est\u00e9tica atractiva.<br \/>\nGr\u00e1ficos de contraste brillante en la parte inferior mate.<br \/>\nProtecci\u00f3n reforzada en el dorso.<\/p>\n","protected":false},"excerpt":{"rendered":"<p>Guante de MMA con est\u00e9tica atractiva.<br \/>\nGr\u00e1ficos de contraste brillante en la parte inferior mate.<br \/>\nProtecci\u00f3n reforzada en el dorso.<\/p>\n","protected":false},"featured_media":81463,"comment_status":"open","ping_status":"closed","template":"","meta":{"_kadence_starter_templates_imported_post":false,"_kad_post_transparent":"","_kad_post_title":"","_kad_post_layout":"","_kad_post_sidebar_id":"","_kad_post_content_style":"","_kad_post_vertical_padding":"","_kad_post_feature":"","_kad_post_feature_position":"","_kad_post_header":false,"_kad_post_footer":false},"product_brand":[],"product_cat":[424,421],"product_tag":[],"class_list":{"0":"post-81462","1":"product","2":"type-product","3":"status-publish","4":"has-post-thumbnail","6":"product_cat-guantes-de-mma","7":"product_cat-mma","8":"pa_brand-marca-leone-1947","10":"first","11":"instock","12":"shipping-taxable","13":"purchasable","14":"product-type-simple","15":"entry","16":"content-bg","17":"loop-entry"},"_links":{"self":[{"href":"https:\/\/futllermo.com\/tienda\/wp-json\/wp\/v2\/product\/81462","targetHints":{"allow":["GET"]}}],"collection":[{"href":"https:\/\/futllermo.com\/tienda\/wp-json\/wp\/v2\/product"}],"about":[{"href":"https:\/\/futllermo.com\/tienda\/wp-json\/wp\/v2\/types\/product"}],"replies":[{"embeddable":true,"href":"https:\/\/futllermo.com\/tienda\/wp-json\/wp\/v2\/comments?post=81462"}],"wp:featuredmedia":[{"embeddable":true,"href":"https:\/\/futllermo.com\/tienda\/wp-json\/wp\/v2\/media\/81463"}],"wp:attachment":[{"href":"https:\/\/futllermo.com\/tienda\/wp-json\/wp\/v2\/media?parent=81462"}],"wp:term":[{"taxonomy":"product_brand","embeddable":true,"href":"https:\/\/futllermo.com\/tienda\/wp-json\/wp\/v2\/product_brand?post=81462"},{"taxonomy":"product_cat","embeddable":true,"href":"https:\/\/futllermo.com\/tienda\/wp-json\/wp\/v2\/product_cat?post=81462"},{"taxonomy":"product_tag","embeddable":true,"href":"https:\/\/futllermo.com\/tienda\/wp-json\/wp\/v2\/product_tag?post=81462"}],"curies":[{"name":"wp","href":"https:\/\/api.w.org\/{rel}","templated":true}]}}