{"id":81455,"date":"2021-01-11T12:33:21","date_gmt":"2021-01-11T12:33:21","guid":{"rendered":"https:\/\/futllermo.com\/tienda\/producto\/luniuqz-guantes-de-boxeo-para-ninos-de-3-14-anos-guante-de-entrenamiento-4oz-6oz-para-mma-muay-thaikickboxing\/"},"modified":"2022-01-13T09:55:27","modified_gmt":"2022-01-13T09:55:27","slug":"luniuqz-guantes-de-boxeo-para-ninos-de-3-14-anos-guante-de-entrenamiento-4oz-6oz-para-mma-muay-thaikickboxing","status":"publish","type":"product","link":"https:\/\/futllermo.com\/tienda\/producto\/luniuqz-guantes-de-boxeo-para-ninos-de-3-14-anos-guante-de-entrenamiento-4oz-6oz-para-mma-muay-thaikickboxing\/","title":{"rendered":"Luniuqz Guantes de Boxeo para Ni\u00f1os de 3-14 A\u00f1os, Guante de Entrenamiento 4oz 6oz para MMA, Muay Thai,Kickboxing"},"content":{"rendered":"<p>GUANTES DE BOXEO CON RECUBRIMIENTO LISO: este par est\u00e1 cubierto con cuero sint\u00e9tico liso, que la mayor\u00eda busca debido a las preocupaciones que recibimos de clientes decentes. El cuero met\u00e1lico brillante har\u00eda que el peque\u00f1o fuera extremadamente genial.<br \/>\nPROTECCI\u00d3N PROFESIONAL EN LAS MANOS: corte de un poliuretano espumado completo con un grosor m\u00e1ximo de hasta 1.1 \u00ab, amortigua y reduce eficazmente el impacto de los golpes. Los guantes tienen un pulgar grande y un acolchado ancho en la mu\u00f1eca para ayudar a colocar correctamente las manos, especial para los peque\u00f1os principiantes .<br \/>\nC\u00d3MODO PARA NI\u00d1OS Y NI\u00d1AS: moldeado seg\u00fan las tiernas manos de los ni\u00f1os para un uso m\u00e1s c\u00f3modo. Sujete el tubo y las rejillas de ventilaci\u00f3n en la palma para ayudar a los ni\u00f1os a agarrarlo f\u00e1cilmente y mantener las manos frescas. Disponible en m\u00e1s tallas y colores para atraer a ni\u00f1os y ni\u00f1as de 3 a 14 a\u00f1os.<br \/>\nOCASIONES MULTIUSOS: el material de calidad y la mano de obra de nivel cumplen los guantes con la capacidad de resistir el desgaste en el boxeo, mma, muay thai y cualquier otra actividad combativa que requiera golpes.<br \/>\nDESTACAR DESDE LA EDAD TEMPRANA: la infancia es el per\u00edodo dorado para moldear el car\u00e1cter de los ni\u00f1os y fomentar sus intereses. Si se les presenta para aprender acerca de la disciplina y c\u00f3mo resolver el problema en combate, por favor cons\u00edgalos completamente armados para protegerse durante el entrenamiento.<\/p>\n","protected":false},"excerpt":{"rendered":"<p>GUANTES DE BOXEO CON RECUBRIMIENTO LISO: este par est\u00e1 cubierto con cuero sint\u00e9tico liso, que la mayor\u00eda busca debido a las preocupaciones que recibimos de clientes decentes. El cuero met\u00e1lico brillante har\u00eda que el peque\u00f1o fuera extremadamente genial.<br \/>\nPROTECCI\u00d3N PROFESIONAL EN LAS MANOS: corte de un poliuretano espumado completo con un grosor m\u00e1ximo de hasta 1.1 \u00ab, amortigua y reduce eficazmente el impacto de los golpes. Los guantes tienen un pulgar grande y un acolchado ancho en la mu\u00f1eca para ayudar a colocar correctamente las manos, especial para los peque\u00f1os principiantes .<br \/>\nC\u00d3MODO PARA NI\u00d1OS Y NI\u00d1AS: moldeado seg\u00fan las tiernas manos de los ni\u00f1os para un uso m\u00e1s c\u00f3modo. Sujete el tubo y las rejillas de ventilaci\u00f3n en la palma para ayudar a los ni\u00f1os a agarrarlo f\u00e1cilmente y mantener las manos frescas. Disponible en m\u00e1s tallas y colores para atraer a ni\u00f1os y ni\u00f1as de 3 a 14 a\u00f1os.<\/p>\n","protected":false},"featured_media":81456,"comment_status":"open","ping_status":"closed","template":"","meta":{"_kadence_starter_templates_imported_post":false,"_kad_post_transparent":"","_kad_post_title":"","_kad_post_layout":"","_kad_post_sidebar_id":"","_kad_post_content_style":"","_kad_post_vertical_padding":"","_kad_post_feature":"","_kad_post_feature_position":"","_kad_post_header":false,"_kad_post_footer":false},"product_brand":[],"product_cat":[424,421],"product_tag":[],"class_list":{"0":"post-81455","1":"product","2":"type-product","3":"status-publish","4":"has-post-thumbnail","6":"product_cat-guantes-de-mma","7":"product_cat-mma","8":"pa_brand-marca-luniquz","10":"first","11":"instock","12":"shipping-taxable","13":"purchasable","14":"product-type-simple","15":"entry","16":"content-bg","17":"loop-entry"},"_links":{"self":[{"href":"https:\/\/futllermo.com\/tienda\/wp-json\/wp\/v2\/product\/81455","targetHints":{"allow":["GET"]}}],"collection":[{"href":"https:\/\/futllermo.com\/tienda\/wp-json\/wp\/v2\/product"}],"about":[{"href":"https:\/\/futllermo.com\/tienda\/wp-json\/wp\/v2\/types\/product"}],"replies":[{"embeddable":true,"href":"https:\/\/futllermo.com\/tienda\/wp-json\/wp\/v2\/comments?post=81455"}],"wp:featuredmedia":[{"embeddable":true,"href":"https:\/\/futllermo.com\/tienda\/wp-json\/wp\/v2\/media\/81456"}],"wp:attachment":[{"href":"https:\/\/futllermo.com\/tienda\/wp-json\/wp\/v2\/media?parent=81455"}],"wp:term":[{"taxonomy":"product_brand","embeddable":true,"href":"https:\/\/futllermo.com\/tienda\/wp-json\/wp\/v2\/product_brand?post=81455"},{"taxonomy":"product_cat","embeddable":true,"href":"https:\/\/futllermo.com\/tienda\/wp-json\/wp\/v2\/product_cat?post=81455"},{"taxonomy":"product_tag","embeddable":true,"href":"https:\/\/futllermo.com\/tienda\/wp-json\/wp\/v2\/product_tag?post=81455"}],"curies":[{"name":"wp","href":"https:\/\/api.w.org\/{rel}","templated":true}]}}