{"id":81437,"date":"2021-01-11T12:33:14","date_gmt":"2021-01-11T12:33:14","guid":{"rendered":"https:\/\/futllermo.com\/tienda\/producto\/rdx-guantes-mma-para-artes-marciales-entrenamiento-maya-hide-skin-cuero-grappling-guantillas-bueno-para-sparring-kickboxing-muay-thai-lucha-libre-y-combate-training\/"},"modified":"2022-01-13T09:55:27","modified_gmt":"2022-01-13T09:55:27","slug":"rdx-guantes-mma-para-artes-marciales-entrenamiento-maya-hide-skin-cuero-grappling-guantillas-bueno-para-sparring-kickboxing-muay-thai-lucha-libre-y-combate-training","status":"publish","type":"product","link":"https:\/\/futllermo.com\/tienda\/producto\/rdx-guantes-mma-para-artes-marciales-entrenamiento-maya-hide-skin-cuero-grappling-guantillas-bueno-para-sparring-kickboxing-muay-thai-lucha-libre-y-combate-training\/","title":{"rendered":"RDX Guantes MMA para Artes Marciales Entrenamiento | Sino Skin Cuero Grappling Guantillas | Bueno para Sparring\u2026"},"content":{"rendered":"<p><!-- show up to 2 reviews by default --> <\/p>\n<p>Los guantes MMA de RDX est\u00e1n confeccionados con el cuero Sino Skin, un material robusto y resistente. El molde Quadro-Dome de PU apoya naturalmente la posici\u00f3n de la mano y proporciona una protecci\u00f3n adecuada cuando lanzas pu\u00f1etazos. Mantiene el pu\u00f1o compacto dentro del guante y retrasa la sensaci\u00f3n de fatiga en tus manos. El sistema de cierre por contacto Quick EZ es de tipo envolvente c\u00f3nico, esto evita que los guantes se resbalen pues se ajustan muy bien en las mu\u00f1ecas. El dise\u00f1o de palma D-Cut favorece un agarre s\u00f3lido y a una adecuada ventilaci\u00f3n durante las sesiones agotadoras. El acolchado est\u00e1 dise\u00f1ado para usos exigentes. Por lo tanto, si entrenas durante la semana, este par te durar\u00e1 una cantidad decente de tiempo. Los guantes de combate est\u00e1n dise\u00f1ados para proporcionar a los luchadores la m\u00e1xima seguridad en sus manos, ya sea en las colchonetas o en la jaula. <\/p>\n<p>Fabricados con el cuero Sino Skin de Maya Hide que es extremadamente duradero, mucho m\u00e1s grueso pero liviano. Conservan una muy buena apariencia con el pasar del tiempo y el uso constante. Ideal para el kickboxing, Muay Thai, Sparring y m\u00e1s.<br \/>\nDisfruta de las \u00faltimas actualizaciones de nuestros guantes de grappling, como la importaci\u00f3n molde Quadro-Dome de PU que ha sido colocado estrat\u00e9gicamente para ofrecer una amortiguaci\u00f3n m\u00e1s densa, y as\u00ed reducir la transferencia del impacto a tus manos.<br \/>\nPalma abierta D.Cut para mejorar el agarre y la ventilaci\u00f3n. Su corte te brinda una sensaci\u00f3n m\u00e1s natural mientras haces pu\u00f1o, y tambi\u00e9n evita que el cuero se amontone inc\u00f3modamente en tu mano. Favorece el flujo de aire para mantener las manos ventiladas y secas.<br \/>\nEstos guantes de combate cuentan con un cierre por contacto Quick-EZ mejorado que garantiza un ajuste seguro y brinda soporte a las mu\u00f1ecas. Con la correa EZ, los guantes no se deslizan al golpear. El cierre, inspirado en el dise\u00f1o EZ-Smart, tambi\u00e9n ayuda con la alineaci\u00f3n de la mu\u00f1eca.<br \/>\nLas costuras reforzadas de los bordes garantizan una durabilidad prolongada. Adem\u00e1s, mejoran la fuerza mientras resisten los golpes m\u00e1s duros sin desgarrarse.<\/p>\n","protected":false},"excerpt":{"rendered":"<p>Fabricados con el cuero Sino Skin de Maya Hide que es extremadamente duradero, mucho m\u00e1s grueso pero liviano. Conservan una muy buena apariencia con el pasar del tiempo y el uso constante. Ideal para el kickboxing, Muay Thai, Sparring y m\u00e1s.<br \/>\nDisfruta de las \u00faltimas actualizaciones de nuestros guantes de grappling, como la importaci\u00f3n molde Quadro-Dome de PU que ha sido colocado estrat\u00e9gicamente para ofrecer una amortiguaci\u00f3n m\u00e1s densa, y as\u00ed reducir la transferencia del impacto a tus manos.<br \/>\nPalma abierta D.Cut para mejorar el agarre y la ventilaci\u00f3n. Su corte te brinda una sensaci\u00f3n m\u00e1s natural mientras haces pu\u00f1o, y tambi\u00e9n evita que el cuero se amontone inc\u00f3modamente en tu mano. Favorece el flujo de aire para mantener las manos ventiladas y secas.<\/p>\n","protected":false},"featured_media":81440,"comment_status":"open","ping_status":"closed","template":"","meta":{"_kadence_starter_templates_imported_post":false,"_kad_post_transparent":"","_kad_post_title":"","_kad_post_layout":"","_kad_post_sidebar_id":"","_kad_post_content_style":"","_kad_post_vertical_padding":"","_kad_post_feature":"","_kad_post_feature_position":"","_kad_post_header":false,"_kad_post_footer":false},"product_brand":[],"product_cat":[424,421],"product_tag":[],"class_list":{"0":"post-81437","1":"product","2":"type-product","3":"status-publish","4":"has-post-thumbnail","6":"product_cat-guantes-de-mma","7":"product_cat-mma","8":"pa_brand-visita-la-store-de-rdx","10":"first","11":"instock","12":"shipping-taxable","13":"purchasable","14":"product-type-simple","15":"entry","16":"content-bg","17":"loop-entry"},"_links":{"self":[{"href":"https:\/\/futllermo.com\/tienda\/wp-json\/wp\/v2\/product\/81437","targetHints":{"allow":["GET"]}}],"collection":[{"href":"https:\/\/futllermo.com\/tienda\/wp-json\/wp\/v2\/product"}],"about":[{"href":"https:\/\/futllermo.com\/tienda\/wp-json\/wp\/v2\/types\/product"}],"replies":[{"embeddable":true,"href":"https:\/\/futllermo.com\/tienda\/wp-json\/wp\/v2\/comments?post=81437"}],"wp:featuredmedia":[{"embeddable":true,"href":"https:\/\/futllermo.com\/tienda\/wp-json\/wp\/v2\/media\/81440"}],"wp:attachment":[{"href":"https:\/\/futllermo.com\/tienda\/wp-json\/wp\/v2\/media?parent=81437"}],"wp:term":[{"taxonomy":"product_brand","embeddable":true,"href":"https:\/\/futllermo.com\/tienda\/wp-json\/wp\/v2\/product_brand?post=81437"},{"taxonomy":"product_cat","embeddable":true,"href":"https:\/\/futllermo.com\/tienda\/wp-json\/wp\/v2\/product_cat?post=81437"},{"taxonomy":"product_tag","embeddable":true,"href":"https:\/\/futllermo.com\/tienda\/wp-json\/wp\/v2\/product_tag?post=81437"}],"curies":[{"name":"wp","href":"https:\/\/api.w.org\/{rel}","templated":true}]}}