{"id":81415,"date":"2021-01-11T12:33:06","date_gmt":"2021-01-11T12:33:06","guid":{"rendered":"https:\/\/futllermo.com\/tienda\/producto\/rdx-guantes-mma-para-artes-marciales-entrenamiento-cuero-sparring-guantillas-bueno-para-grapling-kickboxing-muay-thai-saco-de-boxeo-combate-training-y-lucha-libre\/"},"modified":"2022-01-13T09:55:26","modified_gmt":"2022-01-13T09:55:26","slug":"rdx-guantes-mma-para-artes-marciales-entrenamiento-cuero-sparring-guantillas-bueno-para-grapling-kickboxing-muay-thai-saco-de-boxeo-combate-training-y-lucha-libre","status":"publish","type":"product","link":"https:\/\/futllermo.com\/tienda\/producto\/rdx-guantes-mma-para-artes-marciales-entrenamiento-cuero-sparring-guantillas-bueno-para-grapling-kickboxing-muay-thai-saco-de-boxeo-combate-training-y-lucha-libre\/","title":{"rendered":"RDX Guantes MMA Artes Marciales Entrenamiento, Cuero Ventilada Grappling Guantillas con Correa de Mu\u00f1eca Larga, Abierto\u2026"},"content":{"rendered":"<p><!-- show up to 2 reviews by default --> <\/p>\n<p>RDX ofrece potencia, rendimiento y tradici\u00f3n con nuestros guantes de MMA para sparring. Estos guantes de MMA est\u00e1n fabricados con cuero de vaca resistente que garantiza una gran durabilidad y la m\u00e1xima protecci\u00f3n contra el desgaste. El sistema de cierre por contacto Quick-EZ mantiene la forma y asegura el guante en su lugar, ofreciendo una estabilidad inigualable para la mano y la mu\u00f1eca. El dise\u00f1o de O-Palm conserva las palmas abiertas y secas para un mejor agarre. El gel Shell-Shock y el acolchado de espuma comprimida brindan una \u00f3ptima resistencia a los impactos, la abrasi\u00f3n y los desgarros. Su dise\u00f1o pre curvado te garantiza un posicionamiento natural de las manos y reduce el cansando de las mismas. Esfu\u00e9rzate por alcanzar la grandeza e incluye estos guantes de combate en tu arsenal. <\/p>\n<p>Dise\u00f1ados con cuero de vaca aut\u00e9ntico para una mejor experiencia. La calidad del material ofrece un rendimiento que superar\u00e1 hasta las sesiones de entrenamiento m\u00e1s devastadoras y te durar\u00e1 por mucho tiempo. Ideal para MMA, kickboxing, muay thai y m\u00e1s.<br \/>\nEl acolchado de gel para impactos proporciona la resistencia \u00f3ptima a los golpes y protege las manos. El gel en el segmento interior de la palma y el pulgar brinda una robusta absorci\u00f3n de impactos.<br \/>\nLa palma de corte abierto est\u00e1 dise\u00f1ada para facilitar el flujo de aire y mantener un agarre natural. Los orificios de ventilaci\u00f3n en el segmento de los dedos ayudan a expulsar el sudor y reducen la generaci\u00f3n de olores desagradables.<br \/>\nEl cierre por contacto Quick-EZ provee un ajuste c\u00f3modo y seguro y brinda soporte a las mu\u00f1ecas. La mini correa reforzada, situada bajo el cierre por contacto, reduce las posibilidades de que el guante se resbale de tus manos.<br \/>\nEntrena con estilo con guantes de MMA de nuevo dise\u00f1o. Nos esforzamos por la excelencia, por lo que nuestro Servicio Profesional de Atenci\u00f3n al Cliente se encargar\u00e1 de garantizar tu satisfacci\u00f3n.<\/p>\n","protected":false},"excerpt":{"rendered":"<p>Dise\u00f1ados con cuero de vaca aut\u00e9ntico para una mejor experiencia. La calidad del material ofrece un rendimiento que superar\u00e1 hasta las sesiones de entrenamiento m\u00e1s devastadoras y te durar\u00e1 por mucho tiempo. Ideal para MMA, kickboxing, muay thai y m\u00e1s.<br \/>\nEl acolchado de gel para impactos proporciona la resistencia \u00f3ptima a los golpes y protege las manos. El gel en el segmento interior de la palma y el pulgar brinda una robusta absorci\u00f3n de impactos.<br \/>\nLa palma de corte abierto est\u00e1 dise\u00f1ada para facilitar el flujo de aire y mantener un agarre natural. Los orificios de ventilaci\u00f3n en el segmento de los dedos ayudan a expulsar el sudor y reducen la generaci\u00f3n de olores desagradables.<\/p>\n","protected":false},"featured_media":81417,"comment_status":"open","ping_status":"closed","template":"","meta":{"_kadence_starter_templates_imported_post":false,"_kad_post_transparent":"","_kad_post_title":"","_kad_post_layout":"","_kad_post_sidebar_id":"","_kad_post_content_style":"","_kad_post_vertical_padding":"","_kad_post_feature":"","_kad_post_feature_position":"","_kad_post_header":false,"_kad_post_footer":false},"product_brand":[],"product_cat":[424,421],"product_tag":[],"class_list":{"0":"post-81415","1":"product","2":"type-product","3":"status-publish","4":"has-post-thumbnail","6":"product_cat-guantes-de-mma","7":"product_cat-mma","8":"pa_brand-visita-la-store-de-rdx","10":"first","11":"instock","12":"shipping-taxable","13":"purchasable","14":"product-type-simple","15":"entry","16":"content-bg","17":"loop-entry"},"_links":{"self":[{"href":"https:\/\/futllermo.com\/tienda\/wp-json\/wp\/v2\/product\/81415","targetHints":{"allow":["GET"]}}],"collection":[{"href":"https:\/\/futllermo.com\/tienda\/wp-json\/wp\/v2\/product"}],"about":[{"href":"https:\/\/futllermo.com\/tienda\/wp-json\/wp\/v2\/types\/product"}],"replies":[{"embeddable":true,"href":"https:\/\/futllermo.com\/tienda\/wp-json\/wp\/v2\/comments?post=81415"}],"wp:featuredmedia":[{"embeddable":true,"href":"https:\/\/futllermo.com\/tienda\/wp-json\/wp\/v2\/media\/81417"}],"wp:attachment":[{"href":"https:\/\/futllermo.com\/tienda\/wp-json\/wp\/v2\/media?parent=81415"}],"wp:term":[{"taxonomy":"product_brand","embeddable":true,"href":"https:\/\/futllermo.com\/tienda\/wp-json\/wp\/v2\/product_brand?post=81415"},{"taxonomy":"product_cat","embeddable":true,"href":"https:\/\/futllermo.com\/tienda\/wp-json\/wp\/v2\/product_cat?post=81415"},{"taxonomy":"product_tag","embeddable":true,"href":"https:\/\/futllermo.com\/tienda\/wp-json\/wp\/v2\/product_tag?post=81415"}],"curies":[{"name":"wp","href":"https:\/\/api.w.org\/{rel}","templated":true}]}}