{"id":81400,"date":"2021-01-11T12:33:00","date_gmt":"2021-01-11T12:33:00","guid":{"rendered":"https:\/\/futllermo.com\/tienda\/producto\/rdx-guantes-mma-para-artes-marciales-entrenamiento-cuero-grappling-guantillas-bueno-para-sparring-muay-thai-kickboxing-saco-de-boxeo-combate-training-y-lucha-libre\/"},"modified":"2022-01-13T09:55:26","modified_gmt":"2022-01-13T09:55:26","slug":"rdx-guantes-mma-para-artes-marciales-entrenamiento-cuero-grappling-guantillas-bueno-para-sparring-muay-thai-kickboxing-saco-de-boxeo-combate-training-y-lucha-libre","status":"publish","type":"product","link":"https:\/\/futllermo.com\/tienda\/producto\/rdx-guantes-mma-para-artes-marciales-entrenamiento-cuero-grappling-guantillas-bueno-para-sparring-muay-thai-kickboxing-saco-de-boxeo-combate-training-y-lucha-libre\/","title":{"rendered":"RDX Guantes MMA Artes Marciales Entrenamiento, Aprobado por SMMAF, Maya Hide Cuero Grappling Guantillas, Abierto Palma\u2026"},"content":{"rendered":"<p><!-- show up to 2 reviews by default --> <\/p>\n<p>Aproveche el poder de estos guantes de agarre MMA de piel Maya Hide, dise\u00f1ados para proporcionar una comodidad ligera, protecci\u00f3n y control en cada lucha. Creados a mano para resistir obstinadamente el desgaste, estos guantes de entrenamiento MMA durar\u00e1n toda una era y cuentan con una resistencia a los golpes de triple capa, un agarre y una transpiraci\u00f3n incre\u00edbles, adem\u00e1s de un dise\u00f1o de la palma \u00fanico para asegurar una t\u00e9cnica de golpeo de primera clase. Al alinear correctamente la mu\u00f1eca con el pu\u00f1o en cada golpe, estos poderosos guantes proteger\u00e1n sus manos de las lesiones. La armadura definitiva. Una elecci\u00f3n de primera de guantes MMA para los guerreros de las artes marciales mixtas en entrenamiento. (PEQUE\u00d1OS Y MEDIANOS TAMA\u00d1OS RECOMENDADOS PARA HASTA LOS 14 A\u00d1OS DE EDAD) <\/p>\n<p>Hechos de cuero Maya-Hide, un material muy duradero y fuerte que resiste las grietas y roturas y soporta bien la fricci\u00f3n en seco. Aprobados por la SMMAF (Federaci\u00f3n de Artes Marciales Mixtas de Suecia).<br \/>\nCuentan con un acolchado de varias capas con gel integrado para la absorci\u00f3n de impactos e interrumpir la acci\u00f3n de los golpes. El acolchado de tres capas gruesas promete la m\u00e1xima protecci\u00f3n para las manos y brinda amortiguaci\u00f3n y protecci\u00f3n durante el combate y la competici\u00f3n.<br \/>\nEl cierre por contacto Quick-EZ con correa extra larga proporciona un mejor soporte para la mu\u00f1eca y un ajuste seguro. La correa extra larga alinea las mu\u00f1ecas con los guantes y evita los deslizamientos.<br \/>\nDise\u00f1o de palma abierta PALM-O para un agarre perfecto, con un forro de malla especial para una ventilaci\u00f3n m\u00e1xima. El dise\u00f1o de medio pulgar te permite alcanzar tu capacidad m\u00e1xima. Tambi\u00e9n ayuda a mantener las manos secas y frescas.<br \/>\nLas costuras reforzadas ofrecen una gran resistencia, aumentan la durabilidad y hacen que estos guantes de entrenamiento conserven su forma durante un tiempo prolongado, sin que las costuras se aflojen.<\/p>\n","protected":false},"excerpt":{"rendered":"<p>Hechos de cuero Maya-Hide, un material muy duradero y fuerte que resiste las grietas y roturas y soporta bien la fricci\u00f3n en seco. Aprobados por la SMMAF (Federaci\u00f3n de Artes Marciales Mixtas de Suecia).<br \/>\nCuentan con un acolchado de varias capas con gel integrado para la absorci\u00f3n de impactos e interrumpir la acci\u00f3n de los golpes. El acolchado de tres capas gruesas promete la m\u00e1xima protecci\u00f3n para las manos y brinda amortiguaci\u00f3n y protecci\u00f3n durante el combate y la competici\u00f3n.<br \/>\nEl cierre por contacto Quick-EZ con correa extra larga proporciona un mejor soporte para la mu\u00f1eca y un ajuste seguro. La correa extra larga alinea las mu\u00f1ecas con los guantes y evita los deslizamientos.<\/p>\n","protected":false},"featured_media":81408,"comment_status":"open","ping_status":"closed","template":"","meta":{"_kadence_starter_templates_imported_post":false,"_kad_post_transparent":"","_kad_post_title":"","_kad_post_layout":"","_kad_post_sidebar_id":"","_kad_post_content_style":"","_kad_post_vertical_padding":"","_kad_post_feature":"","_kad_post_feature_position":"","_kad_post_header":false,"_kad_post_footer":false},"product_brand":[],"product_cat":[424,421],"product_tag":[],"class_list":{"0":"post-81400","1":"product","2":"type-product","3":"status-publish","4":"has-post-thumbnail","6":"product_cat-guantes-de-mma","7":"product_cat-mma","8":"pa_brand-visita-la-store-de-rdx","10":"first","11":"instock","12":"shipping-taxable","13":"purchasable","14":"product-type-simple","15":"entry","16":"content-bg","17":"loop-entry"},"_links":{"self":[{"href":"https:\/\/futllermo.com\/tienda\/wp-json\/wp\/v2\/product\/81400","targetHints":{"allow":["GET"]}}],"collection":[{"href":"https:\/\/futllermo.com\/tienda\/wp-json\/wp\/v2\/product"}],"about":[{"href":"https:\/\/futllermo.com\/tienda\/wp-json\/wp\/v2\/types\/product"}],"replies":[{"embeddable":true,"href":"https:\/\/futllermo.com\/tienda\/wp-json\/wp\/v2\/comments?post=81400"}],"wp:featuredmedia":[{"embeddable":true,"href":"https:\/\/futllermo.com\/tienda\/wp-json\/wp\/v2\/media\/81408"}],"wp:attachment":[{"href":"https:\/\/futllermo.com\/tienda\/wp-json\/wp\/v2\/media?parent=81400"}],"wp:term":[{"taxonomy":"product_brand","embeddable":true,"href":"https:\/\/futllermo.com\/tienda\/wp-json\/wp\/v2\/product_brand?post=81400"},{"taxonomy":"product_cat","embeddable":true,"href":"https:\/\/futllermo.com\/tienda\/wp-json\/wp\/v2\/product_cat?post=81400"},{"taxonomy":"product_tag","embeddable":true,"href":"https:\/\/futllermo.com\/tienda\/wp-json\/wp\/v2\/product_tag?post=81400"}],"curies":[{"name":"wp","href":"https:\/\/api.w.org\/{rel}","templated":true}]}}