{"id":81399,"date":"2021-01-11T12:32:59","date_gmt":"2021-01-11T12:32:59","guid":{"rendered":"https:\/\/futllermo.com\/tienda\/producto\/rdx-cinta-boxeo-vendas-mano-muneca-elasticas-interiores-guantes-mma-envolturas-vendaje-kick-boxing\/"},"modified":"2022-01-13T09:55:26","modified_gmt":"2022-01-13T09:55:26","slug":"rdx-cinta-boxeo-vendas-mano-muneca-elasticas-interiores-guantes-mma-envolturas-vendaje-kick-boxing","status":"publish","type":"product","link":"https:\/\/futllermo.com\/tienda\/producto\/rdx-cinta-boxeo-vendas-mano-muneca-elasticas-interiores-guantes-mma-envolturas-vendaje-kick-boxing\/","title":{"rendered":"RDX Vendas Boxeo Guantes Interiores, 75cm El\u00e1stico Correa de Mu\u00f1eca Soporte Cinta, Vendaje Envolturas Protector Wraps\u2026"},"content":{"rendered":"<p><!-- show up to 2 reviews by default --> <\/p>\n<p>Justo lo que el mercado del boxeo necesita una pieza sencilla pero eficaz de los equipos. Como cualquier boxeador sabr\u00e1 que ha sufrido de los nudillos o lesi\u00f3n en la mano superior, m\u00e1s bolsa o almohadilla de trabajo puede ser una agon\u00eda! RDX ha llegado al rescate con este tan esperado \u00abGel integrado espuma aero acolchado guante interior &#8216;. Confeccionada con tejido de fibra tejida del carb\u00f3n con agujero para el pulgar y los dedos cosidas con 75cm largo del abrigo alrededor de vendaje de algod\u00f3n con cierre de gancho ya bucle. (PEQUE\u00d1OS Y MEDIANOS TAMA\u00d1OS RECOMENDADOS PARA HASTA LOS 14 A\u00d1OS DE EDAD) <\/p>\n<p>\u3010Acolchado Shell Shock en los nudillos\u3011Los guantes venda RDX de gimnasio son extremadamente compactos y el acolchado absorbente Shell-Shock les proporciona una excelente resistencia al impacto. Protegen los nudillos y brindan una absorci\u00f3n de impactos s\u00f3lida. El acolchado de alta compresi\u00f3n garantiza que el gran volumen de fuerza se distribuya uniformemente a trav\u00e9s de un soporte fino.<br \/>\n\u3010M\u00e1ximo confort y protecci\u00f3n\u3011Nuestros guantes internos de entrenamiento ofrecen una protecci\u00f3n de calidad y est\u00e1n dise\u00f1ados exclusivamente para ofrecer gran comodidad y una adaptaci\u00f3n impecables. Adem\u00e1s, brindan una s\u00f3lida protecci\u00f3n a los nudillos. Cuentan con un orificio para el pulgar para mayor seguridad. Estos guantes venda interiores son espl\u00e9ndidamente c\u00f3modos para cualquier tama\u00f1o de mano.<br \/>\n\u3010Tejido de fibra de carbono\u3011Los guantes interiores de boxeo RDX est\u00e1n hechos con un ligero tejido de fibra de carbono que ofrece una mejor resistencia a las roturas, desgarros y grietas. Este material es m\u00e1s riguroso en el entrenamiento y dura mucho tiempo. La confecci\u00f3n es resistente y duradera sin ser demasiado r\u00edgida. Son bonitos y ligeros, lo que hace que la protecci\u00f3n sea s\u00f3lida y compacta.<br \/>\n\u3010Correa larga de 75 cm alrededor del vendaje de algod\u00f3n con cierre por contacto\u3011Nuestros guantes internos cuentan con cierre por contacto Quick-EZ de 75 cm de largo que asegura un ajuste seguro y c\u00f3modo y protege las mu\u00f1ecas. Con el vendaje de algod\u00f3n largo, los guantes no resbalan al golpear. El dise\u00f1o de cierre Quick-EZ tambi\u00e9n ayuda en la alineaci\u00f3n de la mu\u00f1eca.<br \/>\n\u3010Tecnolog\u00eda de regulaci\u00f3n t\u00e9rmica para expulsar el sudor\u3011Los guantes venda de entrenamiento RDX est\u00e1n equipados con una tecnolog\u00eda de regulaci\u00f3n t\u00e9rmica inigualable que garantiza la liberaci\u00f3n del luchador que llevas dentro mientras la transpiraci\u00f3n se aleja de ti. Las palmas de las manos permanecen secas y con menos olor. Elimina la humedad para que te mantengas higi\u00e9nico y limpio.<\/p>\n","protected":false},"excerpt":{"rendered":"<p>\u3010Acolchado Shell Shock en los nudillos\u3011Los guantes venda RDX de gimnasio son extremadamente compactos y el acolchado absorbente Shell-Shock les proporciona una excelente resistencia al impacto. Protegen los nudillos y brindan una absorci\u00f3n de impactos s\u00f3lida. El acolchado de alta compresi\u00f3n garantiza que el gran volumen de fuerza se distribuya uniformemente a trav\u00e9s de un soporte fino.<br \/>\n\u3010M\u00e1ximo confort y protecci\u00f3n\u3011Nuestros guantes internos de entrenamiento ofrecen una protecci\u00f3n de calidad y est\u00e1n dise\u00f1ados exclusivamente para ofrecer gran comodidad y una adaptaci\u00f3n impecables. Adem\u00e1s, brindan una s\u00f3lida protecci\u00f3n a los nudillos. Cuentan con un orificio para el pulgar para mayor seguridad. Estos guantes venda interiores son espl\u00e9ndidamente c\u00f3modos para cualquier tama\u00f1o de mano.<br \/>\n\u3010Tejido de fibra de carbono\u3011Los guantes interiores de boxeo RDX est\u00e1n hechos con un ligero tejido de fibra de carbono que ofrece una mejor resistencia a las roturas, desgarros y grietas. Este material es m\u00e1s riguroso en el entrenamiento y dura mucho tiempo. La confecci\u00f3n es resistente y duradera sin ser demasiado r\u00edgida. Son bonitos y ligeros, lo que hace que la protecci\u00f3n sea s\u00f3lida y compacta.<\/p>\n","protected":false},"featured_media":81401,"comment_status":"open","ping_status":"closed","template":"","meta":{"_kadence_starter_templates_imported_post":false,"_kad_post_transparent":"","_kad_post_title":"","_kad_post_layout":"","_kad_post_sidebar_id":"","_kad_post_content_style":"","_kad_post_vertical_padding":"","_kad_post_feature":"","_kad_post_feature_position":"","_kad_post_header":false,"_kad_post_footer":false},"product_brand":[],"product_cat":[424,421],"product_tag":[],"class_list":{"0":"post-81399","1":"product","2":"type-product","3":"status-publish","4":"has-post-thumbnail","6":"product_cat-guantes-de-mma","7":"product_cat-mma","8":"pa_brand-visita-la-store-de-rdx","10":"first","11":"instock","12":"shipping-taxable","13":"purchasable","14":"product-type-simple","15":"entry","16":"content-bg","17":"loop-entry"},"_links":{"self":[{"href":"https:\/\/futllermo.com\/tienda\/wp-json\/wp\/v2\/product\/81399","targetHints":{"allow":["GET"]}}],"collection":[{"href":"https:\/\/futllermo.com\/tienda\/wp-json\/wp\/v2\/product"}],"about":[{"href":"https:\/\/futllermo.com\/tienda\/wp-json\/wp\/v2\/types\/product"}],"replies":[{"embeddable":true,"href":"https:\/\/futllermo.com\/tienda\/wp-json\/wp\/v2\/comments?post=81399"}],"wp:featuredmedia":[{"embeddable":true,"href":"https:\/\/futllermo.com\/tienda\/wp-json\/wp\/v2\/media\/81401"}],"wp:attachment":[{"href":"https:\/\/futllermo.com\/tienda\/wp-json\/wp\/v2\/media?parent=81399"}],"wp:term":[{"taxonomy":"product_brand","embeddable":true,"href":"https:\/\/futllermo.com\/tienda\/wp-json\/wp\/v2\/product_brand?post=81399"},{"taxonomy":"product_cat","embeddable":true,"href":"https:\/\/futllermo.com\/tienda\/wp-json\/wp\/v2\/product_cat?post=81399"},{"taxonomy":"product_tag","embeddable":true,"href":"https:\/\/futllermo.com\/tienda\/wp-json\/wp\/v2\/product_tag?post=81399"}],"curies":[{"name":"wp","href":"https:\/\/api.w.org\/{rel}","templated":true}]}}