{"id":81391,"date":"2021-01-11T12:32:51","date_gmt":"2021-01-11T12:32:51","guid":{"rendered":"https:\/\/futllermo.com\/tienda\/producto\/rdx-nino-guantes-mma-para-artes-marciales-entrenamiento-junior-metallic-cuero-grappling-guantillas-bueno-para-kids-sparring-kickboxing-lucha-libre-muay-thai-y-combate-training\/"},"modified":"2022-01-13T09:55:26","modified_gmt":"2022-01-13T09:55:26","slug":"rdx-nino-guantes-mma-para-artes-marciales-entrenamiento-junior-metallic-cuero-grappling-guantillas-bueno-para-kids-sparring-kickboxing-lucha-libre-muay-thai-y-combate-training","status":"publish","type":"product","link":"https:\/\/futllermo.com\/tienda\/producto\/rdx-nino-guantes-mma-para-artes-marciales-entrenamiento-junior-metallic-cuero-grappling-guantillas-bueno-para-kids-sparring-kickboxing-lucha-libre-muay-thai-y-combate-training\/","title":{"rendered":"RDX Ni\u00f1o Guantes MMA para Artes Marciales Entrenamiento | Junior Metallic Cuero Grappling Guantillas | Bueno para Kids\u2026"},"content":{"rendered":"<p>\u3010 Cuero de combate Metallic Skin\u3011 Nuestros guantes MMA para ni\u00f1os est\u00e1n reforzados y dise\u00f1ados con cuero Metallic Skin para mayor resistencia. El material de cuero mantiene su durabilidad cuando se trata de golpear y grappling con el mismo par de guantes. La calidad de la piel ofrece mejores resultados en cuanto a tractabilidad, resistencia al agrietamiento, desgaste y m\u00e1s.<br \/>\n\u3010 Acolchado de espuma EVA-Lution\u3011 Nuestro acolchado de espuma EVA-Lution ofrece una protecci\u00f3n de calidad y est\u00e1 dise\u00f1ado exclusivamente para resistir a los impactos. Adem\u00e1s, ayuda en la protecci\u00f3n de las manos. Proporciona la m\u00e1xima seguridad de golpeo cuando entrenas y compites. Est\u00e1 confeccionado para prolongar la resistencia y dispersa los impactos sobre la superficie de los guantes de forma impecable y uniforme.<br \/>\n\u3010 Dise\u00f1o Palm O\u3011 Estos guantes de grappling junior son fabricados con un dise\u00f1o de palma curvada O. Cut para un agarre natural. La palma abierta facilita el flujo de aire y mantiene las manos ventiladas y secas. Los olores no deseados son puestos a descansar, conservando las palmas secas y frescas con suficiente ventilaci\u00f3n.<br \/>\n\u3010 Cierre por contacto Quick-EZ\u3011 Estos guantes MMA para j\u00f3venes est\u00e1n equipados con un cierre por contacto Quick EZ mejorado que ofrece un soporte compacto para la mu\u00f1eca y es de f\u00e1cil colocaci\u00f3n- de uso exclusivo para estos guantes. La correa tiene un dise\u00f1o ergon\u00f3mico que responde a las necesidades de los ni\u00f1os y ni\u00f1as de todo el mundo, el cierre EZ ofrece seguridad por excelencia.<br \/>\n\u3010 Costuras reforzadas de calidad\u3011 Estos guantes de sparring para j\u00f3venes brindan una brillante combinaci\u00f3n de llamativos y frescos detalles de costura para un ajuste y un estilo profesional. Las costuras bien entrelazadas aseguran una durabilidad prolongada y ayudan a mantener la forma.<\/p>\n","protected":false},"excerpt":{"rendered":"<p>\u3010 Cuero de combate Metallic Skin\u3011 Nuestros guantes MMA para ni\u00f1os est\u00e1n reforzados y dise\u00f1ados con cuero Metallic Skin para mayor resistencia. El material de cuero mantiene su durabilidad cuando se trata de golpear y grappling con el mismo par de guantes. La calidad de la piel ofrece mejores resultados en cuanto a tractabilidad, resistencia al agrietamiento, desgaste y m\u00e1s.<br \/>\n\u3010 Acolchado de espuma EVA-Lution\u3011 Nuestro acolchado de espuma EVA-Lution ofrece una protecci\u00f3n de calidad y est\u00e1 dise\u00f1ado exclusivamente para resistir a los impactos. Adem\u00e1s, ayuda en la protecci\u00f3n de las manos. Proporciona la m\u00e1xima seguridad de golpeo cuando entrenas y compites. Est\u00e1 confeccionado para prolongar la resistencia y dispersa los impactos sobre la superficie de los guantes de forma impecable y uniforme.<br \/>\n\u3010 Dise\u00f1o Palm O\u3011 Estos guantes de grappling junior son fabricados con un dise\u00f1o de palma curvada O. Cut para un agarre natural. La palma abierta facilita el flujo de aire y mantiene las manos ventiladas y secas. Los olores no deseados son puestos a descansar, conservando las palmas secas y frescas con suficiente ventilaci\u00f3n.<\/p>\n","protected":false},"featured_media":81392,"comment_status":"open","ping_status":"closed","template":"","meta":{"_kadence_starter_templates_imported_post":false,"_kad_post_transparent":"","_kad_post_title":"","_kad_post_layout":"","_kad_post_sidebar_id":"","_kad_post_content_style":"","_kad_post_vertical_padding":"","_kad_post_feature":"","_kad_post_feature_position":"","_kad_post_header":false,"_kad_post_footer":false},"product_brand":[],"product_cat":[424,421],"product_tag":[],"class_list":{"0":"post-81391","1":"product","2":"type-product","3":"status-publish","4":"has-post-thumbnail","6":"product_cat-guantes-de-mma","7":"product_cat-mma","8":"pa_brand-visita-la-store-de-rdx","10":"first","11":"instock","12":"shipping-taxable","13":"purchasable","14":"product-type-simple","15":"entry","16":"content-bg","17":"loop-entry"},"_links":{"self":[{"href":"https:\/\/futllermo.com\/tienda\/wp-json\/wp\/v2\/product\/81391","targetHints":{"allow":["GET"]}}],"collection":[{"href":"https:\/\/futllermo.com\/tienda\/wp-json\/wp\/v2\/product"}],"about":[{"href":"https:\/\/futllermo.com\/tienda\/wp-json\/wp\/v2\/types\/product"}],"replies":[{"embeddable":true,"href":"https:\/\/futllermo.com\/tienda\/wp-json\/wp\/v2\/comments?post=81391"}],"wp:featuredmedia":[{"embeddable":true,"href":"https:\/\/futllermo.com\/tienda\/wp-json\/wp\/v2\/media\/81392"}],"wp:attachment":[{"href":"https:\/\/futllermo.com\/tienda\/wp-json\/wp\/v2\/media?parent=81391"}],"wp:term":[{"taxonomy":"product_brand","embeddable":true,"href":"https:\/\/futllermo.com\/tienda\/wp-json\/wp\/v2\/product_brand?post=81391"},{"taxonomy":"product_cat","embeddable":true,"href":"https:\/\/futllermo.com\/tienda\/wp-json\/wp\/v2\/product_cat?post=81391"},{"taxonomy":"product_tag","embeddable":true,"href":"https:\/\/futllermo.com\/tienda\/wp-json\/wp\/v2\/product_tag?post=81391"}],"curies":[{"name":"wp","href":"https:\/\/api.w.org\/{rel}","templated":true}]}}