{"id":81367,"date":"2021-01-11T12:32:42","date_gmt":"2021-01-11T12:32:42","guid":{"rendered":"https:\/\/futllermo.com\/tienda\/producto\/guantes-de-boxeo-martial-hechos-del-mejor-material-para-ofrecer-una-larga-durabilidad-guantes-de-kickboxing-para-artes-marciales-mma-sparring-y-boxeo-con-optima-absorcion-de-impactos\/"},"modified":"2022-01-13T09:55:26","modified_gmt":"2022-01-13T09:55:26","slug":"guantes-de-boxeo-martial-hechos-del-mejor-material-para-ofrecer-una-larga-durabilidad-guantes-de-kickboxing-para-artes-marciales-mma-sparring-y-boxeo-con-optima-absorcion-de-impactos","status":"publish","type":"product","link":"https:\/\/futllermo.com\/tienda\/producto\/guantes-de-boxeo-martial-hechos-del-mejor-material-para-ofrecer-una-larga-durabilidad-guantes-de-kickboxing-para-artes-marciales-mma-sparring-y-boxeo-con-optima-absorcion-de-impactos\/","title":{"rendered":"MADGON Guantes de Boxeo Hechos del Mejor Material para Larga Durabilidad \u2013 Guantes de Kick Boxing, Guantes de Artes\u2026"},"content":{"rendered":"<p>MUY LARGA DURABILIDAD: El mayor problema con otros guantes de boxeo es la durabilidad, por eso nos centramos especialmente en esto. Nuestros guantes est\u00e1n hechos solo con materiales de la m\u00e1s alta calidad y est\u00e1n especialmente fabricados para garantizarle una larga vida \u00fatil. El acolchado no se ve a trav\u00e9s y el cierre de velcro est\u00e1 hecho de un pl\u00e1stico especial y durar\u00e1 virtualmente para siempre. Adem\u00e1s, recibir\u00e1 nuestra bolsa MARTIAL. Tabla de tama\u00f1os en las fotos.<br \/>\nLOS MEJORES GUANTES PARA LA LUCHA PERFECTA: Una ventaja de nuestros guantes es el acolchado de alta calidad, para una alta absorci\u00f3n de impactos. Los guantes de boxeo tambi\u00e9n estabilizan la mu\u00f1eca y el pulgar est\u00e1 cosido para que no te hagas da\u00f1o. El velcro tiene bordes suaves y redondeados para un entrenamiento sin rasgu\u00f1os. Nuestros guantes son el compa\u00f1ero perfecto para ti y en combinaci\u00f3n con nuestras vendas de boxeo logras el mayor confort y protecci\u00f3n.<br \/>\nAPTO PARA TODOS: Los guantes de boxeo son f\u00e1ciles de poner y quitar y est\u00e1n disponibles en diferentes onzas. Por lo tanto, son adecuados para hombres y mujeres adultos. Adem\u00e1s, los guantes son adecuados para todo tipo de artes marciales como el boxeo, el kickboxing, el jiu jitsu, el muay thai y el agarre, pero tambi\u00e9n para entrenar con un saco de boxeo. Perfecto para los artistas marciales aficionados y profesionales. Actualiza tu equipo de artes marciales con los mejores guantes de boxeo.<br \/>\nCALIDAD EN ALTO NIVEL: Los guantes (color: negro) est\u00e1n hechos de la mejor PU (cuero sint\u00e9tico). Las costuras son especialmente fuertes, lo que significa que nunca tendr\u00e1s problemas con costuras desgarradas, incluso con un uso muy intensivo. Tambi\u00e9n hemos hecho agujeros en los guantes y usado material transpirable para reducir la sudoraci\u00f3n al m\u00ednimo y darle la mayor comodidad de uso. Como un extra, tienes la bolsa de transporte MARTIAL. El apoyo \u00f3ptimo en la batalla.<br \/>\nEXPERIMENTA LA FUNCIONALIDAD M\u00c1S ALTA Y LA CALIDAD PERFECTA O RECIBE LA DEVOLUCI\u00d3N DEL 100% DE TU DINERO: Estamos 100% convencidos de la calidad y utilidad de nuestros guantes de boxeo, por lo tanto te damos una garant\u00eda de devoluci\u00f3n de dinero de 30 d\u00edas. As\u00ed que puedes probar sin riesgo y convencerte a ti mismo.<\/p>\n","protected":false},"excerpt":{"rendered":"<p>MUY LARGA DURABILIDAD: El mayor problema con otros guantes de boxeo es la durabilidad, por eso nos centramos especialmente en esto. Nuestros guantes est\u00e1n hechos solo con materiales de la m\u00e1s alta calidad y est\u00e1n especialmente fabricados para garantizarle una larga vida \u00fatil. El acolchado no se ve a trav\u00e9s y el cierre de velcro est\u00e1 hecho de un pl\u00e1stico especial y durar\u00e1 virtualmente para siempre. Adem\u00e1s, recibir\u00e1 nuestra bolsa MARTIAL. Tabla de tama\u00f1os en las fotos.<br \/>\nLOS MEJORES GUANTES PARA LA LUCHA PERFECTA: Una ventaja de nuestros guantes es el acolchado de alta calidad, para una alta absorci\u00f3n de impactos. Los guantes de boxeo tambi\u00e9n estabilizan la mu\u00f1eca y el pulgar est\u00e1 cosido para que no te hagas da\u00f1o. El velcro tiene bordes suaves y redondeados para un entrenamiento sin rasgu\u00f1os. Nuestros guantes son el compa\u00f1ero perfecto para ti y en combinaci\u00f3n con nuestras vendas de boxeo logras el mayor confort y protecci\u00f3n.<br \/>\nAPTO PARA TODOS: Los guantes de boxeo son f\u00e1ciles de poner y quitar y est\u00e1n disponibles en diferentes onzas. Por lo tanto, son adecuados para hombres y mujeres adultos. Adem\u00e1s, los guantes son adecuados para todo tipo de artes marciales como el boxeo, el kickboxing, el jiu jitsu, el muay thai y el agarre, pero tambi\u00e9n para entrenar con un saco de boxeo. Perfecto para los artistas marciales aficionados y profesionales. Actualiza tu equipo de artes marciales con los mejores guantes de boxeo.<\/p>\n","protected":false},"featured_media":81368,"comment_status":"open","ping_status":"closed","template":"","meta":{"_kadence_starter_templates_imported_post":false,"_kad_post_transparent":"","_kad_post_title":"","_kad_post_layout":"","_kad_post_sidebar_id":"","_kad_post_content_style":"","_kad_post_vertical_padding":"","_kad_post_feature":"","_kad_post_feature_position":"","_kad_post_header":false,"_kad_post_footer":false},"product_brand":[],"product_cat":[424,421],"product_tag":[],"class_list":{"0":"post-81367","1":"product","2":"type-product","3":"status-publish","4":"has-post-thumbnail","6":"product_cat-guantes-de-mma","7":"product_cat-mma","8":"pa_brand-marca-super-active-sports-martial","10":"first","11":"instock","12":"shipping-taxable","13":"purchasable","14":"product-type-simple","15":"entry","16":"content-bg","17":"loop-entry"},"_links":{"self":[{"href":"https:\/\/futllermo.com\/tienda\/wp-json\/wp\/v2\/product\/81367","targetHints":{"allow":["GET"]}}],"collection":[{"href":"https:\/\/futllermo.com\/tienda\/wp-json\/wp\/v2\/product"}],"about":[{"href":"https:\/\/futllermo.com\/tienda\/wp-json\/wp\/v2\/types\/product"}],"replies":[{"embeddable":true,"href":"https:\/\/futllermo.com\/tienda\/wp-json\/wp\/v2\/comments?post=81367"}],"wp:featuredmedia":[{"embeddable":true,"href":"https:\/\/futllermo.com\/tienda\/wp-json\/wp\/v2\/media\/81368"}],"wp:attachment":[{"href":"https:\/\/futllermo.com\/tienda\/wp-json\/wp\/v2\/media?parent=81367"}],"wp:term":[{"taxonomy":"product_brand","embeddable":true,"href":"https:\/\/futllermo.com\/tienda\/wp-json\/wp\/v2\/product_brand?post=81367"},{"taxonomy":"product_cat","embeddable":true,"href":"https:\/\/futllermo.com\/tienda\/wp-json\/wp\/v2\/product_cat?post=81367"},{"taxonomy":"product_tag","embeddable":true,"href":"https:\/\/futllermo.com\/tienda\/wp-json\/wp\/v2\/product_tag?post=81367"}],"curies":[{"name":"wp","href":"https:\/\/api.w.org\/{rel}","templated":true}]}}