{"id":81352,"date":"2021-01-11T12:32:33","date_gmt":"2021-01-11T12:32:33","guid":{"rendered":"https:\/\/futllermo.com\/tienda\/producto\/xinluying-guantes-boxeo-saco-mma-artes-marciales-punching-karate-taekwondo-entrenamiento-ninos-mujer-hombre\/"},"modified":"2022-01-13T09:55:26","modified_gmt":"2022-01-13T09:55:26","slug":"xinluying-guantes-boxeo-saco-mma-artes-marciales-punching-karate-taekwondo-entrenamiento-ninos-mujer-hombre","status":"publish","type":"product","link":"https:\/\/futllermo.com\/tienda\/producto\/xinluying-guantes-boxeo-saco-mma-artes-marciales-punching-karate-taekwondo-entrenamiento-ninos-mujer-hombre\/","title":{"rendered":"Xinluying Guantes Boxeo Saco MMA Artes Marciales Punching Karate Taekwondo Entrenamiento Ni\u00f1os Mujer Hombre"},"content":{"rendered":"<p>C\u00f3modos y transpirables: estos guantes de kickboxing est\u00e1n hechos de tela de malla altamente el\u00e1stica y almohadilla de rizo para el pulgar absorbe el sudor, ayuda a prevenir distracciones durante las artes marciales y el agarre. Palma hueca transpirable que mantiene la frescura de tu palma.<br \/>\nLigero y flexible: barra cil\u00edndrica s\u00f3lida y dise\u00f1o abierto en la palma hacen que el agarre sea m\u00e1s c\u00f3modo y potente, sin deslizamiento. Protege tu mano, pero no limita el movimiento.<br \/>\nAjuste personalizado: velcro m\u00e1gico de mu\u00f1eca y la banda el\u00e1stica entre la palma es ajustable para un ajuste m\u00e1s personalizado y f\u00e1cil de llevar.<br \/>\nMaterial duradero: la tecnolog\u00eda de doble costura s\u00f3lida hace que los guantes de boxeo sean m\u00e1s resistentes al desgaste, la piel sint\u00e9tica suave es f\u00e1cil de limpiar.<br \/>\nGuantes multifuncionales sin dedos: ya sea para entrenamiento profesional o principiante en taekwondo, sparring, lucha, kickboxing, pankration u otras artes marciales, estos guantes equilibran la protecci\u00f3n y mantienen la flexibilidad.<\/p>\n","protected":false},"excerpt":{"rendered":"<p>C\u00f3modos y transpirables: estos guantes de kickboxing est\u00e1n hechos de tela de malla altamente el\u00e1stica y almohadilla de rizo para el pulgar absorbe el sudor, ayuda a prevenir distracciones durante las artes marciales y el agarre. Palma hueca transpirable que mantiene la frescura de tu palma.<br \/>\nLigero y flexible: barra cil\u00edndrica s\u00f3lida y dise\u00f1o abierto en la palma hacen que el agarre sea m\u00e1s c\u00f3modo y potente, sin deslizamiento. Protege tu mano, pero no limita el movimiento.<br \/>\nAjuste personalizado: velcro m\u00e1gico de mu\u00f1eca y la banda el\u00e1stica entre la palma es ajustable para un ajuste m\u00e1s personalizado y f\u00e1cil de llevar.<\/p>\n","protected":false},"featured_media":81359,"comment_status":"open","ping_status":"closed","template":"","meta":{"_kadence_starter_templates_imported_post":false,"_kad_post_transparent":"","_kad_post_title":"","_kad_post_layout":"","_kad_post_sidebar_id":"","_kad_post_content_style":"","_kad_post_vertical_padding":"","_kad_post_feature":"","_kad_post_feature_position":"","_kad_post_header":false,"_kad_post_footer":false},"product_brand":[],"product_cat":[424,421],"product_tag":[],"class_list":{"0":"post-81352","1":"product","2":"type-product","3":"status-publish","4":"has-post-thumbnail","6":"product_cat-guantes-de-mma","7":"product_cat-mma","8":"pa_brand-visita-la-store-de-xinluying","10":"first","11":"instock","12":"shipping-taxable","13":"purchasable","14":"product-type-simple","15":"entry","16":"content-bg","17":"loop-entry"},"_links":{"self":[{"href":"https:\/\/futllermo.com\/tienda\/wp-json\/wp\/v2\/product\/81352","targetHints":{"allow":["GET"]}}],"collection":[{"href":"https:\/\/futllermo.com\/tienda\/wp-json\/wp\/v2\/product"}],"about":[{"href":"https:\/\/futllermo.com\/tienda\/wp-json\/wp\/v2\/types\/product"}],"replies":[{"embeddable":true,"href":"https:\/\/futllermo.com\/tienda\/wp-json\/wp\/v2\/comments?post=81352"}],"wp:featuredmedia":[{"embeddable":true,"href":"https:\/\/futllermo.com\/tienda\/wp-json\/wp\/v2\/media\/81359"}],"wp:attachment":[{"href":"https:\/\/futllermo.com\/tienda\/wp-json\/wp\/v2\/media?parent=81352"}],"wp:term":[{"taxonomy":"product_brand","embeddable":true,"href":"https:\/\/futllermo.com\/tienda\/wp-json\/wp\/v2\/product_brand?post=81352"},{"taxonomy":"product_cat","embeddable":true,"href":"https:\/\/futllermo.com\/tienda\/wp-json\/wp\/v2\/product_cat?post=81352"},{"taxonomy":"product_tag","embeddable":true,"href":"https:\/\/futllermo.com\/tienda\/wp-json\/wp\/v2\/product_tag?post=81352"}],"curies":[{"name":"wp","href":"https:\/\/api.w.org\/{rel}","templated":true}]}}