{"id":81336,"date":"2021-01-11T12:32:22","date_gmt":"2021-01-11T12:32:22","guid":{"rendered":"https:\/\/futllermo.com\/tienda\/producto\/rdx-guantes-mma-para-artes-marciales-y-grappling-entrenamiento-palma-abierta-maya-hide-cuero-lucha-guantillas-bueno-para-sparring-kickboxing-muay-thai-krav-maga-y-combate-training\/"},"modified":"2022-01-13T09:55:25","modified_gmt":"2022-01-13T09:55:25","slug":"rdx-guantes-mma-para-artes-marciales-y-grappling-entrenamiento-palma-abierta-maya-hide-cuero-lucha-guantillas-bueno-para-sparring-kickboxing-muay-thai-krav-maga-y-combate-training","status":"publish","type":"product","link":"https:\/\/futllermo.com\/tienda\/producto\/rdx-guantes-mma-para-artes-marciales-y-grappling-entrenamiento-palma-abierta-maya-hide-cuero-lucha-guantillas-bueno-para-sparring-kickboxing-muay-thai-krav-maga-y-combate-training\/","title":{"rendered":"RDX Guantes MMA para Artes Marciales y Grappling Entrenamiento, Palma Abierta Maya Hide Cuero Lucha Guantillas, Bueno\u2026"},"content":{"rendered":"<p><!-- show up to 2 reviews by default --> <\/p>\n<p>Los guantes de lucha RDX MMA est\u00e1n dise\u00f1ados para satisfacer las demandas profesionales de los atletas profesionales de todo el mundo. Ahora, entrena y compite con el m\u00e1s alto nivel de rendimiento en equipo de combate. Construidos para la competencia, estos guantes de lucha MMA de 4 oz cuentan con gel Shell-Shock y acolchado de espuma comprimida de alta densidad para una m\u00e1xima absorci\u00f3n del impacto en cada golpe. El acolchado denso ofrece una amortiguaci\u00f3n \u00f3ptima para mejorar la dispersi\u00f3n de las ondas de choque, evitando que sus articulaciones se disloquen. Su dise\u00f1o anat\u00f3mico te ayuda a mantener tus manos f\u00e1cilmente en la posici\u00f3n de golpe perfecta mientras que la palma abierta permite una evacuaci\u00f3n m\u00e1s r\u00e1pida del sudor para un agarre superior durante la pelea. El trabajo de aguja apretado y el cuero de ingenier\u00eda de primera calidad completan estos guantes RDX MMA mejorando su durabilidad. <\/p>\n<p>Los guantes de lucha RDX MMA est\u00e1n fabricados con cuero de microfibra resistente que es extremadamente duradero. El material es mucho m\u00e1s grueso y mucho m\u00e1s ligero. No se desgasta sin atractivo. Ideal para kickboxing, muay thai, sparring y m\u00e1s.<br \/>\nAprecia la personalizaci\u00f3n de nuestros guantes de agarre con gel Shell-Shock colocado t\u00e1cticamente entre el acolchado de espuma densamente comprimida para minimizar la transferencia del impacto a tus manos.<br \/>\nDise\u00f1ado con palma O-cut para un mejor agarre y transpirabilidad. Este corte exclusivo te hace sentir m\u00e1s natural mientras cierra el pu\u00f1o y evita que el cuero se arrugue de manera inc\u00f3moda en tu mano.<br \/>\nEl cierre de velcro Quick-EZ mejorado ofrece un ajuste seguro y respalda las mu\u00f1ecas. Con la correa EZ, los guantes no se deslizan al golpear. Tambi\u00e9n ayuda a alinear la mu\u00f1eca.<br \/>\nLas costuras reforzadas resistentes a lo largo de las costuras aseguran que dure la prueba del tiempo. Mejora a\u00fan m\u00e1s la fuerza y \u200b\u200bla durabilidad mientras soporta los golpes y los impactos m\u00e1s duros sin romperse.<\/p>\n","protected":false},"excerpt":{"rendered":"<p>Los guantes de lucha RDX MMA est\u00e1n fabricados con cuero de microfibra resistente que es extremadamente duradero. El material es mucho m\u00e1s grueso y mucho m\u00e1s ligero. No se desgasta sin atractivo. Ideal para kickboxing, muay thai, sparring y m\u00e1s.<br \/>\nAprecia la personalizaci\u00f3n de nuestros guantes de agarre con gel Shell-Shock colocado t\u00e1cticamente entre el acolchado de espuma densamente comprimida para minimizar la transferencia del impacto a tus manos.<br \/>\nDise\u00f1ado con palma O-cut para un mejor agarre y transpirabilidad. Este corte exclusivo te hace sentir m\u00e1s natural mientras cierra el pu\u00f1o y evita que el cuero se arrugue de manera inc\u00f3moda en tu mano.<\/p>\n","protected":false},"featured_media":81344,"comment_status":"open","ping_status":"closed","template":"","meta":{"_kadence_starter_templates_imported_post":false,"_kad_post_transparent":"","_kad_post_title":"","_kad_post_layout":"","_kad_post_sidebar_id":"","_kad_post_content_style":"","_kad_post_vertical_padding":"","_kad_post_feature":"","_kad_post_feature_position":"","_kad_post_header":false,"_kad_post_footer":false},"product_brand":[],"product_cat":[424,421],"product_tag":[],"class_list":{"0":"post-81336","1":"product","2":"type-product","3":"status-publish","4":"has-post-thumbnail","6":"product_cat-guantes-de-mma","7":"product_cat-mma","8":"pa_brand-visita-la-store-de-rdx","10":"first","11":"instock","12":"shipping-taxable","13":"purchasable","14":"product-type-simple","15":"entry","16":"content-bg","17":"loop-entry"},"_links":{"self":[{"href":"https:\/\/futllermo.com\/tienda\/wp-json\/wp\/v2\/product\/81336","targetHints":{"allow":["GET"]}}],"collection":[{"href":"https:\/\/futllermo.com\/tienda\/wp-json\/wp\/v2\/product"}],"about":[{"href":"https:\/\/futllermo.com\/tienda\/wp-json\/wp\/v2\/types\/product"}],"replies":[{"embeddable":true,"href":"https:\/\/futllermo.com\/tienda\/wp-json\/wp\/v2\/comments?post=81336"}],"wp:featuredmedia":[{"embeddable":true,"href":"https:\/\/futllermo.com\/tienda\/wp-json\/wp\/v2\/media\/81344"}],"wp:attachment":[{"href":"https:\/\/futllermo.com\/tienda\/wp-json\/wp\/v2\/media?parent=81336"}],"wp:term":[{"taxonomy":"product_brand","embeddable":true,"href":"https:\/\/futllermo.com\/tienda\/wp-json\/wp\/v2\/product_brand?post=81336"},{"taxonomy":"product_cat","embeddable":true,"href":"https:\/\/futllermo.com\/tienda\/wp-json\/wp\/v2\/product_cat?post=81336"},{"taxonomy":"product_tag","embeddable":true,"href":"https:\/\/futllermo.com\/tienda\/wp-json\/wp\/v2\/product_tag?post=81336"}],"curies":[{"name":"wp","href":"https:\/\/api.w.org\/{rel}","templated":true}]}}