{"id":81335,"date":"2021-01-11T12:32:21","date_gmt":"2021-01-11T12:32:21","guid":{"rendered":"https:\/\/futllermo.com\/tienda\/producto\/rdx-guantes-mma-para-artes-marciales-entrenamiento-cuero-kickboxing-guantillas-bueno-para-muay-thai-saco-de-boxeo-lucha-libre-combate-training-sparring-y-grappling\/"},"modified":"2022-01-13T09:55:25","modified_gmt":"2022-01-13T09:55:25","slug":"rdx-guantes-mma-para-artes-marciales-entrenamiento-cuero-kickboxing-guantillas-bueno-para-muay-thai-saco-de-boxeo-lucha-libre-combate-training-sparring-y-grappling","status":"publish","type":"product","link":"https:\/\/futllermo.com\/tienda\/producto\/rdx-guantes-mma-para-artes-marciales-entrenamiento-cuero-kickboxing-guantillas-bueno-para-muay-thai-saco-de-boxeo-lucha-libre-combate-training-sparring-y-grappling\/","title":{"rendered":"RDX Guantes MMA para Artes Marciales Entrenamiento, Cuero Kickboxing Guantillas, Bueno para Muay Thai, Saco de Boxeo\u2026"},"content":{"rendered":"<p><!-- show up to 2 reviews by default --> <\/p>\n<p>Los guantes Quest de MMA est\u00e1n fabricados con cuero de vaca genuino para que sean m\u00e1s duraderos y resistentes a los golpes. Est\u00e1n cubiertos con nuestra l\u00e1mina de equilibrio de gel de Shell Shock y espuma Supremo-Shock para lograr una m\u00e1xima absorci\u00f3n de impactos. Las costuras a prueba de desgarros y la triple capa acolchada de gel protegen las manos durante las sesiones de combate. El dise\u00f1o abierto de la palma y el forro que absorbe el sudor expulsan la humedad para un agarre fuerte y un uso c\u00f3modo. La correa con cierre por contacto se envuelve alrededor de la mu\u00f1eca para un ajuste m\u00e1s preciso y adaptable, lo que proporciona un mayor soporte a la articulaci\u00f3n. (SE RECOMIENDAN TALLAS PEQUE\u00d1AS Y MEDIANAS PARA NI\u00d1OS DE HASTA 14 A\u00d1OS DE EDAD). <\/p>\n<p>Guantes de MMA de cuero de grano entero, reforzados con costuras resistentes para una mejor calidad.<br \/>\nLa articulaci\u00f3n de la mu\u00f1eca est\u00e1 acolchada con tres placas de espuma extra gruesa, un bloque de acolchado adicional y gel disipador de impactos.<br \/>\nCierre por contacto Quick-EZ para brindar un soporte mejorado y una sujeci\u00f3n segura a las mu\u00f1ecas.<br \/>\nEl tejido sint\u00e9tico absorbe el sudor y lo expulsa de la piel para favorecer la comodidad de las manos y la ventilaci\u00f3n.<br \/>\nEl dise\u00f1o Nabla-Palm de palma abierta es lo \u00faltimo en el grappling, con orificios especiales en la parte interior de los dedos y en la vaina del pulgar que facilitan el control del sudor.<\/p>\n","protected":false},"excerpt":{"rendered":"<p>Guantes de MMA de cuero de grano entero, reforzados con costuras resistentes para una mejor calidad.<br \/>\nLa articulaci\u00f3n de la mu\u00f1eca est\u00e1 acolchada con tres placas de espuma extra gruesa, un bloque de acolchado adicional y gel disipador de impactos.<br \/>\nCierre por contacto Quick-EZ para brindar un soporte mejorado y una sujeci\u00f3n segura a las mu\u00f1ecas.<\/p>\n","protected":false},"featured_media":81337,"comment_status":"open","ping_status":"closed","template":"","meta":{"_kadence_starter_templates_imported_post":false,"_kad_post_transparent":"","_kad_post_title":"","_kad_post_layout":"","_kad_post_sidebar_id":"","_kad_post_content_style":"","_kad_post_vertical_padding":"","_kad_post_feature":"","_kad_post_feature_position":"","_kad_post_header":false,"_kad_post_footer":false},"product_brand":[],"product_cat":[424,421],"product_tag":[],"class_list":{"0":"post-81335","1":"product","2":"type-product","3":"status-publish","4":"has-post-thumbnail","6":"product_cat-guantes-de-mma","7":"product_cat-mma","8":"pa_brand-visita-la-store-de-rdx","10":"first","11":"instock","12":"shipping-taxable","13":"purchasable","14":"product-type-simple","15":"entry","16":"content-bg","17":"loop-entry"},"_links":{"self":[{"href":"https:\/\/futllermo.com\/tienda\/wp-json\/wp\/v2\/product\/81335","targetHints":{"allow":["GET"]}}],"collection":[{"href":"https:\/\/futllermo.com\/tienda\/wp-json\/wp\/v2\/product"}],"about":[{"href":"https:\/\/futllermo.com\/tienda\/wp-json\/wp\/v2\/types\/product"}],"replies":[{"embeddable":true,"href":"https:\/\/futllermo.com\/tienda\/wp-json\/wp\/v2\/comments?post=81335"}],"wp:featuredmedia":[{"embeddable":true,"href":"https:\/\/futllermo.com\/tienda\/wp-json\/wp\/v2\/media\/81337"}],"wp:attachment":[{"href":"https:\/\/futllermo.com\/tienda\/wp-json\/wp\/v2\/media?parent=81335"}],"wp:term":[{"taxonomy":"product_brand","embeddable":true,"href":"https:\/\/futllermo.com\/tienda\/wp-json\/wp\/v2\/product_brand?post=81335"},{"taxonomy":"product_cat","embeddable":true,"href":"https:\/\/futllermo.com\/tienda\/wp-json\/wp\/v2\/product_cat?post=81335"},{"taxonomy":"product_tag","embeddable":true,"href":"https:\/\/futllermo.com\/tienda\/wp-json\/wp\/v2\/product_tag?post=81335"}],"curies":[{"name":"wp","href":"https:\/\/api.w.org\/{rel}","templated":true}]}}