{"id":81324,"date":"2021-01-11T12:31:52","date_gmt":"2021-01-11T12:31:52","guid":{"rendered":"https:\/\/futllermo.com\/tienda\/producto\/leone-1947-guantes-mma-military-ed-guantes-mma-unisex-adulto-verde-s\/"},"modified":"2022-01-13T09:55:25","modified_gmt":"2022-01-13T09:55:25","slug":"leone-1947-guantes-mma-military-ed-guantes-mma-unisex-adulto-verde-s","status":"publish","type":"product","link":"https:\/\/futllermo.com\/tienda\/producto\/leone-1947-guantes-mma-military-ed-guantes-mma-unisex-adulto-verde-s\/","title":{"rendered":"LEONE 1947 Guanti MMA Military Ed. &#8211; Guantes MMA Unisex Adulto"},"content":{"rendered":"<p><!-- show up to 2 reviews by default --> <\/p>\n<p>Estos guantes se combinan con el modelo Black Edition con una nueva variante de color que toma su inspiraci\u00f3n del mundo militar. Un guante no de MMA verde mate cuyo color est\u00e1 enriquecido con estampados dorados. En la parte posterior tiene una protecci\u00f3n reforzada de una sola secci\u00f3n que se extiende hasta la segunda falange de los dedos. El pulgar cubierto y acolchado permite la seguridad m\u00e1s completa incluso en las disciplinas de defensa que utilizan armas blancas. <\/p>\n<p>Transpirable<br \/>\nDoble acolchado en el dorso de la mano para un alto nivel de protecci\u00f3n<br \/>\nProtecci\u00f3n reforzada en el dorso de una sola secci\u00f3n que se extiende hasta la segunda falange de los dedos<br \/>\nEl pulgar cubierto y acolchado permite la m\u00e1s completa seguridad<br \/>\nTambi\u00e9n apto para las disciplinas de defensa de armas blancas.<\/p>\n","protected":false},"excerpt":{"rendered":"<p>Transpirable<br \/>\nDoble acolchado en el dorso de la mano para un alto nivel de protecci\u00f3n<br \/>\nProtecci\u00f3n reforzada en el dorso de una sola secci\u00f3n que se extiende hasta la segunda falange de los dedos<\/p>\n","protected":false},"featured_media":81325,"comment_status":"open","ping_status":"closed","template":"","meta":{"_kadence_starter_templates_imported_post":false,"_kad_post_transparent":"","_kad_post_title":"","_kad_post_layout":"","_kad_post_sidebar_id":"","_kad_post_content_style":"","_kad_post_vertical_padding":"","_kad_post_feature":"","_kad_post_feature_position":"","_kad_post_header":false,"_kad_post_footer":false},"product_brand":[],"product_cat":[424,421],"product_tag":[],"class_list":{"0":"post-81324","1":"product","2":"type-product","3":"status-publish","4":"has-post-thumbnail","6":"product_cat-guantes-de-mma","7":"product_cat-mma","8":"pa_brand-marca-leone-1947","10":"first","11":"instock","12":"shipping-taxable","13":"purchasable","14":"product-type-simple","15":"entry","16":"content-bg","17":"loop-entry"},"_links":{"self":[{"href":"https:\/\/futllermo.com\/tienda\/wp-json\/wp\/v2\/product\/81324","targetHints":{"allow":["GET"]}}],"collection":[{"href":"https:\/\/futllermo.com\/tienda\/wp-json\/wp\/v2\/product"}],"about":[{"href":"https:\/\/futllermo.com\/tienda\/wp-json\/wp\/v2\/types\/product"}],"replies":[{"embeddable":true,"href":"https:\/\/futllermo.com\/tienda\/wp-json\/wp\/v2\/comments?post=81324"}],"wp:featuredmedia":[{"embeddable":true,"href":"https:\/\/futllermo.com\/tienda\/wp-json\/wp\/v2\/media\/81325"}],"wp:attachment":[{"href":"https:\/\/futllermo.com\/tienda\/wp-json\/wp\/v2\/media?parent=81324"}],"wp:term":[{"taxonomy":"product_brand","embeddable":true,"href":"https:\/\/futllermo.com\/tienda\/wp-json\/wp\/v2\/product_brand?post=81324"},{"taxonomy":"product_cat","embeddable":true,"href":"https:\/\/futllermo.com\/tienda\/wp-json\/wp\/v2\/product_cat?post=81324"},{"taxonomy":"product_tag","embeddable":true,"href":"https:\/\/futllermo.com\/tienda\/wp-json\/wp\/v2\/product_tag?post=81324"}],"curies":[{"name":"wp","href":"https:\/\/api.w.org\/{rel}","templated":true}]}}