{"id":81318,"date":"2021-01-11T12:31:49","date_gmt":"2021-01-11T12:31:49","guid":{"rendered":"https:\/\/futllermo.com\/tienda\/producto\/venum-challenger-2-0-guantes-de-boxeo-unisex\/"},"modified":"2022-01-13T09:55:25","modified_gmt":"2022-01-13T09:55:25","slug":"venum-challenger-2-0-guantes-de-boxeo-unisex","status":"publish","type":"product","link":"https:\/\/futllermo.com\/tienda\/producto\/venum-challenger-2-0-guantes-de-boxeo-unisex\/","title":{"rendered":"VENUM Challenger 2.0 Guantes de Boxeo, Unisex"},"content":{"rendered":"<p><!-- show up to 2 reviews by default --> <\/p>\n<p>Los guantes Challenger 2.0 son ligeros y disegnados en Tailandia, ideales para los principiantes como los m\u00e1s experimentados. La construcci\u00f3n de cuero PU alta gama permiten una durabilidad aumentada para una utilizaci\u00f3n de alta realizaci\u00f3n. La espuma triple densidad permite en cuanto a ella una absorci\u00f3n de los choques imcomparables, protegiendo sus manos y extendiendo la duraci\u00f3n de sus entrenamientos. Guantes accesibles sin compromiso sobre la calidad, una oferta que no te puedes perder ! <\/p>\n<p>Cuero sint\u00e9tico de alta gama<br \/>\nCurvas de formas anat\u00f3micas<br \/>\nCierre por velcro ancho<\/p>\n","protected":false},"excerpt":{"rendered":"<p>Cuero sint\u00e9tico de alta gama<br \/>\nCurvas de formas anat\u00f3micas<br \/>\nCierre por velcro ancho<\/p>\n","protected":false},"featured_media":81319,"comment_status":"open","ping_status":"closed","template":"","meta":{"_kadence_starter_templates_imported_post":false,"_kad_post_transparent":"","_kad_post_title":"","_kad_post_layout":"","_kad_post_sidebar_id":"","_kad_post_content_style":"","_kad_post_vertical_padding":"","_kad_post_feature":"","_kad_post_feature_position":"","_kad_post_header":false,"_kad_post_footer":false},"product_brand":[],"product_cat":[424,421],"product_tag":[],"class_list":{"0":"post-81318","1":"product","2":"type-product","3":"status-publish","4":"has-post-thumbnail","6":"product_cat-guantes-de-mma","7":"product_cat-mma","8":"pa_brand-marca-venum","10":"first","11":"instock","12":"shipping-taxable","13":"purchasable","14":"product-type-simple","15":"entry","16":"content-bg","17":"loop-entry"},"_links":{"self":[{"href":"https:\/\/futllermo.com\/tienda\/wp-json\/wp\/v2\/product\/81318","targetHints":{"allow":["GET"]}}],"collection":[{"href":"https:\/\/futllermo.com\/tienda\/wp-json\/wp\/v2\/product"}],"about":[{"href":"https:\/\/futllermo.com\/tienda\/wp-json\/wp\/v2\/types\/product"}],"replies":[{"embeddable":true,"href":"https:\/\/futllermo.com\/tienda\/wp-json\/wp\/v2\/comments?post=81318"}],"wp:featuredmedia":[{"embeddable":true,"href":"https:\/\/futllermo.com\/tienda\/wp-json\/wp\/v2\/media\/81319"}],"wp:attachment":[{"href":"https:\/\/futllermo.com\/tienda\/wp-json\/wp\/v2\/media?parent=81318"}],"wp:term":[{"taxonomy":"product_brand","embeddable":true,"href":"https:\/\/futllermo.com\/tienda\/wp-json\/wp\/v2\/product_brand?post=81318"},{"taxonomy":"product_cat","embeddable":true,"href":"https:\/\/futllermo.com\/tienda\/wp-json\/wp\/v2\/product_cat?post=81318"},{"taxonomy":"product_tag","embeddable":true,"href":"https:\/\/futllermo.com\/tienda\/wp-json\/wp\/v2\/product_tag?post=81318"}],"curies":[{"name":"wp","href":"https:\/\/api.w.org\/{rel}","templated":true}]}}