{"id":81310,"date":"2021-01-11T12:31:38","date_gmt":"2021-01-11T12:31:38","guid":{"rendered":"https:\/\/futllermo.com\/tienda\/producto\/rdx-mma-guantes-grappling-negro-convexo-piel-guantes-abierto-y-volar-palma-mate-piel-entrenamiento-guante-lucha-contra-la-jaula-de-sparring\/"},"modified":"2022-01-13T09:55:25","modified_gmt":"2022-01-13T09:55:25","slug":"rdx-mma-guantes-grappling-negro-convexo-piel-guantes-abierto-y-volar-palma-mate-piel-entrenamiento-guante-lucha-contra-la-jaula-de-sparring","status":"publish","type":"product","link":"https:\/\/futllermo.com\/tienda\/producto\/rdx-mma-guantes-grappling-negro-convexo-piel-guantes-abierto-y-volar-palma-mate-piel-entrenamiento-guante-lucha-contra-la-jaula-de-sparring\/","title":{"rendered":"RDX Guantes MMA para Artes Marciales Entrenamiento, Convex Skin Sparring Guantillas, Bueno para Grappling, Muay Thai\u2026"},"content":{"rendered":"<p>Fabricados con cuero ConvEX Skin de Maya Hide, un material fuerte y duradero. Estos guantes de grappling de la SERIE NOIR son resistentes y protectores, ideales para sparring, kickboxing, artes marciales mixtas y mucho m\u00e1s.<br \/>\nDise\u00f1ados con las espumas Sponge X y Supremo Shock para una difusi\u00f3n de impacto efectiva que proteger\u00e1 tus manos. Ofrecen una resistencia suprema contra los impactos fuertes y mantiene el dorso de la mano protegido.<br \/>\nEl dise\u00f1o de palma Y-Volar mejora el agarre natural. Tambi\u00e9n favorece la ventilaci\u00f3n las manos de forma eficaz y facilita la limpieza.<br \/>\nEl cierre por contacto Quick-EZ se envuelve para brindarte un ajuste f\u00e1cil y adecuado. Con un soporte firme, no tendr\u00e1s la preocupaci\u00f3n ni el riesgo de una alineaci\u00f3n de mu\u00f1eca desequilibrada.<br \/>\nRDX busca a brindate comodidad y practicidad con los \u00faltimos guantes MMA. Vivimos por la excelencia, por lo que nuestro Servicio Profesional de Atenci\u00f3n al Cliente te garantiza una satisfacci\u00f3n total.<\/p>\n","protected":false},"excerpt":{"rendered":"<p>Fabricados con cuero ConvEX Skin de Maya Hide, un material fuerte y duradero. Estos guantes de grappling de la SERIE NOIR son resistentes y protectores, ideales para sparring, kickboxing, artes marciales mixtas y mucho m\u00e1s.<br \/>\nDise\u00f1ados con las espumas Sponge X y Supremo Shock para una difusi\u00f3n de impacto efectiva que proteger\u00e1 tus manos. Ofrecen una resistencia suprema contra los impactos fuertes y mantiene el dorso de la mano protegido.<br \/>\nEl dise\u00f1o de palma Y-Volar mejora el agarre natural. Tambi\u00e9n favorece la ventilaci\u00f3n las manos de forma eficaz y facilita la limpieza.<\/p>\n","protected":false},"featured_media":81311,"comment_status":"open","ping_status":"closed","template":"","meta":{"_kadence_starter_templates_imported_post":false,"_kad_post_transparent":"","_kad_post_title":"","_kad_post_layout":"","_kad_post_sidebar_id":"","_kad_post_content_style":"","_kad_post_vertical_padding":"","_kad_post_feature":"","_kad_post_feature_position":"","_kad_post_header":false,"_kad_post_footer":false},"product_brand":[],"product_cat":[424,421],"product_tag":[],"class_list":{"0":"post-81310","1":"product","2":"type-product","3":"status-publish","4":"has-post-thumbnail","6":"product_cat-guantes-de-mma","7":"product_cat-mma","8":"pa_brand-visita-la-store-de-rdx","10":"first","11":"instock","12":"shipping-taxable","13":"purchasable","14":"product-type-simple","15":"entry","16":"content-bg","17":"loop-entry"},"_links":{"self":[{"href":"https:\/\/futllermo.com\/tienda\/wp-json\/wp\/v2\/product\/81310","targetHints":{"allow":["GET"]}}],"collection":[{"href":"https:\/\/futllermo.com\/tienda\/wp-json\/wp\/v2\/product"}],"about":[{"href":"https:\/\/futllermo.com\/tienda\/wp-json\/wp\/v2\/types\/product"}],"replies":[{"embeddable":true,"href":"https:\/\/futllermo.com\/tienda\/wp-json\/wp\/v2\/comments?post=81310"}],"wp:featuredmedia":[{"embeddable":true,"href":"https:\/\/futllermo.com\/tienda\/wp-json\/wp\/v2\/media\/81311"}],"wp:attachment":[{"href":"https:\/\/futllermo.com\/tienda\/wp-json\/wp\/v2\/media?parent=81310"}],"wp:term":[{"taxonomy":"product_brand","embeddable":true,"href":"https:\/\/futllermo.com\/tienda\/wp-json\/wp\/v2\/product_brand?post=81310"},{"taxonomy":"product_cat","embeddable":true,"href":"https:\/\/futllermo.com\/tienda\/wp-json\/wp\/v2\/product_cat?post=81310"},{"taxonomy":"product_tag","embeddable":true,"href":"https:\/\/futllermo.com\/tienda\/wp-json\/wp\/v2\/product_tag?post=81310"}],"curies":[{"name":"wp","href":"https:\/\/api.w.org\/{rel}","templated":true}]}}