{"id":81295,"date":"2021-01-11T12:30:42","date_gmt":"2021-01-11T12:30:42","guid":{"rendered":"https:\/\/futllermo.com\/tienda\/producto\/wilson-federer-raqueta-unisex-adulto\/"},"modified":"2022-01-13T09:55:25","modified_gmt":"2022-01-13T09:55:25","slug":"wilson-federer-raqueta-unisex-adulto","status":"publish","type":"product","link":"https:\/\/futllermo.com\/tienda\/producto\/wilson-federer-raqueta-unisex-adulto\/","title":{"rendered":"Wilson Federer Raqueta, Unisex Adulto"},"content":{"rendered":"<p><!-- show up to 2 reviews by default --> <\/p>\n<p>Raqueta de tenis con cabeza grande para principiantes y jugadores intermedios, adecuada para jugadores que buscan una raqueta potente pero con mayor tolerancia a los fallos &#8211; Longitud extra de la raqueta para un mayor alcance &#8211; Tecnolog\u00eda Volcanic Frame para ofrecer mayor estabilidad &#8211; Peso en la empu\u00f1adura: favorece un juego de ataque con mayor sensaci\u00f3n en el swing, tama\u00f1o de empu\u00f1adura L2 (circunferencia: 106 &#8211; 108 mm) &#8211; Contenido: 1x Wilson Raqueta de tenis Federer, tama\u00f1o de empu\u00f1adura: L2, tama\u00f1o de la cabeza: 710 cm\u00b2, peso: 326 g (con cordaje), longitud: 69,2 cm, color: rojo\/negro, WRT30480U2. <\/p>\n<p>Raqueta de tenis con cabeza grande para principiantes y jugadores intermedios, adecuada para jugadores que buscan una raqueta potente pero con mayor tolerancia a los fallos<br \/>\nLongitud extra de la raqueta para un mayor alcance<br \/>\nTecnolog\u00eda Volcanic Frame para ofrecer mayor estabilidad<br \/>\nPeso en la empu\u00f1adura: favorece un juego de ataque con mayor sensaci\u00f3n en el swing, tama\u00f1o de empu\u00f1adura L2 (circunferencia: 106 &#8211; 108 mm)<br \/>\nContenido: 1x Wilson Raqueta de tenis Federer, tama\u00f1o de empu\u00f1adura: L2, tama\u00f1o de la cabeza: 710 cm\u00b2, peso: 326 g (con cordaje), longitud: 69,2 cm, color: rojo\/negro, WRT30480U2<\/p>\n","protected":false},"excerpt":{"rendered":"<p>Raqueta de tenis con cabeza grande para principiantes y jugadores intermedios, adecuada para jugadores que buscan una raqueta potente pero con mayor tolerancia a los fallos<br \/>\nLongitud extra de la raqueta para un mayor alcance<br \/>\nTecnolog\u00eda Volcanic Frame para ofrecer mayor estabilidad<\/p>\n","protected":false},"featured_media":81296,"comment_status":"open","ping_status":"closed","template":"","meta":{"_kadence_starter_templates_imported_post":false,"_kad_post_transparent":"","_kad_post_title":"","_kad_post_layout":"","_kad_post_sidebar_id":"","_kad_post_content_style":"","_kad_post_vertical_padding":"","_kad_post_feature":"","_kad_post_feature_position":"","_kad_post_header":false,"_kad_post_footer":false},"product_brand":[],"product_cat":[423,422],"product_tag":[],"class_list":{"0":"post-81295","1":"product","2":"type-product","3":"status-publish","4":"has-post-thumbnail","6":"product_cat-raquetas-de-tenis","7":"product_cat-tenis","8":"pa_brand-visita-la-store-de-wilson","10":"first","11":"instock","12":"shipping-taxable","13":"purchasable","14":"product-type-simple","15":"entry","16":"content-bg","17":"loop-entry"},"_links":{"self":[{"href":"https:\/\/futllermo.com\/tienda\/wp-json\/wp\/v2\/product\/81295","targetHints":{"allow":["GET"]}}],"collection":[{"href":"https:\/\/futllermo.com\/tienda\/wp-json\/wp\/v2\/product"}],"about":[{"href":"https:\/\/futllermo.com\/tienda\/wp-json\/wp\/v2\/types\/product"}],"replies":[{"embeddable":true,"href":"https:\/\/futllermo.com\/tienda\/wp-json\/wp\/v2\/comments?post=81295"}],"wp:featuredmedia":[{"embeddable":true,"href":"https:\/\/futllermo.com\/tienda\/wp-json\/wp\/v2\/media\/81296"}],"wp:attachment":[{"href":"https:\/\/futllermo.com\/tienda\/wp-json\/wp\/v2\/media?parent=81295"}],"wp:term":[{"taxonomy":"product_brand","embeddable":true,"href":"https:\/\/futllermo.com\/tienda\/wp-json\/wp\/v2\/product_brand?post=81295"},{"taxonomy":"product_cat","embeddable":true,"href":"https:\/\/futllermo.com\/tienda\/wp-json\/wp\/v2\/product_cat?post=81295"},{"taxonomy":"product_tag","embeddable":true,"href":"https:\/\/futllermo.com\/tienda\/wp-json\/wp\/v2\/product_tag?post=81295"}],"curies":[{"name":"wp","href":"https:\/\/api.w.org\/{rel}","templated":true}]}}